{"id":823,"date":"2023-09-30T19:49:52","date_gmt":"2023-09-30T19:49:52","guid":{"rendered":"https:\/\/www.ccen.ufpb.br\/profqui\/?page_id=823"},"modified":"2023-09-30T21:40:36","modified_gmt":"2023-09-30T21:40:36","slug":"quimica-3-quimica-da-vida-ambiente-e-materiais","status":"publish","type":"page","link":"https:\/\/www.ccen.ufpb.br\/profqui\/estrutura-academica\/disciplinas\/quimica-3-quimica-da-vida-ambiente-e-materiais\/","title":{"rendered":"QU\u00cdMICA 3 &#8211; QU\u00cdMICA DA VIDA, AMBIENTE E MATERIAIS"},"content":{"rendered":"<div id=\"pl-823\"  class=\"panel-layout\" ><div id=\"pg-823-0\"  class=\"panel-grid panel-no-style\" ><div id=\"pgc-823-0-0\"  class=\"panel-grid-cell\" ><div id=\"panel-823-0-0-0\" class=\"so-panel widget widget_sow-editor panel-first-child\" data-index=\"0\" ><div\n\t\t\t\n\t\t\tclass=\"so-widget-sow-editor so-widget-sow-editor-base\"\n\t\t\t\n\t\t>\n<div class=\"siteorigin-widget-tinymce textwidget\">\n\t<p><strong>Carga hor\u00e1ria:<\/strong> 60 horas<\/p>\n<p><strong>N\u00famero de cr\u00e9ditos:<\/strong> 04<\/p>\n<p><strong>Ementa: <\/strong>A Qu\u00edmica da vida, ambiente e materiais de fontes f\u00f3sseis e renov\u00e1veis. Inter-rela\u00e7\u00f5es qu\u00edmica-f\u00edsica-biologia-matem\u00e1tica. Tecnologias convergentes e sustentabilidade. O setor industrial qu\u00edmico. A percep\u00e7\u00e3o da qu\u00edmica pela sociedade. A contribui\u00e7\u00e3o cientifica e tecnol\u00f3gica da Qu\u00edmica (Brasil e Global) para melhoria da qualidade de vida. Nanoci\u00eancia e nanotecnologia.<\/p>\n<ol>\n<li>Introdu\u00e7\u00e3o<br \/>\n1.1 A percep\u00e7\u00e3o da qu\u00edmica pela sociedade:<br \/>\n1.1.1 A qu\u00edmica no cotidiano<br \/>\n1.1.2 A import\u00e2ncia da abordagem em sala de aula e a desmistifica\u00e7\u00e3o da qu\u00edmica no cotidiano das pessoas<br \/>\n1. 2. A contribui\u00e7\u00e3o cient\u00edfica e tecnol\u00f3gica da qu\u00edmica (Brasil e global) para melhoria da qualidade de vida<br \/>\n1.2.1. Import\u00e2ncia da qu\u00edmica na produ\u00e7\u00e3o de alimentos<br \/>\n1.2.2. Novas tecnologias para a produ\u00e7\u00e3o de energia<br \/>\n1.2.3. Avan\u00e7os no desenvolvimento de novos f\u00e1rmacos<br \/>\n1.2.4. A Qu\u00edmica no controle e monitoramento ambiental<br \/>\n1.2.5. Materiais desenvolvidos a partir de descobertas cient\u00edficas e que revolucionaram a sociedade.<\/li>\n<li>Meio ambiente e fontes f\u00f3sseis e renov\u00e1veis de energia<br \/>\n2.1. Conceitos: Problemas ambientais, preserva\u00e7\u00e3o e conserva\u00e7\u00e3o ambiental.<br \/>\n2.2. Meio ambiente e sustentabilidade.<br \/>\n2.3. Contaminantes em \u00e1guas, solos e atmosfera<br \/>\n2.4. Camada de oz\u00f4nio e a emiss\u00e3o de gases.<br \/>\n2.5. Combust\u00edveis f\u00f3sseis e polui\u00e7\u00e3o<br \/>\n2.6. Energias renov\u00e1veis<\/li>\n<li>Inter-rela\u00e7\u00f5es qu\u00edmica-f\u00edsica-biologia-matem\u00e1tica<\/li>\n<li>O setor industrial qu\u00edmico<br \/>\n4.1. Principais setores da ind\u00fastria qu\u00edmica<br \/>\n4.2. Mat\u00e9rias primas da ind\u00fastria qu\u00edmica,<br \/>\n4.3. Processos qu\u00edmicos industriais org\u00e2nicos e inorg\u00e2nicos,<br \/>\n4.4. Bioqu\u00edmica industrial e biotecnologia<br \/>\n4.5. Refino de petr\u00f3leo e petroqu\u00edmica,<br \/>\n4.6. Processos qu\u00edmicos industriais de import\u00e2ncias regionais: produ\u00e7\u00e3o de a\u00e7\u00facar e \u00e1lcool, curtume, tintas e corantes, cosm\u00e9ticos e f\u00e1rmacos, alimentos, fertilizantes, agroind\u00fastria, biocombust\u00edveis, etc\u2026<\/li>\n<li>Tecnologias convergentes<br \/>\n5.1. Defini\u00e7\u00e3o e aspectos gerais<br \/>\n5.2. Aplica\u00e7\u00f5es e impactos na sociedade.<br \/>\n5.2.1. Nanotecnologia<br \/>\n5.2.2. Biotecnologia<br \/>\n5.2.3. Tecnologias de comunica\u00e7\u00e3o e informa\u00e7\u00e3o ci\u00eancias cognitivas (neuroci\u00eancia).<br \/>\n5.2.4. Ind\u00fastria 4.0.<\/li>\n<li>Sustentabilidade:<br \/>\n6.1. Conceito de desenvolvimento sustent\u00e1vel<br \/>\n6.2. Qu\u00edmica verde<br \/>\n6.3. Princ\u00edpios e processos industriais limpos<br \/>\n6.4. Aproveitamento da biomassa renov\u00e1vel<\/li>\n<li>Nanoci\u00eancia e nanotecnologia:<br \/>\n7.1. Conceitos e princ\u00edpios b\u00e1sicos<br \/>\n7.2. Hist\u00f3ria, avan\u00e7os recentes e aplica\u00e7\u00f5es<br \/>\n7.3. Intera\u00e7\u00e3o entre luz e mat\u00e9ria<br \/>\n7.4. Ferramentas em nanotecnologia<br \/>\n7.5. Materiais manom\u00e9tricos<br \/>\n7.5.1. Nanopart\u00edculas<br \/>\n7.5.2. Nanofilmes<br \/>\n7.5.3. Nanocomp\u00f3sitos<br \/>\n7.5.4. Biomateriais<br \/>\n7.6. Nanobiotecnologia e nanomedicina: Impacto da Nanotecnologia na Medicina. Disponibiliza\u00e7\u00e3o de drogas de forma controlada.<br \/>\n7.7. Laser de po\u00e7os qu\u00e2nticos, de fios qu\u00e2nticos e de pontos qu\u00e2nticos.<br \/>\n7.8. Nanotecnolgia experimental: pr\u00e1ticas para a sala de aula<\/li>\n<li>Semicondutores e os limites da microeletr\u00f4nica<br \/>\n8.1. Teoria de bandas<br \/>\n8.2. Dopagem: semicondutores extr\u00ednsecos e intr\u00ednsecos, semicondutores do tipo p e tipo n<br \/>\n8.3. Aplica\u00e7\u00e3o de semicondutores: transistores e diodos<\/li>\n<\/ol>\n<\/div>\n<\/div><\/div><div id=\"panel-823-0-0-1\" class=\"so-panel widget widget_sow-editor panel-last-child\" data-index=\"1\" ><div\n\t\t\t\n\t\t\tclass=\"so-widget-sow-editor so-widget-sow-editor-base\"\n\t\t\t\n\t\t>\n<div class=\"siteorigin-widget-tinymce textwidget\">\n\t<p><strong>Refer\u00eancias:<\/strong><\/p>\n<ol>\n<li>Bouzon, J. D., Brand\u00e3o, J. B., Santos, T. C., Chrispino, A., Qu\u00edm. Nova Esc. 40, n\u00b0 3, p. 214-225, 2018.<\/li>\n<li>Santos, W. L. P. Qu\u00edmica &amp; Sociedade. Editora Nova Gera\u00e7\u00e3o. 2009.<\/li>\n<li>CHASSOT, Attico. Para que(m) \u00e9 \u00fatil o ensino?. Cole\u00e7\u00e3o Educa\u00e7\u00e3o em Qu\u00edmica. 4a edi\u00e7\u00e3o Ed. Uniju\u00ed. 2018.<\/li>\n<li>Noyori, The future of chemistry, Nature Chemistry 1, 5, 2009.<\/li>\n<li>Galembeck, F.; Alquimia no S\u00e9culo 21, editorial J. Braz. Chem. Soc., 22, 195, 2011.<\/li>\n<li>Molecules: The Elements and the Architecture of Everything (Ingl\u00eas), 2016, Theodore Gray.<\/li>\n<li>TOMA, H. E., Cole\u00e7\u00e3o de Qu\u00edmica Conceitual: 1. Estrutura at\u00f4mica, Liga\u00e7\u00f5es e estereoqu\u00edmica; 2. Elementos qu\u00edmicos e seus compostos; 3. Energia, estados e transforma\u00e7\u00f5es qu\u00edmicas; 4. Qu\u00edmica de coordena\u00e7\u00e3o, organomet\u00e1lica e cat\u00e1lise. 5. Qu\u00edmica bioinorg\u00e2nica e Ambiental. Editora Blucher, SP. 2012.<\/li>\n<li>Estrutura da mat\u00e9ria: uma vis\u00e3o molecular. Cadernos Tem\u00e1ticos de Qu\u00edmica Nova na Escola. Edi\u00e7\u00e3o especial, v. 4, 2001. http:\/\/qnesc.sbq.org.br\/online\/cadernos\/<\/li>\n<li>Novos materiais. Cadernos Tem\u00e1ticos de Qu\u00edmica Nova na Escola. Edi\u00e7\u00e3o especial, v. 2, 2001.<\/li>\n<li>ANTUNES, A. (organizadora). Setores da ind\u00fastria qu\u00edmica org\u00e2nica. 1ed. Rio de Janeiro: E-papers Servi\u00e7os Editoriais Ltda, 2007. 242 p.<\/li>\n<li>SHREVE, R.N.; BRINK Jr., J.A. Ind\u00fastrias de processos qu\u00edmicos. 4\u00aa ed. Rio de Janeiro: Guanabara Dois S.A., 1977. 714 p.<\/li>\n<li>GALEMBECK, F.; BARBOSA, C.A.S.; DE SOUSA, R.A. Aproveitamento sustent\u00e1vel de biomassa e de recursos naturais na inova\u00e7\u00e3o qu\u00edmica. Qu\u00edmica Nova, v. 32, n. 3, p. 571-581, 2009.<\/li>\n<li>LENARD\u00c3O, E. J.; FREITAG, R. A.; DABDOUB, M. J.; BATISTA, A. C. F.; SILVEIRA, C. C. \u201cGreen chemistry\u201d \u2013 os 12 princ\u00edpios da qu\u00edmica verde e sua inser\u00e7\u00e3o nas atividades de ensino e pesquisa, Qu\u00edmica Nova, v. 26, p. 123-129, 2003.<\/li>\n<li>VAZ JR., S. Rumo a uma Qu\u00edmica Renov\u00e1vel Brasileira a partir da Biomassa Vegetal. Revista Virtual de Qu\u00edmica, v. 9, n. 1, p. 238-247, 2017.<\/li>\n<li>TOMA, H. E., Cole\u00e7\u00e3o de Qu\u00edmica Conceitual: 6. Nanotecnologia Molecular \u2013 Materiais e Dispositivos. Editora Blucher, SP. 2016.<\/li>\n<li>Estrutura da mat\u00e9ria: uma vis\u00e3o molecular. Cadernos Tem\u00e1ticos de Qu\u00edmica Nova na Escola. Edi\u00e7\u00e3o especial, v. 4, 2001. http:\/\/qnesc.sbq.org.br\/online\/cadernos\/<\/li>\n<li>Novos materiais. Cadernos Tem\u00e1ticos de Qu\u00edmica Nova na Escola. Edi\u00e7\u00e3o especial, v. 2, 2001.<\/li>\n<li>TOMA, H. E., da Silva, D. G. E Condomitti, U., Nanotecnologia Experimental. Editora Blucher, SP. 2016.<\/li>\n<li>http:\/\/nanoyou.eu<\/li>\n<li>Bibliografia de artigos espec\u00edficos e revis\u00f5es da Qu\u00edmica Nova, Qu\u00edmica Nova na Escola, Revista Virtual de Qu\u00edmica e QNINT.<\/li>\n<\/ol>\n<\/div>\n<\/div><\/div><\/div><\/div><\/div>","protected":false},"excerpt":{"rendered":"<p>Carga hor\u00e1ria: 60 horas N\u00famero de cr\u00e9ditos: 04 Ementa: A Qu\u00edmica da vida, ambiente e materiais de fontes f\u00f3sseis e renov\u00e1veis. Inter-rela\u00e7\u00f5es qu\u00edmica-f\u00edsica-biologia-matem\u00e1tica. Tecnologias convergentes e sustentabilidade. O setor industrial qu\u00edmico. A percep\u00e7\u00e3o da qu\u00edmica pela sociedade. A contribui\u00e7\u00e3o cientifica e tecnol\u00f3gica da Qu\u00edmica (Brasil e Global) para melhoria da qualidade de vida. Nanoci\u00eancia e [&hellip;]<\/p>\n","protected":false},"author":62,"featured_media":0,"parent":219,"menu_order":0,"comment_status":"closed","ping_status":"closed","template":"","meta":{"footnotes":""},"class_list":["post-823","page","type-page","status-publish","hentry","post"],"_links":{"self":[{"href":"https:\/\/www.ccen.ufpb.br\/profqui\/wp-json\/wp\/v2\/pages\/823","targetHints":{"allow":["GET"]}}],"collection":[{"href":"https:\/\/www.ccen.ufpb.br\/profqui\/wp-json\/wp\/v2\/pages"}],"about":[{"href":"https:\/\/www.ccen.ufpb.br\/profqui\/wp-json\/wp\/v2\/types\/page"}],"author":[{"embeddable":true,"href":"https:\/\/www.ccen.ufpb.br\/profqui\/wp-json\/wp\/v2\/users\/62"}],"replies":[{"embeddable":true,"href":"https:\/\/www.ccen.ufpb.br\/profqui\/wp-json\/wp\/v2\/comments?post=823"}],"version-history":[{"count":3,"href":"https:\/\/www.ccen.ufpb.br\/profqui\/wp-json\/wp\/v2\/pages\/823\/revisions"}],"predecessor-version":[{"id":935,"href":"https:\/\/www.ccen.ufpb.br\/profqui\/wp-json\/wp\/v2\/pages\/823\/revisions\/935"}],"up":[{"embeddable":true,"href":"https:\/\/www.ccen.ufpb.br\/profqui\/wp-json\/wp\/v2\/pages\/219"}],"wp:attachment":[{"href":"https:\/\/www.ccen.ufpb.br\/profqui\/wp-json\/wp\/v2\/media?parent=823"}],"curies":[{"name":"wp","href":"https:\/\/api.w.org\/{rel}","templated":true}]}}