{"id":221,"date":"2023-09-27T17:35:26","date_gmt":"2023-09-27T17:35:26","guid":{"rendered":"https:\/\/www.ccen.ufpb.br\/profqui\/?page_id=221"},"modified":"2023-09-30T21:31:16","modified_gmt":"2023-09-30T21:31:16","slug":"matriz-curricular","status":"publish","type":"page","link":"https:\/\/www.ccen.ufpb.br\/profqui\/estrutura-academica\/matriz-curricular\/","title":{"rendered":"Matriz Curricular"},"content":{"rendered":"<div id=\"pl-221\"  class=\"panel-layout\" ><div id=\"pg-221-0\"  class=\"panel-grid panel-no-style\" ><div id=\"pgc-221-0-0\"  class=\"panel-grid-cell\" ><div id=\"panel-221-0-0-0\" class=\"so-panel widget widget_sow-editor panel-first-child panel-last-child\" data-index=\"0\" ><div\n\t\t\t\n\t\t\tclass=\"so-widget-sow-editor so-widget-sow-editor-base\"\n\t\t\t\n\t\t><h3 class=\"widget-title\">MATRIZ CURRICULAR<\/h3>\n<div class=\"siteorigin-widget-tinymce textwidget\">\n\t<p><strong>Disciplinas: <\/strong>26 cr\u00e9ditos (390 horas)<\/p>\n<p><strong>Objetivo do curso e perfil do profissional a ser formado<\/strong><\/p>\n<p>O PROFQUI \u00e9 um programa de p\u00f3s-gradua\u00e7\u00e3o, stricto sensu, na modalidade mestrado profissional, que tem como foco proporcionar forma\u00e7\u00e3o continuada qualificada e atualizada em Qu\u00edmica, considerando-se temas de pesquisa, desenvolvimento de produtos e material did\u00e1tico que seja relevante para os professores em pleno exerc\u00edcio da doc\u00eancia no Ensino M\u00e9dio do pa\u00eds.<\/p>\n<p>O Programa, de alcance nacional, visa atender, em m\u00e9dio prazo, a forma\u00e7\u00e3o continuada dos professores da Educa\u00e7\u00e3o B\u00e1sica Brasileira, que atuam na disciplina escolar Qu\u00edmica.<\/p>\n<p>O Mestrado Profissional em Qu\u00edmica est\u00e1 organizado para ser conclu\u00eddo em quatro semestres consecutivos (24 meses). Ap\u00f3s a conclus\u00e3o da parte te\u00f3rica os alunos dever\u00e3o desenvolver um trabalho de disserta\u00e7\u00e3o, envolvendo, necessariamente, temas relacionados com atividades did\u00e1ticas para o ensino m\u00e9dio.<\/p>\n<\/div>\n<\/div><\/div><\/div><\/div><\/div>","protected":false},"excerpt":{"rendered":"<p>Disciplinas: 26 cr\u00e9ditos (390 horas) Objetivo do curso e perfil do profissional a ser formado O PROFQUI \u00e9 um programa de p\u00f3s-gradua\u00e7\u00e3o, stricto sensu, na modalidade mestrado profissional, que tem como foco proporcionar forma\u00e7\u00e3o continuada qualificada e atualizada em Qu\u00edmica, considerando-se temas de pesquisa, desenvolvimento de produtos e material did\u00e1tico que seja relevante para os [&hellip;]<\/p>\n","protected":false},"author":62,"featured_media":0,"parent":262,"menu_order":0,"comment_status":"closed","ping_status":"closed","template":"","meta":{"footnotes":""},"class_list":["post-221","page","type-page","status-publish","hentry","post"],"_links":{"self":[{"href":"https:\/\/www.ccen.ufpb.br\/profqui\/wp-json\/wp\/v2\/pages\/221","targetHints":{"allow":["GET"]}}],"collection":[{"href":"https:\/\/www.ccen.ufpb.br\/profqui\/wp-json\/wp\/v2\/pages"}],"about":[{"href":"https:\/\/www.ccen.ufpb.br\/profqui\/wp-json\/wp\/v2\/types\/page"}],"author":[{"embeddable":true,"href":"https:\/\/www.ccen.ufpb.br\/profqui\/wp-json\/wp\/v2\/users\/62"}],"replies":[{"embeddable":true,"href":"https:\/\/www.ccen.ufpb.br\/profqui\/wp-json\/wp\/v2\/comments?post=221"}],"version-history":[{"count":3,"href":"https:\/\/www.ccen.ufpb.br\/profqui\/wp-json\/wp\/v2\/pages\/221\/revisions"}],"predecessor-version":[{"id":930,"href":"https:\/\/www.ccen.ufpb.br\/profqui\/wp-json\/wp\/v2\/pages\/221\/revisions\/930"}],"up":[{"embeddable":true,"href":"https:\/\/www.ccen.ufpb.br\/profqui\/wp-json\/wp\/v2\/pages\/262"}],"wp:attachment":[{"href":"https:\/\/www.ccen.ufpb.br\/profqui\/wp-json\/wp\/v2\/media?parent=221"}],"curies":[{"name":"wp","href":"https:\/\/api.w.org\/{rel}","templated":true}]}}