{"id":217,"date":"2023-09-27T17:33:49","date_gmt":"2023-09-27T17:33:49","guid":{"rendered":"https:\/\/www.ccen.ufpb.br\/profqui\/?page_id=217"},"modified":"2023-09-30T17:06:05","modified_gmt":"2023-09-30T17:06:05","slug":"linhas-de-pesquisa","status":"publish","type":"page","link":"https:\/\/www.ccen.ufpb.br\/profqui\/estrutura-academica\/linhas-de-pesquisa\/","title":{"rendered":"Linhas de Pesquisa"},"content":{"rendered":"<div id=\"pl-217\"  class=\"panel-layout\" ><div id=\"pg-217-0\"  class=\"panel-grid panel-no-style\" ><div id=\"pgc-217-0-0\"  class=\"panel-grid-cell\" ><div id=\"panel-217-0-0-0\" class=\"so-panel widget widget_sow-editor panel-first-child panel-last-child\" data-index=\"0\" ><div\n\t\t\t\n\t\t\tclass=\"so-widget-sow-editor so-widget-sow-editor-base\"\n\t\t\t\n\t\t><h3 class=\"widget-title\">LINHAS DE PESQUISA<\/h3>\n<div class=\"siteorigin-widget-tinymce textwidget\">\n\t<\/div>\n<\/div><\/div><\/div><\/div><div id=\"pg-217-1\"  class=\"panel-grid panel-no-style\" ><div id=\"pgc-217-1-0\"  class=\"panel-grid-cell\" ><div id=\"panel-217-1-0-0\" class=\"so-panel widget widget_sow-editor panel-first-child panel-last-child\" data-index=\"1\" ><div class=\"panel-widget-style panel-widget-style-for-217-1-0-0\" ><div\n\t\t\t\n\t\t\tclass=\"so-widget-sow-editor so-widget-sow-editor-base\"\n\t\t\t\n\t\t>\n<div class=\"siteorigin-widget-tinymce textwidget\">\n\t<h2><span style=\"color: #2a7fff;\"><strong>LP1<\/strong><\/span><\/h2>\n<hr \/>\n<h3><span style=\"color: #2a7fff;\"><strong>Novas tecnologias e comunica\u00e7\u00e3o<\/strong><\/span><\/h3>\n<\/div>\n<\/div><\/div><\/div><\/div><div id=\"pgc-217-1-1\"  class=\"panel-grid-cell\" ><div id=\"panel-217-1-1-0\" class=\"so-panel widget widget_sow-editor panel-first-child panel-last-child\" data-index=\"2\" ><div\n\t\t\t\n\t\t\tclass=\"so-widget-sow-editor so-widget-sow-editor-base\"\n\t\t\t\n\t\t>\n<div class=\"siteorigin-widget-tinymce textwidget\">\n\t<h5>Esta linha de pesquisa explora, de modo cr\u00edtico e reflexivo, a produ\u00e7\u00e3o e utiliza\u00e7\u00e3o das tecnologias da informa\u00e7\u00e3o e comunica\u00e7\u00e3o e da evolu\u00e7\u00e3o tecnol\u00f3gica nos processos de forma\u00e7\u00e3o, ensino e aprendizagem. Explora ainda a divulga\u00e7\u00e3o cient\u00edfica como um dos aspectos centrais da produ\u00e7\u00e3o dos saberes cient\u00edficos sob o ponto de vista hist\u00f3rico-s\u00f3cio cultural e te\u00f3rico-metodol\u00f3gico. Busca, por outro lado, produzir materiais multim\u00eddias de natureza did\u00e1tico-pedag\u00f3gico que contribuam para melhor desempenho das atividades de divulga\u00e7\u00e3o e de ensino de Qu\u00edmica, focalizando inclusive as plataformas m\u00f3veis como ve\u00edculos para a apropria\u00e7\u00e3o da cultura qu\u00edmica escolar.<\/h5>\n<\/div>\n<\/div><\/div><\/div><\/div><div id=\"pg-217-2\"  class=\"panel-grid panel-no-style\" ><div id=\"pgc-217-2-0\"  class=\"panel-grid-cell\" ><div id=\"panel-217-2-0-0\" class=\"so-panel widget widget_sow-editor panel-first-child panel-last-child\" data-index=\"3\" ><div class=\"panel-widget-style panel-widget-style-for-217-2-0-0\" ><div\n\t\t\t\n\t\t\tclass=\"so-widget-sow-editor so-widget-sow-editor-base\"\n\t\t\t\n\t\t>\n<div class=\"siteorigin-widget-tinymce textwidget\">\n\t<h2><span style=\"color: #2a7fff;\"><strong>LP2<\/strong><\/span><\/h2>\n<hr \/>\n<h3><span style=\"color: #2a7fff;\"><strong>Qu\u00edmica ambiental e energia<\/strong><\/span><\/h3>\n<\/div>\n<\/div><\/div><\/div><\/div><div id=\"pgc-217-2-1\"  class=\"panel-grid-cell\" ><div id=\"panel-217-2-1-0\" class=\"so-panel widget widget_sow-editor panel-first-child panel-last-child\" data-index=\"4\" ><div\n\t\t\t\n\t\t\tclass=\"so-widget-sow-editor so-widget-sow-editor-base\"\n\t\t\t\n\t\t>\n<div class=\"siteorigin-widget-tinymce textwidget\">\n\t<h5>Esta linha de pesquisa investiga as dimens\u00f5es hist\u00f3ricas, culturais e novas abordagens de cunho cient\u00edfico, te\u00f3rico e experimental, dos processos ambientais e energ\u00e9ticos em geral. Estuda as formas de rela\u00e7\u00e3o da Qu\u00edmica com o ambiente, tendo em vista ser uma modalidade da ci\u00eancia que se manifesta na sociedade em ampla conflu\u00eancia com a tecnologia. Procura desenvolver projetos de produtos e processos voltados para o uso em sala de aula, laborat\u00f3rio e espa\u00e7os n\u00e3o formais, al\u00e9m de avaliar materiais did\u00e1ticos, com foco em Qu\u00edmica ambiental e energia, al\u00e9m de estudar as ferramentas te\u00f3rico\/metodol\u00f3gicas, bem como os fundamentos cient\u00edficos que os justifiquem.<\/h5>\n<\/div>\n<\/div><\/div><\/div><\/div><div id=\"pg-217-3\"  class=\"panel-grid panel-no-style\" ><div id=\"pgc-217-3-0\"  class=\"panel-grid-cell\" ><div id=\"panel-217-3-0-0\" class=\"so-panel widget widget_sow-editor panel-first-child panel-last-child\" data-index=\"5\" ><div class=\"panel-widget-style panel-widget-style-for-217-3-0-0\" ><div\n\t\t\t\n\t\t\tclass=\"so-widget-sow-editor so-widget-sow-editor-base\"\n\t\t\t\n\t\t>\n<div class=\"siteorigin-widget-tinymce textwidget\">\n\t<h2><span style=\"color: #2a7fff;\"><strong>LP3<\/strong><\/span><\/h2>\n<hr \/>\n<h3><span style=\"color: #2a7fff;\"><strong>Qu\u00edmica da vida<\/strong><\/span><\/h3>\n<\/div>\n<\/div><\/div><\/div><\/div><div id=\"pgc-217-3-1\"  class=\"panel-grid-cell\" ><div id=\"panel-217-3-1-0\" class=\"so-panel widget widget_sow-editor panel-first-child panel-last-child\" data-index=\"6\" ><div\n\t\t\t\n\t\t\tclass=\"so-widget-sow-editor so-widget-sow-editor-base\"\n\t\t\t\n\t\t>\n<div class=\"siteorigin-widget-tinymce textwidget\">\n\t<h5>Esta linha de pesquisa investiga as dimens\u00f5es hist\u00f3ricas, culturais e novas abordagens de cunho cient\u00edfico, te\u00f3rico e experimental, da qu\u00edmica dos produtos naturais, f\u00e1rmacos e processos biol\u00f3gicos. Estuda as formas de rela\u00e7\u00e3o da Qu\u00edmica com outras disciplinas, tais como a Biologia e a Ci\u00eancia de Alimentos, na dimens\u00e3o do Ensino B\u00e1sico. Procura desenvolver projetos e din\u00e2micas multidisciplinares voltadas para o uso em sala de aula, laborat\u00f3rio e espa\u00e7os n\u00e3o formais, al\u00e9m de avaliar e propor materiais did\u00e1ticos, com foco no tema da Vida, al\u00e9m de estudar as ferramentas te\u00f3rico\/metodol\u00f3gicas, bem como os fundamentos cient\u00edficos necess\u00e1rios para o seu desenvolvimento.<\/h5>\n<\/div>\n<\/div><\/div><\/div><\/div><div id=\"pg-217-4\"  class=\"panel-grid panel-no-style\" ><div id=\"pgc-217-4-0\"  class=\"panel-grid-cell\" ><div id=\"panel-217-4-0-0\" class=\"so-panel widget widget_sow-editor panel-first-child panel-last-child\" data-index=\"7\" ><div class=\"panel-widget-style panel-widget-style-for-217-4-0-0\" ><div\n\t\t\t\n\t\t\tclass=\"so-widget-sow-editor so-widget-sow-editor-base\"\n\t\t\t\n\t\t>\n<div class=\"siteorigin-widget-tinymce textwidget\">\n\t<h2><span style=\"color: #2a7fff;\"><strong>LP4<\/strong><\/span><\/h2>\n<hr \/>\n<h3><span style=\"color: #2a7fff;\"><strong>Novos materiais<\/strong><\/span><\/h3>\n<\/div>\n<\/div><\/div><\/div><\/div><div id=\"pgc-217-4-1\"  class=\"panel-grid-cell\" ><div class=\"so-rounded panel-cell-style panel-cell-style-for-217-4-1\" ><div id=\"panel-217-4-1-0\" class=\"so-panel widget widget_sow-editor panel-first-child panel-last-child\" data-index=\"8\" ><div\n\t\t\t\n\t\t\tclass=\"so-widget-sow-editor so-widget-sow-editor-base\"\n\t\t\t\n\t\t>\n<div class=\"siteorigin-widget-tinymce textwidget\">\n\t<h5>Esta linha de pesquisa investiga as dimens\u00f5es hist\u00f3ricas, culturais e novas abordagens de cunho cient\u00edfico, te\u00f3rico e experimental, da qu\u00edmica dos novos materiais e dos processos de inova\u00e7\u00e3o, seus impactos sociais, riscos e limita\u00e7\u00f5es em suas diferentes dimens\u00f5es na contemporaneidade. Estuda as formas de rela\u00e7\u00e3o da qu\u00edmica com outras disciplinas, tais como a F\u00edsica e a Matem\u00e1tica, na dimens\u00e3o do Ensino B\u00e1sico. Procura desenvolver projetos e din\u00e2micas multidisciplinares voltadas para o uso em sala de aula, laborat\u00f3rio e espa\u00e7os n\u00e3o formais, al\u00e9m de e avaliar e propor materiais did\u00e1ticos, com foco no tema de novos materiais, al\u00e9m de estudar as ferramentas te\u00f3rico\/metodol\u00f3gicas, bem como os fundamentos cient\u00edficos necess\u00e1rios para o seu desenvolvimento.<\/h5>\n<\/div>\n<\/div><\/div><\/div><\/div><\/div><\/div>","protected":false},"excerpt":{"rendered":"<p>LP1 Novas tecnologias e comunica\u00e7\u00e3o Esta linha de pesquisa explora, de modo cr\u00edtico e reflexivo, a produ\u00e7\u00e3o e utiliza\u00e7\u00e3o das tecnologias da informa\u00e7\u00e3o e comunica\u00e7\u00e3o e da evolu\u00e7\u00e3o tecnol\u00f3gica nos processos de forma\u00e7\u00e3o, ensino e aprendizagem. Explora ainda a divulga\u00e7\u00e3o cient\u00edfica como um dos aspectos centrais da produ\u00e7\u00e3o dos saberes cient\u00edficos sob o ponto de [&hellip;]<\/p>\n","protected":false},"author":62,"featured_media":0,"parent":262,"menu_order":0,"comment_status":"closed","ping_status":"closed","template":"","meta":{"footnotes":""},"class_list":["post-217","page","type-page","status-publish","hentry","post"],"_links":{"self":[{"href":"https:\/\/www.ccen.ufpb.br\/profqui\/wp-json\/wp\/v2\/pages\/217","targetHints":{"allow":["GET"]}}],"collection":[{"href":"https:\/\/www.ccen.ufpb.br\/profqui\/wp-json\/wp\/v2\/pages"}],"about":[{"href":"https:\/\/www.ccen.ufpb.br\/profqui\/wp-json\/wp\/v2\/types\/page"}],"author":[{"embeddable":true,"href":"https:\/\/www.ccen.ufpb.br\/profqui\/wp-json\/wp\/v2\/users\/62"}],"replies":[{"embeddable":true,"href":"https:\/\/www.ccen.ufpb.br\/profqui\/wp-json\/wp\/v2\/comments?post=217"}],"version-history":[{"count":37,"href":"https:\/\/www.ccen.ufpb.br\/profqui\/wp-json\/wp\/v2\/pages\/217\/revisions"}],"predecessor-version":[{"id":764,"href":"https:\/\/www.ccen.ufpb.br\/profqui\/wp-json\/wp\/v2\/pages\/217\/revisions\/764"}],"up":[{"embeddable":true,"href":"https:\/\/www.ccen.ufpb.br\/profqui\/wp-json\/wp\/v2\/pages\/262"}],"wp:attachment":[{"href":"https:\/\/www.ccen.ufpb.br\/profqui\/wp-json\/wp\/v2\/media?parent=217"}],"curies":[{"name":"wp","href":"https:\/\/api.w.org\/{rel}","templated":true}]}}