{"id":203,"date":"2023-09-27T16:38:11","date_gmt":"2023-09-27T16:38:11","guid":{"rendered":"https:\/\/www.ccen.ufpb.br\/profqui\/?page_id=203"},"modified":"2023-09-30T13:54:24","modified_gmt":"2023-09-30T13:54:24","slug":"coordenacao-nacional-e-comite-gestor","status":"publish","type":"page","link":"https:\/\/www.ccen.ufpb.br\/profqui\/institucional\/coordenacao\/coordenacao-nacional-e-comite-gestor\/","title":{"rendered":"Coordena\u00e7\u00e3o Nacional e Comit\u00ea Gestor"},"content":{"rendered":"<div id=\"pl-203\"  class=\"panel-layout\" ><div id=\"pg-203-0\"  class=\"panel-grid panel-no-style\" ><div id=\"pgc-203-0-0\"  class=\"panel-grid-cell\" ><div id=\"panel-203-0-0-0\" class=\"so-panel widget widget_sow-editor panel-first-child panel-last-child\" data-index=\"0\" ><div\n\t\t\t\n\t\t\tclass=\"so-widget-sow-editor so-widget-sow-editor-base\"\n\t\t\t\n\t\t><h3 class=\"widget-title\">COORDENADORAS NACIONAIS<\/h3>\n<div class=\"siteorigin-widget-tinymce textwidget\">\n\t<\/div>\n<\/div><\/div><\/div><\/div><div id=\"pg-203-1\"  class=\"panel-grid panel-no-style\" ><div id=\"pgc-203-1-0\"  class=\"panel-grid-cell\" ><div id=\"panel-203-1-0-0\" class=\"so-panel widget widget_sow-image panel-first-child panel-last-child\" data-index=\"1\" ><div class=\"so-rounded panel-widget-style panel-widget-style-for-203-1-0-0\" ><div\n\t\t\t\n\t\t\tclass=\"so-widget-sow-image so-widget-sow-image-default-1919eb5fda18-203\"\n\t\t\t\n\t\t>\n<div class=\"sow-image-container\">\n\t\t\t<a href=\"https:\/\/www.iq.ufrj.br\/social\/barbara-vasconcellos-da-silva\/\"\n\t\t\ttarget=\"_blank\" rel=\"noopener noreferrer\" \t\t>\n\t\t\t<img \n\tsrc=\"https:\/\/www.ccen.ufpb.br\/profqui\/wp-content\/uploads\/sites\/115\/sites\/116\/2023\/09\/Foto_Barbara-e1695908208244.jpg\" width=\"169\" height=\"214\" sizes=\"(max-width: 169px) 100vw, 169px\" title=\"B\u00e1rbara Vasconcellos da Silva\" alt=\"\" \t\tclass=\"so-widget-image\"\/>\n\t\t\t<\/a><\/div>\n\n<h3 class=\"widget-title\">\t\t<a href=\"https:\/\/www.iq.ufrj.br\/social\/barbara-vasconcellos-da-silva\/\"\n\t\t\ttarget=\"_blank\" rel=\"noopener noreferrer\" \t\t>\n\t\tB\u00e1rbara Vasconcellos da Silva<\/a><\/h3><\/div><\/div><\/div><\/div><div id=\"pgc-203-1-1\"  class=\"panel-grid-cell\" ><div id=\"panel-203-1-1-0\" class=\"so-panel widget widget_sow-image panel-first-child panel-last-child\" data-index=\"2\" ><div class=\"so-rounded panel-widget-style panel-widget-style-for-203-1-1-0\" ><div\n\t\t\t\n\t\t\tclass=\"so-widget-sow-image so-widget-sow-image-default-1919eb5fda18-203\"\n\t\t\t\n\t\t>\n<div class=\"sow-image-container\">\n\t\t\t<a href=\"https:\/\/www.iq.ufrj.br\/social\/michelle-jakeline-cunha-rezende\/\"\n\t\t\ttarget=\"_blank\" rel=\"noopener noreferrer\" \t\t>\n\t\t\t<img \n\tsrc=\"https:\/\/www.ccen.ufpb.br\/profqui\/wp-content\/uploads\/sites\/115\/sites\/116\/2023\/09\/Michelle-Jakeline-Cunha-Rezende-200x300-1-e1695908106891.jpg\" width=\"200\" height=\"191\" sizes=\"(max-width: 200px) 100vw, 200px\" title=\"Michelle Jakeline Cunha Rezende\" alt=\"\" \t\tclass=\"so-widget-image\"\/>\n\t\t\t<\/a><\/div>\n\n<h3 class=\"widget-title\">\t\t<a href=\"https:\/\/www.iq.ufrj.br\/social\/michelle-jakeline-cunha-rezende\/\"\n\t\t\ttarget=\"_blank\" rel=\"noopener noreferrer\" \t\t>\n\t\tMichelle Jakeline Cunha Rezende<\/a><\/h3><\/div><\/div><\/div><\/div><\/div><div id=\"pg-203-2\"  class=\"panel-grid panel-no-style\" ><div id=\"pgc-203-2-0\"  class=\"panel-grid-cell\" ><div id=\"panel-203-2-0-0\" class=\"so-panel widget widget_sow-editor panel-first-child panel-last-child\" data-index=\"3\" ><div\n\t\t\t\n\t\t\tclass=\"so-widget-sow-editor so-widget-sow-editor-base\"\n\t\t\t\n\t\t><h3 class=\"widget-title\">COMIT\u00ca GESTOR<\/h3>\n<div class=\"siteorigin-widget-tinymce textwidget\">\n\t<\/div>\n<\/div><\/div><\/div><\/div><div id=\"pg-203-3\"  class=\"panel-grid panel-no-style\" ><div id=\"pgc-203-3-0\"  class=\"panel-grid-cell\" ><div id=\"panel-203-3-0-0\" class=\"so-panel widget widget_sow-image panel-first-child panel-last-child\" data-index=\"4\" ><div\n\t\t\t\n\t\t\tclass=\"so-widget-sow-image so-widget-sow-image-default-113ccd71f3e6-203\"\n\t\t\t\n\t\t>\n<div class=\"sow-image-container\">\n\t\t<img \n\tsrc=\"https:\/\/www.ccen.ufpb.br\/profqui\/wp-content\/uploads\/sites\/115\/sites\/116\/2023\/09\/marca-ufrj-horizontal-positiva-e1695910305904.png\" width=\"247\" height=\"130\" sizes=\"(max-width: 247px) 100vw, 247px\" title=\"B\u00e1rbara Vasconcellos da Silva\" alt=\"\" \t\tclass=\"so-widget-image\"\/>\n\t<\/div>\n\n<h3 class=\"widget-title\">B\u00e1rbara Vasconcellos da Silva<\/h3><\/div><\/div><\/div><div id=\"pgc-203-3-1\"  class=\"panel-grid-cell\" ><div id=\"panel-203-3-1-0\" class=\"so-panel widget widget_sow-image panel-first-child panel-last-child\" data-index=\"5\" ><div\n\t\t\t\n\t\t\tclass=\"so-widget-sow-image so-widget-sow-image-default-113ccd71f3e6-203\"\n\t\t\t\n\t\t>\n<div class=\"sow-image-container\">\n\t\t<img \n\tsrc=\"https:\/\/www.ccen.ufpb.br\/profqui\/wp-content\/uploads\/sites\/115\/sites\/116\/2023\/09\/marca-ufrj-horizontal-positiva-e1695910305904.png\" width=\"247\" height=\"130\" sizes=\"(max-width: 247px) 100vw, 247px\" title=\"Michelle Jakeline Cunha Rezende\" alt=\"\" \t\tclass=\"so-widget-image\"\/>\n\t<\/div>\n\n<h3 class=\"widget-title\">Michelle Jakeline Cunha Rezende<\/h3><\/div><\/div><\/div><div id=\"pgc-203-3-2\"  class=\"panel-grid-cell\" ><div id=\"panel-203-3-2-0\" class=\"so-panel widget widget_sow-image panel-first-child panel-last-child\" data-index=\"6\" ><div\n\t\t\t\n\t\t\tclass=\"so-widget-sow-image so-widget-sow-image-default-113ccd71f3e6-203\"\n\t\t\t\n\t\t>\n<div class=\"sow-image-container\">\n\t\t<img \n\tsrc=\"https:\/\/www.ccen.ufpb.br\/profqui\/wp-content\/uploads\/sites\/115\/sites\/116\/2023\/09\/UFMG-logo-8-e1695916911938.png\" width=\"190\" height=\"61\" sizes=\"(max-width: 190px) 100vw, 190px\" title=\"Rossimiriam Pereira de Freitas\" alt=\"\" \t\tclass=\"so-widget-image\"\/>\n\t<\/div>\n\n<h3 class=\"widget-title\">Rossimiriam Pereira de Freitas<\/h3><\/div><\/div><\/div><\/div><div id=\"pg-203-4\"  class=\"panel-grid panel-no-style\" ><div id=\"pgc-203-4-0\"  class=\"panel-grid-cell\" ><div id=\"panel-203-4-0-0\" class=\"so-panel widget widget_sow-image panel-first-child panel-last-child\" data-index=\"7\" ><div\n\t\t\t\n\t\t\tclass=\"so-widget-sow-image so-widget-sow-image-default-113ccd71f3e6-203\"\n\t\t\t\n\t\t>\n<div class=\"sow-image-container\">\n\t\t<img \n\tsrc=\"https:\/\/www.ccen.ufpb.br\/profqui\/wp-content\/uploads\/sites\/115\/sites\/116\/2023\/09\/NovoBrasao-UFRPE-e1695910748422.png\" width=\"100\" height=\"162\" sizes=\"(max-width: 100px) 100vw, 100px\" title=\"Bruno Silva Leite\" alt=\"\" \t\tclass=\"so-widget-image\"\/>\n\t<\/div>\n\n<h3 class=\"widget-title\">Bruno Silva Leite<\/h3><\/div><\/div><\/div><div id=\"pgc-203-4-1\"  class=\"panel-grid-cell\" ><div id=\"panel-203-4-1-0\" class=\"so-panel widget widget_sow-image panel-first-child panel-last-child\" data-index=\"8\" ><div\n\t\t\t\n\t\t\tclass=\"so-widget-sow-image so-widget-sow-image-default-113ccd71f3e6-203\"\n\t\t\t\n\t\t>\n<div class=\"sow-image-container\">\n\t\t<img \n\tsrc=\"https:\/\/www.ccen.ufpb.br\/profqui\/wp-content\/uploads\/sites\/115\/sites\/116\/2023\/09\/marca-ufrj-horizontal-positiva-e1695910305904.png\" width=\"247\" height=\"130\" sizes=\"(max-width: 247px) 100vw, 247px\" title=\"Sergio de Paula Machado\" alt=\"\" \t\tclass=\"so-widget-image\"\/>\n\t<\/div>\n\n<h3 class=\"widget-title\">Sergio de Paula Machado<\/h3><\/div><\/div><\/div><div id=\"pgc-203-4-2\"  class=\"panel-grid-cell\" ><div id=\"panel-203-4-2-0\" class=\"so-panel widget widget_sow-image panel-first-child panel-last-child\" data-index=\"9\" ><div\n\t\t\t\n\t\t\tclass=\"so-widget-sow-image so-widget-sow-image-default-113ccd71f3e6-203\"\n\t\t\t\n\t\t>\n<div class=\"sow-image-container\">\n\t\t<img \n\tsrc=\"https:\/\/www.ccen.ufpb.br\/profqui\/wp-content\/uploads\/sites\/115\/sites\/116\/2023\/09\/marca-ufrj-horizontal-positiva-e1695910305904.png\" width=\"247\" height=\"130\" sizes=\"(max-width: 247px) 100vw, 247px\" title=\"Marta Elo\u00edsa Medeiros\" alt=\"\" \t\tclass=\"so-widget-image\"\/>\n\t<\/div>\n\n<h3 class=\"widget-title\">Marta Elo\u00edsa Medeiros<\/h3><\/div><\/div><\/div><\/div><div id=\"pg-203-5\"  class=\"panel-grid panel-no-style\" ><div id=\"pgc-203-5-0\"  class=\"panel-grid-cell\" ><div id=\"panel-203-5-0-0\" class=\"so-panel widget widget_sow-image panel-first-child panel-last-child\" data-index=\"10\" ><div\n\t\t\t\n\t\t\tclass=\"so-widget-sow-image so-widget-sow-image-default-113ccd71f3e6-203\"\n\t\t\t\n\t\t>\n<div class=\"sow-image-container\">\n\t\t<img \n\tsrc=\"https:\/\/www.ccen.ufpb.br\/profqui\/wp-content\/uploads\/sites\/115\/sites\/116\/2023\/09\/Ufrgs-logo-5-112971937-e1695910996534.png\" width=\"170\" height=\"134\" sizes=\"(max-width: 170px) 100vw, 170px\" title=\"Jos\u00e9 Ribeiro Greg\u00f3rio\" alt=\"\" \t\tclass=\"so-widget-image\"\/>\n\t<\/div>\n\n<h3 class=\"widget-title\">Jos\u00e9 Ribeiro Greg\u00f3rio<\/h3><\/div><\/div><\/div><div id=\"pgc-203-5-1\"  class=\"panel-grid-cell\" ><div id=\"panel-203-5-1-0\" class=\"so-panel widget widget_sow-image panel-first-child panel-last-child\" data-index=\"11\" ><div\n\t\t\t\n\t\t\tclass=\"so-widget-sow-image so-widget-sow-image-default-113ccd71f3e6-203\"\n\t\t\t\n\t\t>\n<div class=\"sow-image-container\">\n\t\t<img \n\tsrc=\"https:\/\/www.ccen.ufpb.br\/profqui\/wp-content\/uploads\/sites\/115\/sites\/116\/2023\/09\/UFG-e1695911200973.png\" width=\"185\" height=\"103\" sizes=\"(max-width: 185px) 100vw, 185px\" title=\"M\u00e1rlon Herbert Flora Barbosa Soares\" alt=\"\" \t\tclass=\"so-widget-image\"\/>\n\t<\/div>\n\n<h3 class=\"widget-title\">M\u00e1rlon Herbert Flora Barbosa Soares<\/h3><\/div><\/div><\/div><div id=\"pgc-203-5-2\"  class=\"panel-grid-cell\" ><div id=\"panel-203-5-2-0\" class=\"so-panel widget widget_sow-image panel-first-child panel-last-child\" data-index=\"12\" ><div\n\t\t\t\n\t\t\tclass=\"so-widget-sow-image so-widget-sow-image-default-113ccd71f3e6-203\"\n\t\t\t\n\t\t>\n<div class=\"sow-image-container\">\n\t\t<img \n\tsrc=\"https:\/\/www.ccen.ufpb.br\/profqui\/wp-content\/uploads\/sites\/115\/sites\/116\/2023\/09\/ufpr-e1695911314493.png\" width=\"160\" height=\"104\" sizes=\"(max-width: 160px) 100vw, 160px\" title=\"Shirley Nakagaki\" alt=\"\" \t\tclass=\"so-widget-image\"\/>\n\t<\/div>\n\n<h3 class=\"widget-title\">Shirley Nakagaki<\/h3><\/div><\/div><\/div><\/div><div id=\"pg-203-6\"  class=\"panel-grid panel-no-style\" ><div id=\"pgc-203-6-0\"  class=\"panel-grid-cell\" ><div id=\"panel-203-6-0-0\" class=\"so-panel widget widget_sow-image panel-first-child panel-last-child\" data-index=\"13\" ><div\n\t\t\t\n\t\t\tclass=\"so-widget-sow-image so-widget-sow-image-default-113ccd71f3e6-203\"\n\t\t\t\n\t\t>\n<div class=\"sow-image-container\">\n\t\t<img \n\tsrc=\"https:\/\/www.ccen.ufpb.br\/profqui\/wp-content\/uploads\/sites\/115\/sites\/116\/2023\/09\/uesc_logo2-e1695911439102.png\" width=\"180\" height=\"66\" sizes=\"(max-width: 180px) 100vw, 180px\" title=\"Iranilda Carvalho da Silva (Representante Discente - Titular)\" alt=\"\" \t\tclass=\"so-widget-image\"\/>\n\t<\/div>\n\n<h3 class=\"widget-title\">Iranilda Carvalho da Silva (Representante Discente - Titular)<\/h3><\/div><\/div><\/div><div id=\"pgc-203-6-1\"  class=\"panel-grid-cell\" ><div id=\"panel-203-6-1-0\" class=\"so-panel widget widget_sow-image panel-first-child panel-last-child\" data-index=\"14\" ><div\n\t\t\t\n\t\t\tclass=\"so-widget-sow-image so-widget-sow-image-default-113ccd71f3e6-203\"\n\t\t\t\n\t\t>\n<div class=\"sow-image-container\">\n\t\t<img \n\tsrc=\"https:\/\/www.ccen.ufpb.br\/profqui\/wp-content\/uploads\/sites\/115\/sites\/116\/2023\/09\/UFTM2-e1695911620268.png\" width=\"160\" height=\"116\" sizes=\"(max-width: 160px) 100vw, 160px\" title=\"Adelaide dos Santos Corr\u00eaa da Silva (Representante Discente - Suplente)\" alt=\"\" \t\tclass=\"so-widget-image\"\/>\n\t<\/div>\n\n<h3 class=\"widget-title\">Adelaide dos Santos Corr\u00eaa da Silva (Representante Discente - Suplente)<\/h3><\/div><\/div><\/div><\/div><\/div>","protected":false},"excerpt":{"rendered":"<p>COORDENADORAS NACIONAIS B\u00e1rbara Vasconcellos da Silva Michelle Jakeline Cunha RezendeCOMIT\u00ca GESTOR B\u00e1rbara Vasconcellos da Silva Michelle Jakeline Cunha Rezende Rossimiriam Pereira de Freitas Bruno Silva Leite Sergio de Paula Machado Marta Elo\u00edsa Medeiros Jos\u00e9 Ribeiro Greg\u00f3rio M\u00e1rlon Herbert Flora Barbosa Soares Shirley Nakagaki Iranilda Carvalho da Silva (Representante Discente &#8211; Titular) Adelaide dos Santos Corr\u00eaa [&hellip;]<\/p>\n","protected":false},"author":62,"featured_media":0,"parent":212,"menu_order":0,"comment_status":"closed","ping_status":"closed","template":"","meta":{"footnotes":""},"class_list":["post-203","page","type-page","status-publish","hentry","post"],"_links":{"self":[{"href":"https:\/\/www.ccen.ufpb.br\/profqui\/wp-json\/wp\/v2\/pages\/203","targetHints":{"allow":["GET"]}}],"collection":[{"href":"https:\/\/www.ccen.ufpb.br\/profqui\/wp-json\/wp\/v2\/pages"}],"about":[{"href":"https:\/\/www.ccen.ufpb.br\/profqui\/wp-json\/wp\/v2\/types\/page"}],"author":[{"embeddable":true,"href":"https:\/\/www.ccen.ufpb.br\/profqui\/wp-json\/wp\/v2\/users\/62"}],"replies":[{"embeddable":true,"href":"https:\/\/www.ccen.ufpb.br\/profqui\/wp-json\/wp\/v2\/comments?post=203"}],"version-history":[{"count":88,"href":"https:\/\/www.ccen.ufpb.br\/profqui\/wp-json\/wp\/v2\/pages\/203\/revisions"}],"predecessor-version":[{"id":613,"href":"https:\/\/www.ccen.ufpb.br\/profqui\/wp-json\/wp\/v2\/pages\/203\/revisions\/613"}],"up":[{"embeddable":true,"href":"https:\/\/www.ccen.ufpb.br\/profqui\/wp-json\/wp\/v2\/pages\/212"}],"wp:attachment":[{"href":"https:\/\/www.ccen.ufpb.br\/profqui\/wp-json\/wp\/v2\/media?parent=203"}],"curies":[{"name":"wp","href":"https:\/\/api.w.org\/{rel}","templated":true}]}}