{"id":125,"date":"2024-02-16T11:24:14","date_gmt":"2024-02-16T11:24:14","guid":{"rendered":"https:\/\/www.ccen.ufpb.br\/laqa2\/?page_id=125"},"modified":"2025-10-03T13:54:58","modified_gmt":"2025-10-03T16:54:58","slug":"missao-3","status":"publish","type":"page","link":"https:\/\/www.ccen.ufpb.br\/laqa\/missao-3\/","title":{"rendered":"Miss\u00e3o"},"content":{"rendered":"\n<p>O LAQA \u00e9 destinado \u00e0s atividades de ensino em pleno funcionamento, garantindo a qualidade do processo de aprendizagem nas aulas pr\u00e1ticas no ensino de Qu\u00edmica.<\/p>\n","protected":false},"excerpt":{"rendered":"<p>O LAQA \u00e9 destinado \u00e0s atividades de ensino em pleno funcionamento, garantindo a qualidade do [&hellip;]<\/p>\n","protected":false},"author":79,"featured_media":0,"parent":0,"menu_order":1,"comment_status":"closed","ping_status":"closed","template":"","meta":{"footnotes":""},"class_list":["post-125","page","type-page","status-publish","hentry"],"_links":{"self":[{"href":"https:\/\/www.ccen.ufpb.br\/laqa\/wp-json\/wp\/v2\/pages\/125","targetHints":{"allow":["GET"]}}],"collection":[{"href":"https:\/\/www.ccen.ufpb.br\/laqa\/wp-json\/wp\/v2\/pages"}],"about":[{"href":"https:\/\/www.ccen.ufpb.br\/laqa\/wp-json\/wp\/v2\/types\/page"}],"author":[{"embeddable":true,"href":"https:\/\/www.ccen.ufpb.br\/laqa\/wp-json\/wp\/v2\/users\/79"}],"replies":[{"embeddable":true,"href":"https:\/\/www.ccen.ufpb.br\/laqa\/wp-json\/wp\/v2\/comments?post=125"}],"version-history":[{"count":3,"href":"https:\/\/www.ccen.ufpb.br\/laqa\/wp-json\/wp\/v2\/pages\/125\/revisions"}],"predecessor-version":[{"id":156,"href":"https:\/\/www.ccen.ufpb.br\/laqa\/wp-json\/wp\/v2\/pages\/125\/revisions\/156"}],"wp:attachment":[{"href":"https:\/\/www.ccen.ufpb.br\/laqa\/wp-json\/wp\/v2\/media?parent=125"}],"curies":[{"name":"wp","href":"https:\/\/api.w.org\/{rel}","templated":true}]}}