{"id":25,"date":"2025-10-05T19:06:21","date_gmt":"2025-10-05T22:06:21","guid":{"rendered":"https:\/\/www.ccen.ufpb.br\/dbm\/?page_id=25"},"modified":"2025-12-03T09:11:18","modified_gmt":"2025-12-03T12:11:18","slug":"quem-somos","status":"publish","type":"page","link":"https:\/\/www.ccen.ufpb.br\/dbm\/quem-somos\/","title":{"rendered":"Quem Somos"},"content":{"rendered":"\n<p class=\"has-text-align-center has-very-light-gray-to-cyan-bluish-gray-gradient-background has-background has-medium-font-size\"><strong>Apresenta\u00e7\u00e3o<\/strong><\/p>\n\n\n\n<p>O Departamento de Biologia Molecular (DBM) \u00e9 uma Unidade Acad\u00eamica, de ensino, pesquisa e extens\u00e3o, vinculada ao Centro de Ci\u00eancias Exatas e da Natureza (CCEN), localizado no <em>Campus<\/em> I (Jo\u00e3o Pessoa\/PB), da Universidade Federal da Para\u00edba (UFPB). As <strong>\u00c1reas do Conhecimento<\/strong> abrangidas pelo DBM s\u00e3o: <strong>Biof\u00edsica, Biologia Celular, Bioqu\u00edmica, Gen\u00e9tica<\/strong>.<\/p>\n\n\n\n<p><strong>Cursos atendidos:<\/strong> Biomedicina (CCS), Biotecnologia (CBIOTEC) <em>(s\u00f3 optativa)<\/em>, Ci\u00eancias Biol\u00f3gicas (Bacharelado) (CCEN), Ci\u00eancias Biol\u00f3gicas (EAD) (CCEN), Ci\u00eancias Biol\u00f3gicas (Licenciatura) (CCEN), Educa\u00e7\u00e3o F\u00edsica (CCS), Enfermagem (CCS), Engenharia de Alimentos (CT), Farm\u00e1cia (CCS), F\u00edsica (CCEN) <em>(s\u00f3 optativa)<\/em>, Fisioterapia (CCS), Fonoaudiologia (CCS) <em>(s\u00f3 optativa, a partir de 2024.1)<\/em>, Medicina (CCM), Nutri\u00e7\u00e3o (CCS), Odontologia (CCS), Qu\u00edmica (CCEN) <em>(s\u00f3 optativa)<\/em>, Tecnologia de Alimentos (CTDR), Tecnologia Sucroalcooleira (CTDR), Terapia Ocupacional\u00a0(CCS).<\/p>\n\n\n\n<p class=\"has-text-align-center has-very-light-gray-to-cyan-bluish-gray-gradient-background has-background has-medium-font-size\"><strong>Chefia<\/strong><\/p>\n\n\n\n<ul class=\"wp-block-list\">\n<li><strong>Chefe:<\/strong> Profa. Glaucia Verissimo Faheina Martins (de 13\/02\/2025 a 12\/02\/2027);<\/li>\n<\/ul>\n\n\n\n<ul class=\"wp-block-list\">\n<li><strong>Vice-Chefe:<\/strong> Prof. Pedro Roberto Pontes Santo (de 13\/02\/2025 a 12\/02\/2027).<\/li>\n<\/ul>\n\n\n\n<p class=\"has-text-align-center has-very-light-gray-to-cyan-bluish-gray-gradient-background has-background has-medium-font-size\"><strong>Secretaria<\/strong><\/p>\n\n\n\n<ul class=\"wp-block-list\">\n<li><strong>Secret\u00e1rio:<\/strong> Carlos Cesar Sim\u00f5es;<\/li>\n<\/ul>\n\n\n\n<ul class=\"wp-block-list\">\n<li><strong>Assistente em Administra\u00e7\u00e3o:<\/strong> Dione Alves Porto de Almeida.<\/li>\n<\/ul>\n\n\n\n<p class=\"has-text-align-center has-very-light-gray-to-cyan-bluish-gray-gradient-background has-background has-medium-font-size\"><strong>Contatos<\/strong><\/p>\n\n\n\n<ul class=\"wp-block-list\">\n<li>Telefone: + 55 (83) 3216-7787 (Chefia);<\/li>\n\n\n\n<li>Telefone: + 55 (83) 3216-7436 (Secretaria)<\/li>\n\n\n\n<li>E-mail: <a href=\"mailto:chefia@dbm.ufpb.br\">chefia@dbm.ufpb.br<\/a><\/li>\n<\/ul>\n\n\n\n<p class=\" \"><\/p>\n\n\n\n<p><\/p>\n","protected":false},"excerpt":{"rendered":"<p>Apresenta\u00e7\u00e3o O Departamento de Biologia Molecular (DBM) \u00e9 uma Unidade Acad\u00eamica, de ensino, pesquisa e [&hellip;]<\/p>\n","protected":false},"author":47,"featured_media":0,"parent":0,"menu_order":0,"comment_status":"closed","ping_status":"closed","template":"","meta":{"footnotes":""},"class_list":["post-25","page","type-page","status-publish","hentry"],"_links":{"self":[{"href":"https:\/\/www.ccen.ufpb.br\/dbm\/wp-json\/wp\/v2\/pages\/25","targetHints":{"allow":["GET"]}}],"collection":[{"href":"https:\/\/www.ccen.ufpb.br\/dbm\/wp-json\/wp\/v2\/pages"}],"about":[{"href":"https:\/\/www.ccen.ufpb.br\/dbm\/wp-json\/wp\/v2\/types\/page"}],"author":[{"embeddable":true,"href":"https:\/\/www.ccen.ufpb.br\/dbm\/wp-json\/wp\/v2\/users\/47"}],"replies":[{"embeddable":true,"href":"https:\/\/www.ccen.ufpb.br\/dbm\/wp-json\/wp\/v2\/comments?post=25"}],"version-history":[{"count":18,"href":"https:\/\/www.ccen.ufpb.br\/dbm\/wp-json\/wp\/v2\/pages\/25\/revisions"}],"predecessor-version":[{"id":354,"href":"https:\/\/www.ccen.ufpb.br\/dbm\/wp-json\/wp\/v2\/pages\/25\/revisions\/354"}],"wp:attachment":[{"href":"https:\/\/www.ccen.ufpb.br\/dbm\/wp-json\/wp\/v2\/media?parent=25"}],"curies":[{"name":"wp","href":"https:\/\/api.w.org\/{rel}","templated":true}]}}