{"id":27,"date":"2026-04-17T15:01:42","date_gmt":"2026-04-17T18:01:42","guid":{"rendered":"https:\/\/www.ccen.ufpb.br\/cccb\/?page_id=27"},"modified":"2026-04-17T15:01:42","modified_gmt":"2026-04-17T18:01:42","slug":"procedimentos","status":"publish","type":"page","link":"https:\/\/www.ccen.ufpb.br\/cccb\/procedimentos\/","title":{"rendered":"Procedimentos"},"content":{"rendered":"\n<p><a href=\"http:\/\/plone.ufpb.br\/cccb\/contents\/procedimentos\/orientacoes-sobre-matricula\">Realiza\u00e7\u00e3o de matr\u00edculas<\/a><\/p>\n\n\n\n<p><a href=\"http:\/\/plone.ufpb.br\/cccb\/contents\/procedimentos\/diploma\">Diploma<\/a><\/p>\n\n\n\n<p><a href=\"http:\/\/plone.ufpb.br\/cccb\/contents\/procedimentos\/conteudos-flexiveis\">Conte\u00fados Flex\u00edveis<\/a><\/p>\n\n\n\n<p><a href=\"http:\/\/plone.ufpb.br\/cccb\/contents\/procedimentos\/aproveitamentos-de-disciplinas\">Aproveitamento de disciplina<\/a><\/p>\n\n\n\n<p><a href=\"http:\/\/plone.ufpb.br\/cccb\/contents\/procedimentos\/abertura-de-processos\">Abertura de processos<\/a><\/p>\n\n\n\n<p><a href=\"http:\/\/plone.ufpb.br\/cccb\/contents\/procedimentos\/procedimentos-para-colacao-de-grau\">Cola\u00e7\u00e3o de grau<\/a><\/p>\n\n\n\n<p><a href=\"http:\/\/plone.ufpb.br\/cccb\/contents\/procedimentos\/pedido-de-regime-domiciliar\">Pedido de Regime Domiciliar<\/a><\/p>\n\n\n\n<p><a href=\"http:\/\/plone.ufpb.br\/cccb\/contents\/documentos\/tutorialsigaasiag1.pdf\">Tutorial B\u00e1sico Acesso ao Sigaa<\/a><\/p>\n\n\n\n<p><a href=\"http:\/\/plone.ufpb.br\/cccb\/contents\/documentos\/tutorialtrancamentodeprogramaoudisciplina.pdf\">Tutorial para Trancamento<\/a><\/p>\n","protected":false},"excerpt":{"rendered":"<p>Realiza\u00e7\u00e3o de matr\u00edculas Diploma Conte\u00fados Flex\u00edveis Aproveitamento de disciplina Abertura de processos Cola\u00e7\u00e3o de grau [&hellip;]<\/p>\n","protected":false},"author":47,"featured_media":0,"parent":0,"menu_order":0,"comment_status":"closed","ping_status":"closed","template":"","meta":{"footnotes":""},"class_list":["post-27","page","type-page","status-publish","hentry"],"_links":{"self":[{"href":"https:\/\/www.ccen.ufpb.br\/cccb\/wp-json\/wp\/v2\/pages\/27","targetHints":{"allow":["GET"]}}],"collection":[{"href":"https:\/\/www.ccen.ufpb.br\/cccb\/wp-json\/wp\/v2\/pages"}],"about":[{"href":"https:\/\/www.ccen.ufpb.br\/cccb\/wp-json\/wp\/v2\/types\/page"}],"author":[{"embeddable":true,"href":"https:\/\/www.ccen.ufpb.br\/cccb\/wp-json\/wp\/v2\/users\/47"}],"replies":[{"embeddable":true,"href":"https:\/\/www.ccen.ufpb.br\/cccb\/wp-json\/wp\/v2\/comments?post=27"}],"version-history":[{"count":1,"href":"https:\/\/www.ccen.ufpb.br\/cccb\/wp-json\/wp\/v2\/pages\/27\/revisions"}],"predecessor-version":[{"id":28,"href":"https:\/\/www.ccen.ufpb.br\/cccb\/wp-json\/wp\/v2\/pages\/27\/revisions\/28"}],"wp:attachment":[{"href":"https:\/\/www.ccen.ufpb.br\/cccb\/wp-json\/wp\/v2\/media?parent=27"}],"curies":[{"name":"wp","href":"https:\/\/api.w.org\/{rel}","templated":true}]}}