{"id":25,"date":"2026-04-17T15:01:17","date_gmt":"2026-04-17T18:01:17","guid":{"rendered":"https:\/\/www.ccen.ufpb.br\/cccb\/?page_id=25"},"modified":"2026-04-17T15:01:17","modified_gmt":"2026-04-17T18:01:17","slug":"documentos-licenciatura","status":"publish","type":"page","link":"https:\/\/www.ccen.ufpb.br\/cccb\/documentos-licenciatura\/","title":{"rendered":"Documentos Licenciatura"},"content":{"rendered":"\n<p><a href=\"http:\/\/plone.ufpb.br\/cccb\/contents\/documentos\/fluxograma-2018-2.pdf\">Fluxograma 2018 Licenciatura Diurno<\/a>&nbsp;&#8211; Fluxograma atual Licenciatura Diurno.<\/p>\n\n\n\n<p><a href=\"http:\/\/plone.ufpb.br\/cccb\/contents\/documentos\/fluxograma-licenciatura-noturno.pdf\">Fluxograma Licenciatura Noturno<\/a>&nbsp;&#8211; Fluxograma em andamento do curso de Licenciatura Noturno.<\/p>\n\n\n\n<p><a href=\"http:\/\/plone.ufpb.br\/cccb\/contents\/documentos\/declaracao-de-orientacao_tacc-1.doc\">Declara\u00e7\u00e3o de Orientador para o TACC<\/a><\/p>\n\n\n\n<p><a href=\"http:\/\/plone.ufpb.br\/cccb\/contents\/documentos\/requerimento-de-prorrogacao-de-prazo-de-conclusao.docx\">Requerimento Prorroga\u00e7\u00e3o de Prazo de Conclus\u00e3o&nbsp;<\/a><\/p>\n\n\n\n<p><a href=\"http:\/\/plone.ufpb.br\/cccb\/contents\/documentos\/requerimento-de-regime-domiciliar.docx\">Requerimento de Regime Domiciliar<\/a><\/p>\n\n\n\n<p><a href=\"http:\/\/plone.ufpb.br\/cccb\/contents\/documentos\/requerimento-conteudos-flexiveis.doc\">Requerimento para solicita\u00e7\u00e3o de dispensa de Conte\u00fados Flex\u00edveis<\/a><\/p>\n\n\n\n<p><a href=\"http:\/\/plone.ufpb.br\/cccb\/contents\/documentos\/requerimento-aproveit-de-estudos-ambos.doc\">Requerimento de Dispensa de disciplina<\/a><\/p>\n\n\n\n<p><a href=\"http:\/\/plone.ufpb.br\/cccb\/contents\/documentos\/RECURSOAOCONSEPEFormulriopadro1.pdf\">Recurso ao Consepe<\/a><\/p>\n\n\n\n<p><a href=\"http:\/\/plone.ufpb.br\/cccb\/contents\/documentos\/modelo-reposicao-aluno.docx\">Requerimento de Reposi\u00e7\u00e3o<\/a><\/p>\n\n\n\n<p><a href=\"http:\/\/plone.ufpb.br\/cccb\/contents\/documentos\/requerimento-colacao-de-grau-em-separado.docx\">Requerimento de cola\u00e7\u00e3o de grau em separado<\/a><\/p>\n\n\n\n<p><a href=\"http:\/\/plone.ufpb.br\/cccb\/contents\/documentos\/requerimento-trancamento-de-disciplina.docx\">Requerimento Trancamento Fora do Prazo<\/a><\/p>\n\n\n\n<p><a href=\"http:\/\/plone.ufpb.br\/cccb\/contents\/documentos\/requerimento-trancamento-abaixo.docx\">Requerimento Trancamento Abaixo dos Cr\u00e9ditos<\/a><\/p>\n\n\n\n<p><a href=\"http:\/\/plone.ufpb.br\/cccb\/contents\/documentos\/requerimento-matricula-abaixo.docx\">Requerimento Matr\u00edcula Abaixo dos Cr\u00e9ditos<\/a><\/p>\n\n\n\n<p><a href=\"http:\/\/plone.ufpb.br\/cccb\/contents\/documentos\/requerimento-mat-abaixo-lic.docx\">Requerimento de Matr\u00edcula Fora do Prazo<\/a><\/p>\n\n\n\n<p><a href=\"http:\/\/plone.ufpb.br\/cccb\/contents\/documentos\/requerimento-quebra.docx\">Requerimento Quebra de Pr\u00e9-requisito<\/a><\/p>\n\n\n\n<p><a href=\"http:\/\/plone.ufpb.br\/cccb\/contents\/documentos\/requerimento-abreviacao-de-curso.docx\">&nbsp;REQUERIMENTO PARA ABREVIA\u00c7\u00c3O DE CURSO<\/a><\/p>\n\n\n\n<p><a href=\"http:\/\/plone.ufpb.br\/cccb\/contents\/documentos\/Req_Reativao_Vnculo_Licenciatura.docx\">Requerimento para Reativa\u00e7\u00e3o de V\u00ednculo<\/a><\/p>\n\n\n\n<p><a href=\"http:\/\/plone.ufpb.br\/cccb\/contents\/documentos\/requerimentoderevisaodeprova.docx\">Requerimento de Revis\u00e3o de Prova<\/a><\/p>\n\n\n\n<p><a href=\"http:\/\/plone.ufpb.br\/cccb\/contents\/documentos\/DeclaraoDadosCadastrais.docx\">&nbsp;Declara\u00e7\u00e3o de Confer\u00eancia de Dados Cadastrais para Emiss\u00e3o de Diploma<\/a><\/p>\n","protected":false},"excerpt":{"rendered":"<p>Fluxograma 2018 Licenciatura Diurno&nbsp;&#8211; Fluxograma atual Licenciatura Diurno. Fluxograma Licenciatura Noturno&nbsp;&#8211; Fluxograma em andamento do [&hellip;]<\/p>\n","protected":false},"author":47,"featured_media":0,"parent":0,"menu_order":0,"comment_status":"closed","ping_status":"closed","template":"","meta":{"footnotes":""},"class_list":["post-25","page","type-page","status-publish","hentry"],"_links":{"self":[{"href":"https:\/\/www.ccen.ufpb.br\/cccb\/wp-json\/wp\/v2\/pages\/25","targetHints":{"allow":["GET"]}}],"collection":[{"href":"https:\/\/www.ccen.ufpb.br\/cccb\/wp-json\/wp\/v2\/pages"}],"about":[{"href":"https:\/\/www.ccen.ufpb.br\/cccb\/wp-json\/wp\/v2\/types\/page"}],"author":[{"embeddable":true,"href":"https:\/\/www.ccen.ufpb.br\/cccb\/wp-json\/wp\/v2\/users\/47"}],"replies":[{"embeddable":true,"href":"https:\/\/www.ccen.ufpb.br\/cccb\/wp-json\/wp\/v2\/comments?post=25"}],"version-history":[{"count":1,"href":"https:\/\/www.ccen.ufpb.br\/cccb\/wp-json\/wp\/v2\/pages\/25\/revisions"}],"predecessor-version":[{"id":26,"href":"https:\/\/www.ccen.ufpb.br\/cccb\/wp-json\/wp\/v2\/pages\/25\/revisions\/26"}],"wp:attachment":[{"href":"https:\/\/www.ccen.ufpb.br\/cccb\/wp-json\/wp\/v2\/media?parent=25"}],"curies":[{"name":"wp","href":"https:\/\/api.w.org\/{rel}","templated":true}]}}