{"id":23,"date":"2026-04-17T15:00:55","date_gmt":"2026-04-17T18:00:55","guid":{"rendered":"https:\/\/www.ccen.ufpb.br\/cccb\/?page_id=23"},"modified":"2026-04-17T15:00:55","modified_gmt":"2026-04-17T18:00:55","slug":"documentos-bacharelado","status":"publish","type":"page","link":"https:\/\/www.ccen.ufpb.br\/cccb\/documentos-bacharelado\/","title":{"rendered":"Documentos Bacharelado"},"content":{"rendered":"\n<p><a href=\"http:\/\/plone.ufpb.br\/cccb\/contents\/documentos\/FluxogramaporperodocomFlex19022025.pdf\">Fluxograma Bacharelado 2025<\/a><\/p>\n\n\n\n<p><a href=\"http:\/\/plone.ufpb.br\/cccb\/contents\/documentos\/fluxograma-bacharelado-2015-1.pdf\">Fluxograma 2015<\/a>&nbsp;&#8211; Fluxograma curr\u00edculo 2006 do Bacharelado<\/p>\n\n\n\n<p><a href=\"http:\/\/plone.ufpb.br\/cccb\/contents\/documentos\/declaracao-de-orientacao_tacc-1.doc\">Declara\u00e7\u00e3o de Orientador para o TACC<\/a><\/p>\n\n\n\n<p><a href=\"http:\/\/plone.ufpb.br\/cccb\/contents\/documentos\/ANEXO1NOVADeclarao_ESparaPPC2006Dez2024.pdf\">Declara\u00e7\u00e3o de Orientador do Est\u00e1gio Supervisionado<\/a><\/p>\n\n\n\n<p><a href=\"http:\/\/plone.ufpb.br\/cccb\/contents\/documentos\/requerimento-de-prorrogacao-de-prazo-de-conclusao.docx\">Requerimento Prorroga\u00e7\u00e3o de Prazo de Conclus\u00e3o&nbsp;<\/a><\/p>\n\n\n\n<p><a href=\"http:\/\/plone.ufpb.br\/cccb\/contents\/documentos\/requerimento-de-regime-domiciliar.docx\">Requerimento de Regime Domiciliar<\/a><\/p>\n\n\n\n<p><a href=\"http:\/\/plone.ufpb.br\/cccb\/contents\/documentos\/requerimento-conteudos-flexiveis.doc\">Requerimento para solicita\u00e7\u00e3o de dispensa de Conte\u00fados Flex\u00edveis<\/a><\/p>\n\n\n\n<p><a href=\"http:\/\/plone.ufpb.br\/cccb\/contents\/documentos\/Requerimento.pdf\">Requerimento para Optativas de Livre Escolha<\/a><\/p>\n\n\n\n<p><a href=\"http:\/\/plone.ufpb.br\/cccb\/contents\/documentos\/requerimento-aproveit-de-estudos-ambos.doc\">Requerimento de Dispensa de disciplina<\/a><\/p>\n\n\n\n<p><a href=\"http:\/\/plone.ufpb.br\/cccb\/contents\/documentos\/RECURSOAOCONSEPEFormulriopadro1.pdf\">Recurso ao Consepe<\/a><\/p>\n\n\n\n<p><a href=\"http:\/\/plone.ufpb.br\/cccb\/contents\/documentos\/modelo-reposicao-aluno.docx\">&nbsp;Requerimento de Reposi\u00e7\u00e3o<\/a><\/p>\n\n\n\n<p><a href=\"http:\/\/plone.ufpb.br\/cccb\/contents\/documentos\/requerimento-colacao-de-grau-em-separado.docx\">Requerimento de cola\u00e7\u00e3o de grau em separado<\/a><\/p>\n\n\n\n<p><a href=\"http:\/\/plone.ufpb.br\/cccb\/contents\/documentos\/requerimento-trancamento-de-disciplina.docx\">Requerimento Trancamento Fora do Prazo<\/a><\/p>\n\n\n\n<p><a href=\"http:\/\/plone.ufpb.br\/cccb\/contents\/documentos\/requerimento-trancamento-abaixo.docx\">&nbsp;Requerimento Trancamento Abaixo dos cr\u00e9ditos<\/a><\/p>\n\n\n\n<p><a href=\"http:\/\/plone.ufpb.br\/cccb\/contents\/documentos\/requerimento-matricula-abaixo.docx\">Requerimento de Matr\u00edcula Abaixo dos Cr\u00e9ditos<\/a><\/p>\n\n\n\n<p><a href=\"http:\/\/plone.ufpb.br\/cccb\/contents\/documentos\/requerimento-mat-abaixo-bach.docx\">Requerimento de Matr\u00edcula Fora do Prazo<\/a><\/p>\n\n\n\n<p><a href=\"http:\/\/plone.ufpb.br\/cccb\/contents\/documentos\/requerimento-quebra.docx\">requerimento de Quebra de Pr\u00e9-requisito<\/a><\/p>\n\n\n\n<p><a href=\"http:\/\/plone.ufpb.br\/cccb\/contents\/documentos\/requerimento-abreviacao-de-curso.docx\">REQUERIMENTO PARA ABREVIA\u00c7\u00c3O DE CURSO<\/a><\/p>\n\n\n\n<p><a href=\"http:\/\/plone.ufpb.br\/cccb\/contents\/documentos\/requerimentoderevisaodeprova.docx\">Requerimento de Revis\u00e3o de Prova<\/a><\/p>\n\n\n\n<p><a href=\"http:\/\/plone.ufpb.br\/cccb\/contents\/documentos\/Req_Reativao_Vnculo_Bach.docx\">Requerimento de Reativa\u00e7\u00e3o de V\u00ednculo<\/a><\/p>\n\n\n\n<p><a href=\"http:\/\/plone.ufpb.br\/cccb\/contents\/documentos\/DeclaraoDadosCadastrais.docx\">Declara\u00e7\u00e3o&nbsp;Confer\u00eancia de Dados Cadastrais para Emiss\u00e3o de Diploma&nbsp;<\/a><\/p>\n","protected":false},"excerpt":{"rendered":"<p>Fluxograma Bacharelado 2025 Fluxograma 2015&nbsp;&#8211; Fluxograma curr\u00edculo 2006 do Bacharelado Declara\u00e7\u00e3o de Orientador para o [&hellip;]<\/p>\n","protected":false},"author":47,"featured_media":0,"parent":0,"menu_order":0,"comment_status":"closed","ping_status":"closed","template":"","meta":{"footnotes":""},"class_list":["post-23","page","type-page","status-publish","hentry"],"_links":{"self":[{"href":"https:\/\/www.ccen.ufpb.br\/cccb\/wp-json\/wp\/v2\/pages\/23","targetHints":{"allow":["GET"]}}],"collection":[{"href":"https:\/\/www.ccen.ufpb.br\/cccb\/wp-json\/wp\/v2\/pages"}],"about":[{"href":"https:\/\/www.ccen.ufpb.br\/cccb\/wp-json\/wp\/v2\/types\/page"}],"author":[{"embeddable":true,"href":"https:\/\/www.ccen.ufpb.br\/cccb\/wp-json\/wp\/v2\/users\/47"}],"replies":[{"embeddable":true,"href":"https:\/\/www.ccen.ufpb.br\/cccb\/wp-json\/wp\/v2\/comments?post=23"}],"version-history":[{"count":1,"href":"https:\/\/www.ccen.ufpb.br\/cccb\/wp-json\/wp\/v2\/pages\/23\/revisions"}],"predecessor-version":[{"id":24,"href":"https:\/\/www.ccen.ufpb.br\/cccb\/wp-json\/wp\/v2\/pages\/23\/revisions\/24"}],"wp:attachment":[{"href":"https:\/\/www.ccen.ufpb.br\/cccb\/wp-json\/wp\/v2\/media?parent=23"}],"curies":[{"name":"wp","href":"https:\/\/api.w.org\/{rel}","templated":true}]}}