{"id":21,"date":"2026-04-17T14:59:50","date_gmt":"2026-04-17T17:59:50","guid":{"rendered":"https:\/\/www.ccen.ufpb.br\/cccb\/?page_id=21"},"modified":"2026-04-17T14:59:50","modified_gmt":"2026-04-17T17:59:50","slug":"legislacao","status":"publish","type":"page","link":"https:\/\/www.ccen.ufpb.br\/cccb\/legislacao\/","title":{"rendered":"Legisla\u00e7\u00e3o"},"content":{"rendered":"\n<p><a href=\"http:\/\/plone.ufpb.br\/cccb\/contents\/documentos\/ppp-lcb-2018.pdf\"><br>Novo PPC da Licenciatura 2018<\/a>&nbsp;&#8211; Projeto Pedag\u00f3gico Curricular do Curso de Licenciatura em Ci\u00eancias Biol\u00f3gicas.<\/p>\n\n\n\n<p><a href=\"http:\/\/plone.ufpb.br\/cccb\/contents\/documentos\/PPC2025CORPOcompg.pdf\">Novo PPC do Bacharelado 2025<\/a>&nbsp;&#8211;&nbsp;<a href=\"http:\/\/plone.ufpb.br\/cccb\/contents\/documentos\/PPC2025ANEXOScomResCONSUNIDCBcompg.pdf\">Anexos PPC 2025&nbsp;<\/a>&#8211;&nbsp; Projeto Pedag\u00f3gico Curricular do Curso de Bacharelado em Ci\u00eancias Biol\u00f3gicas.<\/p>\n\n\n\n<p><a href=\"http:\/\/plone.ufpb.br\/cccb\/contents\/documentos\/regulamento-da-graduacao-resolucao-29-2020-consepe-ufpb.pdf\">Resolu\u00e7\u00e3o 29\/20 do Consepe<\/a>&nbsp;&#8211; Resolu\u00e7\u00e3o dos cursos de gradua\u00e7\u00e3o da UFPB.<\/p>\n\n\n\n<p><a href=\"http:\/\/plone.ufpb.br\/cccb\/contents\/documentos\/ppp-curso-ciencias-biologicas-consepe-iii-07.pdf\">Projeto Pol\u00edtico Pedag\u00f3gico do Cursos de Biologia 2015<\/a>&nbsp;&#8211; Projeto que trata da organiza\u00e7\u00e3o acad\u00eamica do curso.<\/p>\n\n\n\n<p><a href=\"http:\/\/plone.ufpb.br\/cccb\/contents\/documentos\/Resoluo_Consepe_n_09_2025PPCBachBiolgicas.pdf\">Resolu\u00e7\u00e3o 09\/2025<\/a>&nbsp;&#8211; Aprova o Projeto Pedag\u00f3gico do Curso de Ci\u00eancias&nbsp;Biol\u00f3gicas, Bacharelado, do Centro de Ci\u00eancias&nbsp;Exatas e da Natureza\/CCEN, Campus I, desta&nbsp;Universidade.<\/p>\n\n\n\n<p><a href=\"http:\/\/plone.ufpb.br\/cccb\/contents\/documentos\/ResoluoCCCB012025MigraoPPC20062025.pdf\">Resolu\u00e7\u00e3o 01\/25<\/a>&nbsp;&#8211;&nbsp;Regulamenta a transi\u00e7\u00e3o\/migra\u00e7\u00e3o entre os Projetos&nbsp;Pedag\u00f3gicos do Curso de Gradua\u00e7\u00e3o em Bacharelado&nbsp;em Ci\u00eancias Biol\u00f3gicas de 2006 e de 2025.<\/p>\n\n\n\n<p><a href=\"http:\/\/plone.ufpb.br\/cccb\/contents\/documentos\/Res_CCCB_N_02_2025_Aproveitamento_de_CCFlex_PPC_2025.pdf\">Resolu\u00e7\u00e3o CCCB N\u00ba 02\/2025<\/a>&nbsp;&#8211;&nbsp;Regulamenta o aproveitamento de atividades como&nbsp;<strong>Conte\u00fado Complementar Flex\u00edvel<\/strong>&nbsp;para efeito da&nbsp;integraliza\u00e7\u00e3o curricular do Bacharelado em&nbsp;Ci\u00eancias Biol\u00f3gicas do CCEN\/UFPB.<\/p>\n\n\n\n<p><a href=\"http:\/\/plone.ufpb.br\/cccb\/contents\/documentos\/Res_CCCB_N_03_2025_Aproveitamento_de_OLE_PPC_2025.pdf\">Resolu\u00e7\u00e3o CCCB N\u00ba 03\/2025<\/a>&nbsp;&#8211;&nbsp;Regulamenta o aproveitamento de&nbsp;<strong>Optativas de Livre Escolha \u2013 OLE<\/strong>&nbsp;no&nbsp;Curso de Bacharelado em Ci\u00eancias&nbsp;Biol\u00f3gicas do CCEN.<\/p>\n\n\n\n<p><a href=\"http:\/\/plone.ufpb.br\/cccb\/contents\/documentos\/REGIMENTOINTERNODOCCEN.pdf\">Regimento Interno do CCEN<\/a><\/p>\n\n\n\n<p><a href=\"http:\/\/plone.ufpb.br\/cccb\/contents\/documentos\/resolucao-01cccb.pdf\">Resolu\u00e7\u00e3o 01\/16 CCCB&nbsp;<\/a>&#8211; Resolu\u00e7\u00e3o que regulamenta a pontua\u00e7\u00e3o de certificados para dispensa dos cr\u00e9ditos flex\u00edveis dos cursos de Ci\u00eancias Biol\u00f3gicas.<\/p>\n\n\n\n<p><a href=\"http:\/\/plone.ufpb.br\/cccb\/contents\/documentos\/resp23-19.pdf\">Resolu\u00e7\u00e3o 23\/19<\/a>&nbsp;&#8211;&nbsp;Aprova o Projeto Pedag\u00f3gico do Curso de Gradua\u00e7\u00e3o de Licenciatura em Ci\u00eancias Biol\u00f3gicas, do Centro de Ci\u00eancias Exatas e da Natureza, Campus I, desta Universidade.<\/p>\n\n\n\n<p><a href=\"http:\/\/plone.ufpb.br\/cccb\/contents\/documentos\/resolucao-004-2011.pdf\">Resolu\u00e7\u00e3o 04\/2011<\/a>&nbsp;&#8211;&nbsp;Regulamenta o funcionamento e d\u00e1 outras provid\u00eancias em rela\u00e7\u00e3o aos Est\u00e1gios Supervisionados I, II, III e IV do Curso de Bacharelado em Ci\u00eancias Biol\u00f3gicas do Projeto Pedag\u00f3gico de Curso da Resolu\u00e7\u00e3o CONSEPE 65\/2006.<\/p>\n\n\n\n<p><a href=\"http:\/\/plone.ufpb.br\/cccb\/contents\/documentos\/copy_of_instrucaonormativa12022diplomadigital.pdf\">INSTRU\u00c7\u00c3O NORMATIVA N\u00ba 1 \/ 2022 &#8211; PRG<\/a>&nbsp;&#8211;&nbsp;Estabelece os procedimentos administrativos relacionados ao protocolo das solicita\u00e7\u00f5es de emiss\u00e3o de diploma digital de gradua\u00e7\u00e3o no \u00e2mbito da Universidade Federal da Para\u00edba.<\/p>\n\n\n\n<p><a href=\"http:\/\/plone.ufpb.br\/cccb\/contents\/documentos\/resolucao-cccb-ndeg-06-2011-tacc-4.pdf\">Resolu\u00e7\u00e3o CCCB 06\/2011<\/a>&nbsp;&#8211;&nbsp;Regulamenta o funcionamento, e d\u00e1 outras provid\u00eancias em rela\u00e7\u00e3o \u00e0 Disciplina Trabalho Acad\u00eamico de Conclus\u00e3o de Curso ou TACC do Curso de Bacharelado em Ci\u00eancias Biol\u00f3gicas do da Resolu\u00e7\u00e3o CONSEPE 65\/2006.<\/p>\n\n\n\n<p><a href=\"http:\/\/plone.ufpb.br\/cccb\/contents\/documentos\/portaria_tacc_revisada_out_2016_atual.pdf\">Portaria 01\/2012 CCCB<\/a>&nbsp;&#8211; Regulamenta o modelo de apresenta\u00e7\u00e3o do Trabalho Acad\u00eamico de Conclus\u00e3o de Curso (TACC) dos Cursos de Ci\u00eancias Biol\u00f3gicas, Bacharelado e Licenciatura da Resolu\u00e7\u00e3o CONSEPE 65\/2006.<\/p>\n\n\n\n<p>Di\u00e1rio Oficial &#8211;&nbsp;<a href=\"http:\/\/plone.ufpb.br\/cccb\/contents\/documentos\/ato-autorizativo-1.pdf\">P\u00e1g. 1<\/a>&nbsp;\/&nbsp;<a href=\"http:\/\/plone.ufpb.br\/cccb\/contents\/documentos\/ato-autorizativo-2.pdf\">P\u00e1g. 2<\/a>&nbsp;&#8211; Ato autorizativo de funcionamento dos cursos de Ci\u00eancias Biol\u00f3gicas.<\/p>\n\n\n\n<p><a href=\"http:\/\/plone.ufpb.br\/cccb\/contents\/documentos\/portaria-920_2018_renovacao_cursos_enade-2017.pdf\">Portaria de Renova\u00e7\u00e3o 2018&nbsp;<\/a><\/p>\n\n\n\n<p><a href=\"http:\/\/plone.ufpb.br\/cccb\/contents\/documentos\/conceitos-enade-e-idd_2017.pdf\">Enade e Conceito IDD&nbsp;<\/a>&#8211; 2018<\/p>\n\n\n\n<p><a href=\"http:\/\/plone.ufpb.br\/cccb\/contents\/documentos\/16010057925075070000313399.pdf\">Relat\u00f3rio Enade 2022<\/a>&nbsp;&#8211; Bacharelado<\/p>\n\n\n\n<p><a href=\"http:\/\/plone.ufpb.br\/cccb\/contents\/documentos\/16020057925075070000013399.pdf\">Relat\u00f3rio Enade 2022&nbsp;<\/a>&#8211; Licenciatura<\/p>\n\n\n\n<p><a href=\"http:\/\/plone.ufpb.br\/cccb\/contents\/documentos\/PLANODACOORDENADORACrisHirsch20202022.pdf\">&nbsp;Plano de Trabalho Coordenador Bacharelado 2021<\/a><\/p>\n\n\n\n<p><a href=\"http:\/\/plone.ufpb.br\/cccb\/contents\/documentos\/Documento20250613_08464226_0045.pdf\">&nbsp;Plano de Trabalho Coordenador Bacharelado 2023<\/a><\/p>\n","protected":false},"excerpt":{"rendered":"<p>Novo PPC da Licenciatura 2018&nbsp;&#8211; Projeto Pedag\u00f3gico Curricular do Curso de Licenciatura em Ci\u00eancias Biol\u00f3gicas. [&hellip;]<\/p>\n","protected":false},"author":47,"featured_media":0,"parent":0,"menu_order":0,"comment_status":"closed","ping_status":"closed","template":"","meta":{"footnotes":""},"class_list":["post-21","page","type-page","status-publish","hentry"],"_links":{"self":[{"href":"https:\/\/www.ccen.ufpb.br\/cccb\/wp-json\/wp\/v2\/pages\/21","targetHints":{"allow":["GET"]}}],"collection":[{"href":"https:\/\/www.ccen.ufpb.br\/cccb\/wp-json\/wp\/v2\/pages"}],"about":[{"href":"https:\/\/www.ccen.ufpb.br\/cccb\/wp-json\/wp\/v2\/types\/page"}],"author":[{"embeddable":true,"href":"https:\/\/www.ccen.ufpb.br\/cccb\/wp-json\/wp\/v2\/users\/47"}],"replies":[{"embeddable":true,"href":"https:\/\/www.ccen.ufpb.br\/cccb\/wp-json\/wp\/v2\/comments?post=21"}],"version-history":[{"count":1,"href":"https:\/\/www.ccen.ufpb.br\/cccb\/wp-json\/wp\/v2\/pages\/21\/revisions"}],"predecessor-version":[{"id":22,"href":"https:\/\/www.ccen.ufpb.br\/cccb\/wp-json\/wp\/v2\/pages\/21\/revisions\/22"}],"wp:attachment":[{"href":"https:\/\/www.ccen.ufpb.br\/cccb\/wp-json\/wp\/v2\/media?parent=21"}],"curies":[{"name":"wp","href":"https:\/\/api.w.org\/{rel}","templated":true}]}}