{"id":10,"date":"2026-04-17T14:53:27","date_gmt":"2026-04-17T17:53:27","guid":{"rendered":"https:\/\/www.ccen.ufpb.br\/cccb\/?page_id=10"},"modified":"2026-04-17T14:53:27","modified_gmt":"2026-04-17T17:53:27","slug":"historico","status":"publish","type":"page","link":"https:\/\/www.ccen.ufpb.br\/cccb\/historico\/","title":{"rendered":"Hist\u00f3rico"},"content":{"rendered":"\n<p>A cria\u00e7\u00e3o do curso de Ci\u00eancias Biol\u00f3gicas na Universidade Federal da Para\u00edba.<\/p>\n\n\n\n<p>O curso de Ci\u00eancias Biol\u00f3gicas na Universidade Federal da Para\u00edba foi criado em 1977, tendo como base a estrutura curricular m\u00ednima estabelecida pelo Minist\u00e9rio de Educa\u00e7\u00e3o e Cultura (MEC) atrav\u00e9s da Resolu\u00e7\u00e3o S\/N de 04\/02\/70, do Conselho Federal de Educa\u00e7\u00e3o (CFE), hoje Conselho Nacional de Educa\u00e7\u00e3o (CNE). O curr\u00edculo pleno do curso foi estabelecido pela primeira vez atrav\u00e9s da Resolu\u00e7\u00e3o N\u00b0 34 do Conselho Superior de Ensino e Pesquisa da UFPB (CONSEPE) de 30\/06\/77. O objetivo era de formar apenas Bachar\u00e9is, os quais seriam, em grande parte, absorvidos pelas Universidades, Institutos de Pesquisa ou empresas onde pudessem exercer sua profiss\u00e3o. Entretanto, a grande maioria dos egressos passou a atuar mais no campo do ensino. Motivada, em parte, por essa situa\u00e7\u00e3o, em 18\/09\/79 foi efetuada a reestrutura\u00e7\u00e3o do curr\u00edculo do Bacharelado, atrav\u00e9s da Resolu\u00e7\u00e3o N\u00b0 8\/80 e reestruturada atrav\u00e9s da Resolu\u00e7\u00e3o N\u00b0 14\/80, todas do CONSEPE\/UFPB.<\/p>\n\n\n\n<p>Em 1986 foi criada a Licenciatura Plena em Ci\u00eancias Biol\u00f3gicas pela Resolu\u00e7\u00e3o N\u00b0 164\/86 do Conselho Universit\u00e1rio (CONSUNI) da UFPB e, atrav\u00e9s da Resolu\u00e7\u00e3o N\u00b0 46\/87 de 24\/11\/87, o CONSEPE\/UFPB aprovou a estrutura curricular para as Habilita\u00e7\u00f5es Bacharelado e Licenciatura do Curso de Ci\u00eancias Biol\u00f3gicas, com base no curr\u00edculo m\u00ednimo, estabelecido pelo CFE em 1970. Em 1999 o CONSEPE autorizou a abertura do Curso de Ci\u00eancias Biol\u00f3gicas &#8211; Habilita\u00e7\u00e3o Licenciatura Plena no turno da noite, com uma entrada anual a partir de 2001.<\/p>\n\n\n\n<p>Em 2002, o Conselho Nacional de Educa\u00e7\u00e3o, atrav\u00e9s da Resolu\u00e7\u00e3o CNE\/CES N\u00b0 7\/2002, instituiu as Diretrizes Curriculares Nacionais dos Cursos de Gradua\u00e7\u00e3o em Ci\u00eancias Biol\u00f3gicas. Em 2006 o CONSEPE, atrav\u00e9s da Resolu\u00e7\u00e3o N\u00b0 65\/2006, aprovou o Projeto Pol\u00edtico Pedag\u00f3gico do Curso de Gradua\u00e7\u00e3o em Ci\u00eancias Biol\u00f3gicas, Bacharelado e Licenciatura, do Centro de Ci\u00eancias Exatas e da Natureza, Campus I, da UFPB.<\/p>\n\n\n\n<p>O referido Projeto pol\u00edtico Pedag\u00f3gico encontra-se dispon\u00edvel no seguinte endere\u00e7o:&nbsp;<\/p>\n\n\n\n<p><a href=\"http:\/\/www.ufpb.br\/sods\/consepe\/resolu\/2006\/Rsep65_2006.htm\" target=\"_blank\" rel=\"noreferrer noopener\">http:\/\/www.ufpb.br\/sods\/consepe\/resolu\/2006\/Rsep65_2006.htm<\/a><\/p>\n","protected":false},"excerpt":{"rendered":"<p>A cria\u00e7\u00e3o do curso de Ci\u00eancias Biol\u00f3gicas na Universidade Federal da Para\u00edba. O curso de [&hellip;]<\/p>\n","protected":false},"author":47,"featured_media":0,"parent":0,"menu_order":0,"comment_status":"closed","ping_status":"closed","template":"","meta":{"footnotes":""},"class_list":["post-10","page","type-page","status-publish","hentry"],"_links":{"self":[{"href":"https:\/\/www.ccen.ufpb.br\/cccb\/wp-json\/wp\/v2\/pages\/10","targetHints":{"allow":["GET"]}}],"collection":[{"href":"https:\/\/www.ccen.ufpb.br\/cccb\/wp-json\/wp\/v2\/pages"}],"about":[{"href":"https:\/\/www.ccen.ufpb.br\/cccb\/wp-json\/wp\/v2\/types\/page"}],"author":[{"embeddable":true,"href":"https:\/\/www.ccen.ufpb.br\/cccb\/wp-json\/wp\/v2\/users\/47"}],"replies":[{"embeddable":true,"href":"https:\/\/www.ccen.ufpb.br\/cccb\/wp-json\/wp\/v2\/comments?post=10"}],"version-history":[{"count":1,"href":"https:\/\/www.ccen.ufpb.br\/cccb\/wp-json\/wp\/v2\/pages\/10\/revisions"}],"predecessor-version":[{"id":11,"href":"https:\/\/www.ccen.ufpb.br\/cccb\/wp-json\/wp\/v2\/pages\/10\/revisions\/11"}],"wp:attachment":[{"href":"https:\/\/www.ccen.ufpb.br\/cccb\/wp-json\/wp\/v2\/media?parent=10"}],"curies":[{"name":"wp","href":"https:\/\/api.w.org\/{rel}","templated":true}]}}