{"id":64,"date":"2026-04-20T10:54:56","date_gmt":"2026-04-20T13:54:56","guid":{"rendered":"https:\/\/www.ccen.ufpb.br\/bsccen\/?page_id=64"},"modified":"2026-04-20T10:54:56","modified_gmt":"2026-04-20T13:54:56","slug":"ferramentas-para-detectar-plagio","status":"publish","type":"page","link":"https:\/\/www.ccen.ufpb.br\/bsccen\/ferramentas-para-detectar-plagio\/","title":{"rendered":"Ferramentas para detectar pl\u00e1gio"},"content":{"rendered":"\n<p class=\" \">N\u00e3o corra o risco de ser acusado de pl\u00e1gio. Elabore a escrita com autonomia e n\u00e3o esque\u00e7a de citar as fontes. Segue uma lista de ferramentas para detectar pl\u00e1gio em textos e documentos que ir\u00e1 ajudar-lhe a identificar pl\u00e1gios.<\/p>\n\n\n\n<ul class=\"wp-block-list\">\n<li><a href=\"http:\/\/www.anticutandpaste.com\/antiplagiarist\" target=\"_blank\" rel=\"noreferrer noopener\">AntiPlagiarist<\/a>\u00a0&#8211;\u00a0Compara rapidamente v\u00e1rios documentos em busca de pl\u00e1gio &#8211; fragmentos de texto copiados e colados.<\/li>\n\n\n\n<li><strong><a href=\"https:\/\/www.checkforplagiarism.net\/\" target=\"_blank\" rel=\"noreferrer noopener\">Check for Plagiarism<\/a>\u00a0&#8211;\u00a0<\/strong>Ferramenta anti pl\u00e1gio ajuda a\u00a0identificar e destacar at\u00e9 mesmo as tentativas mais sutis de pl\u00e1gio intencional ou n\u00e3o.<\/li>\n\n\n\n<li><strong><a href=\"https:\/\/copyspider.com.br\/\" target=\"_blank\" rel=\"noreferrer noopener\">CopySpider<\/a>\u00a0&#8211;\u00a0<\/strong>\u00c9 uma ferramenta\u00a0<em>freeware<\/em>\u00a0para testar documentos sob o crivo de exist\u00eancia de c\u00f3pias indevidas de outros documentos dispon\u00edveis na internet.<\/li>\n\n\n\n<li><strong><a href=\"http:\/\/farejadordeplagios.com.br\/\" target=\"_blank\" rel=\"noreferrer noopener\">Farejador de Pl\u00e1gios<\/a>\u00a0&#8211;\u00a0<\/strong>\u00c9 um identificador brasileiro que rastreia transcri\u00e7\u00f5es por meio da busca por dados e informa\u00e7\u00f5es em diferentes sites.<\/li>\n\n\n\n<li><a href=\"http:\/\/www.ithenticate.com\/\" target=\"_blank\" rel=\"noreferrer noopener\">iThenticate<\/a>\u00a0&#8211;\u00a0Ferramenta de detec\u00e7\u00e3o de plagio, confronta documentos e exibe relat\u00f3rios que identificam pl\u00e1gios.<\/li>\n\n\n\n<li><a href=\"https:\/\/www.plag.pt\/\" target=\"_blank\" rel=\"noreferrer noopener\">Plag.pt<\/a>\u00a0&#8211;\u00a0\u00c9 um fornecedor global do servi\u00e7o de dete\u00e7\u00e3o de pl\u00e1gios, servindo clientes de mais de 90 pa\u00edses espalhados por todo o mundo. A nossa empresa foca-se em fornecer servi\u00e7os relacionados com texto, especificamente relacionados com a dete\u00e7\u00e3o de similaridades e verifica\u00e7\u00e3o de pl\u00e1gios.<\/li>\n\n\n\n<li><a href=\"http:\/\/plagiarisma.net\/\" target=\"_blank\" rel=\"noreferrer noopener\">Plagiarisma<\/a>\u00a0&#8211;\u00a0Apresenta os recursos de forma clara e objetiva, com destaque para os resultados e an\u00e1lises comparativas, a partir de trechos identificados. Com suporte para o portugu\u00eas, o programa para identificar pl\u00e1gio faz r\u00e1pidas buscas por trechos de textos, documentos enviados ou endere\u00e7os de URL.<\/li>\n\n\n\n<li><a href=\"https:\/\/www.plagium.com\/pt\/detectordeplagio\" target=\"_blank\" rel=\"noreferrer noopener\">Plagium<\/a>\u00a0&#8211;\u00a0Com suporte para o portugu\u00eas e em um visual moderno e intuitivo, \u00e9 um site com rastreamento de transcri\u00e7\u00f5es de maneira r\u00e1pida e eficaz.<\/li>\n\n\n\n<li><a href=\"https:\/\/www.plagius.com\/br\" target=\"_blank\" rel=\"noreferrer noopener\">Plagius<\/a>\u00a0&#8211;\u00a0Software detector de pl\u00e1gio que analisa trabalhos acad\u00eamicos e documentos em busca de trechos copiados da internet ou de outros arquivos.<\/li>\n\n\n\n<li><a href=\"https:\/\/www.turnitin.com\/pt\" target=\"_blank\" rel=\"noreferrer noopener\">Turnitin<\/a>\u00a0&#8211;\u00a0Ferramenta de detec\u00e7\u00e3o de plagio, confronta documentos e exibe relat\u00f3rios que identificam pl\u00e1gios.<\/li>\n\n\n\n<li><a href=\"https:\/\/www.scanmyessay.com\/\" target=\"_blank\" rel=\"noreferrer noopener\">Viper<\/a>\u00a0&#8211;\u00a0Leva apenas tr\u00eas etapas simples para revisar seu documento quanto ao pl\u00e1gio e produzir um relat\u00f3rio completo.<\/li>\n<\/ul>\n","protected":false},"excerpt":{"rendered":"<p>N\u00e3o corra o risco de ser acusado de pl\u00e1gio. Elabore a escrita com autonomia e [&hellip;]<\/p>\n","protected":false},"author":47,"featured_media":0,"parent":0,"menu_order":0,"comment_status":"closed","ping_status":"closed","template":"","meta":{"footnotes":""},"class_list":["post-64","page","type-page","status-publish","hentry"],"_links":{"self":[{"href":"https:\/\/www.ccen.ufpb.br\/bsccen\/wp-json\/wp\/v2\/pages\/64","targetHints":{"allow":["GET"]}}],"collection":[{"href":"https:\/\/www.ccen.ufpb.br\/bsccen\/wp-json\/wp\/v2\/pages"}],"about":[{"href":"https:\/\/www.ccen.ufpb.br\/bsccen\/wp-json\/wp\/v2\/types\/page"}],"author":[{"embeddable":true,"href":"https:\/\/www.ccen.ufpb.br\/bsccen\/wp-json\/wp\/v2\/users\/47"}],"replies":[{"embeddable":true,"href":"https:\/\/www.ccen.ufpb.br\/bsccen\/wp-json\/wp\/v2\/comments?post=64"}],"version-history":[{"count":1,"href":"https:\/\/www.ccen.ufpb.br\/bsccen\/wp-json\/wp\/v2\/pages\/64\/revisions"}],"predecessor-version":[{"id":65,"href":"https:\/\/www.ccen.ufpb.br\/bsccen\/wp-json\/wp\/v2\/pages\/64\/revisions\/65"}],"wp:attachment":[{"href":"https:\/\/www.ccen.ufpb.br\/bsccen\/wp-json\/wp\/v2\/media?parent=64"}],"curies":[{"name":"wp","href":"https:\/\/api.w.org\/{rel}","templated":true}]}}