{"id":60,"date":"2026-04-20T10:53:39","date_gmt":"2026-04-20T13:53:39","guid":{"rendered":"https:\/\/www.ccen.ufpb.br\/bsccen\/?page_id=60"},"modified":"2026-04-25T17:54:16","modified_gmt":"2026-04-25T20:54:16","slug":"tutoriais-manuais-guias-e-documentos","status":"publish","type":"page","link":"https:\/\/www.ccen.ufpb.br\/bsccen\/tutoriais-manuais-guias-e-documentos\/","title":{"rendered":"Tutoriais, manuais, guias e documentos"},"content":{"rendered":"\n<div style=\"font-size: 14px\">\n<div class=\"visualClear\" id=\"conteudo\" style=\"text-align: center\">\n<div class=\"visualClear\" id=\"texto\">\n<div class=\"visualClear\" id=\"texto_int\">\n<div class=\"visualClear\" style=\"text-align: center\"><!-- fim carrocel --><\/div>\n<\/div>\n<\/div>\n<\/div>\n\n<table class=\"plain\">\n<tbody>\n<tr>\n<td><strong>Formato:<\/strong><\/td>\n<td><strong><\/strong><\/td>\n<td><strong>Tutorial, manual e guia:<\/strong><\/td>\n<\/tr>\n\n<tr>\n<td style=\"text-align: justify\">PDF<\/td>\n<td style=\"text-align: justify\"><\/td>\n<td style=\"text-align: justify\"><a class=\"external-link\" href=\"..\/..\/..\/..\/bsccen\/contents\/documentos\/manual-usuario-2024.pdf\" target=\"_self\" title=\"\">Manual do usu\u00e1rio da Biblioteca<\/a>;<\/div>\n<\/td>\n<\/tr>\n\n<tr>\n<td style=\"text-align: justify\">PDF<\/td>\n<td style=\"text-align: justify\"><\/td>\n<td style=\"text-align: justify\"><a class=\"internal-link\" href=\"..\/..\/..\/..\/bsccen\/contents\/documentos\/PlanodecontingenciaBibliotecaSetorialdoCCENUFPB.pdf\" target=\"_self\" title=\"\">Plano de conting\u00eancia da Biblioteca<\/a>;<\/div>\n<\/td>\n<\/tr>\n\n<tr>\n<td style=\"text-align: justify\">PDF<\/td>\n<td style=\"text-align: justify\"><\/td>\n<td style=\"text-align: justify\">\n<div><span><\/span><a class=\"internal-link\" href=\"..\/..\/..\/..\/bsccen\/contents\/documentos\/termo-de-autorizacao-para-publicacao-de-tcc-em-repositorio-institucional-da-ufpb.pdf\" target=\"_self\" title=\"\">Termo de Autoriza\u00e7\u00e3o para Publica\u00e7\u00e3o de TCC em Reposit\u00f3rio<\/a>;<\/div>\n<\/td>\n<\/tr>\n\n<tr>\n<td style=\"text-align: justify\">DOTX<\/td>\n<td style=\"text-align: justify\"><\/td>\n<td style=\"text-align: justify\">\n<div><span><\/span><a class=\"internal-link\" href=\"..\/..\/..\/..\/bsccen\/contents\/documentos\/TemplateTCCCCEN.dotx\" target=\"_self\" title=\"\">Modelo para apresenta\u00e7\u00e3o escrita de TCC<\/a>;<\/div>\n<\/td>\n<\/tr>\n\n<tr>\n<td style=\"text-align: justify\">POTX<\/td>\n<td style=\"text-align: justify\"><\/td>\n<td style=\"text-align: justify\">\n<div><span><\/span><a class=\"internal-link\" href=\"..\/..\/..\/..\/bsccen\/contents\/documentos\/TemplateApresentacaoTCC.potx\" target=\"_self\" title=\"\">Modelo para apresenta\u00e7\u00e3o oral de TCC<\/a>;<\/div>\n<\/td>\n<\/tr>\n\n<tr>\n<td style=\"text-align: justify\">URL<\/td>\n<td style=\"text-align: justify\"><\/td>\n<td style=\"text-align: justify\">\n<div><span><\/span><a class=\"internal-link\" href=\"https:\/\/youtu.be\/FDG_Zyqq5nk\" target=\"_self\" title=\"\">Tutorial como inserir a ficha catalogr\u00e1fica em TCC em PDF<\/a>;<\/div>\n<\/td>\n<\/tr>\n\n<tr>\n<td style=\"text-align: justify\">URL<\/td>\n<td style=\"text-align: justify\"><\/td>\n<td style=\"text-align: justify\">\n<div><span><\/span><a class=\"internal-link\" href=\"http:\/\/youtu.be\/JlPMNEy3piw\" target=\"_self\" title=\"\">Tutorial pesquisa bibliogr\u00e1fica: como buscar materiais bibliogr\u00e1ficos<\/a>;<\/div>\n<\/td>\n<\/tr>\n\n<tr>\n<td style=\"text-align: justify\">URL<\/td>\n<td style=\"text-align: justify\"><\/td>\n<td style=\"text-align: justify\">\n<div><span><\/span><a class=\"internal-link\" href=\"..\/..\/..\/..\/bsccen\/contents\/paginas\/servicos\/acesso-wireless-rede-sem-fio\" target=\"_self\" title=\"\">Tutorial para utilizar UFPBSemFios\u00a0e Eduroam<\/a>;<\/div>\n<\/td>\n<\/tr>\n\n<tr>\n<td style=\"text-align: justify\">URL<\/td>\n<td style=\"text-align: justify\"><\/td>\n<td style=\"text-align: justify\">\n<div><span><\/span><a class=\"internal-link\" href=\"https:\/\/www.youtube.com\/watch?v=_Et9kQ4flGQ\" target=\"_self\" title=\"\">Tutorial para solicitar ficha catalogr\u00e1fica pelo SIGAA<\/a>;<\/div>\n<\/td>\n<\/tr>\n\n<tr>\n<td style=\"text-align: justify\">URL<\/td>\n<td style=\"text-align: justify\"><\/td>\n<td style=\"text-align: justify\">\n<div><span><\/span><a class=\"internal-link\" href=\"https:\/\/www.youtube.com\/watch?v=UKj9SpwEFEU\" target=\"_self\" title=\"\">Tutorial para se cadastrar nas bibliotecas da UFPB<\/a>;<\/div>\n<\/td>\n<\/tr>\n\n<tr>\n<td style=\"text-align: justify\">PDF<\/td>\n<td style=\"text-align: justify\"><\/td>\n<td style=\"text-align: justify\">\n<div><span><\/span><a class=\"internal-link\" href=\"..\/..\/..\/..\/bsccen\/contents\/documentos\/manual-de-uso-nova-bv.pdf\" target=\"_self\" title=\"\">Manual para uso da Biblioteca Virtual Pearson<\/a>;<\/div>\n<\/td>\n<\/tr>\n\n<tr>\n<td style=\"text-align: justify\">PDF<\/td>\n<td style=\"text-align: justify\"><\/td>\n<td style=\"text-align: justify\">\n<div><span><\/span><a class=\"internal-link\" href=\"..\/..\/..\/..\/bsccen\/contents\/documentos\/guia-rapido-do-novo-portal-de-periodicosv2.pdf\" target=\"_self\" title=\"\">Guia para acesso ao Portal de Peri\u00f3dicos CAPES<\/a>;<\/div>\n<\/td>\n<\/tr>\n\n<tr>\n<td style=\"text-align: justify\">URL<\/td>\n<td style=\"text-align: justify\"><\/td>\n<td style=\"text-align: justify\">\n<div><span><\/span><a class=\"internal-link\" href=\"http:\/\/www.youtube.com\/watch?v=aDkeL_W73vQ&amp;list=PL-aFAdxOSTDenFH8d5KA68GeAUQzbEne3&amp;index=3\" target=\"_self\" title=\"\">Tutorial em v\u00eddeo para uso da\u00a0Ebook Central<\/a>;<\/div>\n<\/td>\n<\/tr>\n\n<tr>\n<td style=\"text-align: justify\">URL<\/td>\n<td style=\"text-align: justify\"><\/td>\n<td style=\"text-align: justify\">\n<div><span><\/span><a class=\"internal-link\" href=\"https:\/\/www.youtube.com\/watch?v=RbL-kytRzzQ\" rel=\"noreferrer noopener\" target=\"_blank\" title=\"\">Tutorial em v\u00eddeo para uso da\u00a0V|lex<\/a>;<\/div>\n<\/td>\n<\/tr>\n\n<tr>\n<td style=\"text-align: justify\">URL<\/td>\n<td style=\"text-align: justify\"><\/td>\n<td style=\"text-align: justify\">\n<div><span><\/span><a class=\"internal-link\" href=\"http:\/\/https\/\/www.gedweb.com.br\/media\/manual_usuario\/index.html\" rel=\"noreferrer noopener\" target=\"_blank\" title=\"\">Manual do usu\u00e1rio Target GedWeb<\/a>;<\/div>\n<\/td>\n<\/tr>\n\n<tr>\n<td style=\"text-align: justify\">PDF<\/td>\n<td style=\"text-align: justify\"><\/td>\n<td style=\"text-align: justify\">\n<div><span><\/span><a class=\"internal-link\" href=\"http:\/\/https\/\/www.gedweb.com.br\/media\/manual_usuario\/index.html\" rel=\"noreferrer noopener\" target=\"_blank\" title=\"\">Tutorial para utilizar o Mendeley<\/a>;<\/div>\n<\/td>\n<\/tr>\n\n<tr>\n<td style=\"text-align: justify\">PDF<\/td>\n<td style=\"text-align: justify\"><\/td>\n<td style=\"text-align: justify\">\n<div><span><\/span><a class=\"internal-link\" href=\"..\/..\/..\/..\/bsccen\/contents\/documentos\/endnote-29-9-2017.pdf\" rel=\"noreferrer noopener\" target=\"_blank\" title=\"\">Tutorial para utilizar End Note<\/a>.<\/div>\n<\/td>\n<\/tr>\n\n<\/tbody>\n<\/table>\n\n\n\n<p><\/p>\n","protected":false},"excerpt":{"rendered":"<p>Formato: Tutorial, manual e guia: PDF Manual do usu\u00e1rio da Biblioteca; PDF Plano de conting\u00eancia [&hellip;]<\/p>\n","protected":false},"author":47,"featured_media":0,"parent":0,"menu_order":0,"comment_status":"closed","ping_status":"closed","template":"","meta":{"footnotes":""},"class_list":["post-60","page","type-page","status-publish","hentry"],"_links":{"self":[{"href":"https:\/\/www.ccen.ufpb.br\/bsccen\/wp-json\/wp\/v2\/pages\/60","targetHints":{"allow":["GET"]}}],"collection":[{"href":"https:\/\/www.ccen.ufpb.br\/bsccen\/wp-json\/wp\/v2\/pages"}],"about":[{"href":"https:\/\/www.ccen.ufpb.br\/bsccen\/wp-json\/wp\/v2\/types\/page"}],"author":[{"embeddable":true,"href":"https:\/\/www.ccen.ufpb.br\/bsccen\/wp-json\/wp\/v2\/users\/47"}],"replies":[{"embeddable":true,"href":"https:\/\/www.ccen.ufpb.br\/bsccen\/wp-json\/wp\/v2\/comments?post=60"}],"version-history":[{"count":27,"href":"https:\/\/www.ccen.ufpb.br\/bsccen\/wp-json\/wp\/v2\/pages\/60\/revisions"}],"predecessor-version":[{"id":216,"href":"https:\/\/www.ccen.ufpb.br\/bsccen\/wp-json\/wp\/v2\/pages\/60\/revisions\/216"}],"wp:attachment":[{"href":"https:\/\/www.ccen.ufpb.br\/bsccen\/wp-json\/wp\/v2\/media?parent=60"}],"curies":[{"name":"wp","href":"https:\/\/api.w.org\/{rel}","templated":true}]}}