{"id":56,"date":"2026-04-20T10:52:47","date_gmt":"2026-04-20T13:52:47","guid":{"rendered":"https:\/\/www.ccen.ufpb.br\/bsccen\/?page_id=56"},"modified":"2026-04-24T19:17:52","modified_gmt":"2026-04-24T22:17:52","slug":"tcc-graduacao","status":"publish","type":"page","link":"https:\/\/www.ccen.ufpb.br\/bsccen\/tcc-graduacao\/","title":{"rendered":"Gradua\u00e7\u00e3o: TCC"},"content":{"rendered":"\n<p>Trabalhos de Conclus\u00e3o de Curso entregues \u00e0 Biblioteca Setorial do CCEN e disponibilizados no Reposit\u00f3rio Institucional da UFPB<\/p>\n\n\n\n<figure class=\"wp-block-table\"><table class=\"has-fixed-layout\"><tbody><tr><td>Trabalhos de Conclus\u00e3o de Curso de Gradua\u00e7\u00e3o &#8211; Cursos presenciais<\/td><td>Trabalhos de Conclus\u00e3o de Curso de Gradua\u00e7\u00e3o &#8211; Cursos EaD<\/td><\/tr><tr><td><a href=\"https:\/\/repositorio.ufpb.br\/jspui\/handle\/123456789\/2349\" target=\"_blank\" rel=\"noreferrer noopener\">TCC &#8211; Ci\u00eancias Biol\u00f3gicas<\/a><br><a href=\"https:\/\/repositorio.ufpb.br\/jspui\/handle\/123456789\/2351\" target=\"_blank\" rel=\"noreferrer noopener\">TCC &#8211; Estat\u00edstica<\/a><br><a href=\"https:\/\/repositorio.ufpb.br\/jspui\/handle\/123456789\/4\" target=\"_blank\" rel=\"noreferrer noopener\">TCC &#8211; F\u00edsica<\/a><br><a href=\"https:\/\/repositorio.ufpb.br\/jspui\/handle\/123456789\/54\" target=\"_blank\" rel=\"noreferrer noopener\">TCC &#8211; Geografia<\/a><br><a href=\"https:\/\/repositorio.ufpb.br\/jspui\/handle\/123456789\/2352\" target=\"_blank\" rel=\"noreferrer noopener\">TCC &#8211; Matem\u00e1tica<\/a><br><a href=\"https:\/\/repositorio.ufpb.br\/jspui\/handle\/123456789\/2353\" target=\"_blank\" rel=\"noreferrer noopener\">TCC &#8211; Qu\u00edmica<\/a>\u00a0<\/td><td><a href=\"https:\/\/repositorio.ufpb.br\/jspui\/handle\/123456789\/17013\" target=\"_blank\" rel=\"noreferrer noopener\">TCC &#8211; Ci\u00eancias Biol\u00f3gicas<\/a><br><a href=\"https:\/\/repositorio.ufpb.br\/jspui\/handle\/123456789\/17021\" target=\"_blank\" rel=\"noreferrer noopener\">TCC &#8211; Matem\u00e1tica<\/a><br><br><br><br><\/td><\/tr><\/tbody><\/table><\/figure>\n","protected":false},"excerpt":{"rendered":"<p>Trabalhos de Conclus\u00e3o de Curso entregues \u00e0 Biblioteca Setorial do CCEN e disponibilizados no Reposit\u00f3rio [&hellip;]<\/p>\n","protected":false},"author":47,"featured_media":0,"parent":0,"menu_order":0,"comment_status":"closed","ping_status":"closed","template":"","meta":{"footnotes":""},"class_list":["post-56","page","type-page","status-publish","hentry"],"_links":{"self":[{"href":"https:\/\/www.ccen.ufpb.br\/bsccen\/wp-json\/wp\/v2\/pages\/56","targetHints":{"allow":["GET"]}}],"collection":[{"href":"https:\/\/www.ccen.ufpb.br\/bsccen\/wp-json\/wp\/v2\/pages"}],"about":[{"href":"https:\/\/www.ccen.ufpb.br\/bsccen\/wp-json\/wp\/v2\/types\/page"}],"author":[{"embeddable":true,"href":"https:\/\/www.ccen.ufpb.br\/bsccen\/wp-json\/wp\/v2\/users\/47"}],"replies":[{"embeddable":true,"href":"https:\/\/www.ccen.ufpb.br\/bsccen\/wp-json\/wp\/v2\/comments?post=56"}],"version-history":[{"count":3,"href":"https:\/\/www.ccen.ufpb.br\/bsccen\/wp-json\/wp\/v2\/pages\/56\/revisions"}],"predecessor-version":[{"id":196,"href":"https:\/\/www.ccen.ufpb.br\/bsccen\/wp-json\/wp\/v2\/pages\/56\/revisions\/196"}],"wp:attachment":[{"href":"https:\/\/www.ccen.ufpb.br\/bsccen\/wp-json\/wp\/v2\/media?parent=56"}],"curies":[{"name":"wp","href":"https:\/\/api.w.org\/{rel}","templated":true}]}}