{"id":50,"date":"2026-04-20T10:50:02","date_gmt":"2026-04-20T13:50:02","guid":{"rendered":"https:\/\/www.ccen.ufpb.br\/bsccen\/?page_id=50"},"modified":"2026-04-25T18:50:01","modified_gmt":"2026-04-25T21:50:01","slug":"encerramento-de-vinculo","status":"publish","type":"page","link":"https:\/\/www.ccen.ufpb.br\/bsccen\/encerramento-de-vinculo\/","title":{"rendered":"Encerramento de v\u00ednculo"},"content":{"rendered":"\n<p>A declara\u00e7\u00e3o de encerramento de v\u00ednculo com as Bibliotecas da UFPB (nada consta) \u00e9 gerada pelo SIGAA pelo (a) usu\u00e1rio (a) ou poder\u00e1 ser solicitado junto \u00e0s Bibliotecas do Sistema.&nbsp;<\/p>\n\n\n\n<p>Vale ressaltar que a emiss\u00e3o da DECLARA\u00c7\u00c3O DE ENCERRAMENTO DE V\u00cdNCULO, dever\u00e1 ser executada ap\u00f3s a solicita\u00e7\u00e3o da FICHA CATALOGR\u00c1FICA e essa declara\u00e7\u00e3o poder\u00e1 ser retirada a qualquer momento pelo SIGAA.<\/p>\n\n\n\n<p class=\" \">Para isso o (a) usu\u00e1rio (a) dever\u00e1:<\/p>\n\n\n\n<div style=\"font-size: 16px\">\n<div class=\"visualClear\" id=\"conteudo\" style=\"text-align: center\">\n<div class=\"visualClear\" id=\"texto\">\n<div class=\"visualClear\" id=\"texto_int\">\n<div class=\"visualClear\" style=\"text-align: center\"><!-- fim carrocel --><\/div>\n<\/div>\n<\/div>\n<\/div>\n\n<table class=\"plain\">\n<tbody>\n\n<tr>\n<td style=\"text-align: justify\">1\u00ba<\/td>\n<td style=\"text-align: justify\"><\/td>\n<td style=\"text-align: justify\">Ter certeza que n\u00e3o ir\u00e1 precisar de mais nenhum servi\u00e7o junto \u00e0s Bibliotecas da UFPB\u00a0(empr\u00e9stimo e devolu\u00e7\u00e3o de materiais, solicita\u00e7\u00e3o de\u00a0ficha catalogr\u00e1fica);<\/td>\n<\/td>\n<\/tr>\n\n<tr><\/tr>\n\n<tr>\n<td style=\"text-align: justify\">2\u00ba<\/td>\n<td style=\"text-align: justify\"><\/td>\n<td style=\"text-align: justify\">Entrar no\u00a0SIGAA\u00a0com seu usu\u00e1rio e senha;<\/td>\n<\/td>\n<\/tr>\n\n<tr><\/tr>\n\n<tr>\n<td style=\"text-align: justify\">3\u00ba<\/td>\n<td style=\"text-align: justify\"><\/td>\n<td style=\"text-align: justify\">Na aba BIBLIOTECA, encontrar a op\u00e7\u00e3o Verificar Minha Situa\u00e7\u00e3o\/Encerrar V\u00ednculo<\/td>\n<\/td>\n<\/tr>\n\n<tr><\/tr>\n\n<tr>\n<td style=\"text-align: justify\">4\u00ba<\/td>\n<td style=\"text-align: justify\"><\/td>\n<td style=\"text-align: justify\">No seu v\u00ednculo ativo (em azul), clicar em Encerrar V\u00ednculo Ativo com Confirma\u00e7\u00e3o;<\/td>\n<\/td>\n<\/tr>\n\n<tr>\n<td style=\"text-align: justify\">5\u00ba<\/td>\n<td style=\"text-align: justify\"><\/td>\n<td style=\"text-align: justify\">O sistema ir\u00e1 gerar sua DECLARA\u00c7\u00c3O DE ENCERRAMENTO DE V\u00cdNCULO (tamb\u00e9m conhecido como, NADA CONSTA).<\/td>\n<\/td>\n<\/tr>\n\n<\/tbody>\n<\/table>\n\n\n\n<p><\/p>\n","protected":false},"excerpt":{"rendered":"<p>A declara\u00e7\u00e3o de encerramento de v\u00ednculo com as Bibliotecas da UFPB (nada consta) \u00e9 gerada [&hellip;]<\/p>\n","protected":false},"author":47,"featured_media":0,"parent":0,"menu_order":0,"comment_status":"closed","ping_status":"closed","template":"","meta":{"footnotes":""},"class_list":["post-50","page","type-page","status-publish","hentry"],"_links":{"self":[{"href":"https:\/\/www.ccen.ufpb.br\/bsccen\/wp-json\/wp\/v2\/pages\/50","targetHints":{"allow":["GET"]}}],"collection":[{"href":"https:\/\/www.ccen.ufpb.br\/bsccen\/wp-json\/wp\/v2\/pages"}],"about":[{"href":"https:\/\/www.ccen.ufpb.br\/bsccen\/wp-json\/wp\/v2\/types\/page"}],"author":[{"embeddable":true,"href":"https:\/\/www.ccen.ufpb.br\/bsccen\/wp-json\/wp\/v2\/users\/47"}],"replies":[{"embeddable":true,"href":"https:\/\/www.ccen.ufpb.br\/bsccen\/wp-json\/wp\/v2\/comments?post=50"}],"version-history":[{"count":5,"href":"https:\/\/www.ccen.ufpb.br\/bsccen\/wp-json\/wp\/v2\/pages\/50\/revisions"}],"predecessor-version":[{"id":234,"href":"https:\/\/www.ccen.ufpb.br\/bsccen\/wp-json\/wp\/v2\/pages\/50\/revisions\/234"}],"wp:attachment":[{"href":"https:\/\/www.ccen.ufpb.br\/bsccen\/wp-json\/wp\/v2\/media?parent=50"}],"curies":[{"name":"wp","href":"https:\/\/api.w.org\/{rel}","templated":true}]}}