{"id":45,"date":"2026-04-20T10:48:31","date_gmt":"2026-04-20T13:48:31","guid":{"rendered":"https:\/\/www.ccen.ufpb.br\/bsccen\/?page_id=45"},"modified":"2026-04-20T10:48:31","modified_gmt":"2026-04-20T13:48:31","slug":"ficha-catalografica","status":"publish","type":"page","link":"https:\/\/www.ccen.ufpb.br\/bsccen\/ficha-catalografica\/","title":{"rendered":"Ficha catalogr\u00e1fica"},"content":{"rendered":"\n<p>A&nbsp; ficha catalogr\u00e1fica \u00e9 o registro das informa\u00e7\u00f5es que identificam a publica\u00e7\u00e3o na situa\u00e7\u00e3o atual, refere-se aos dados internacionais de cataloga\u00e7\u00e3o-na-publica\u00e7\u00e3o, cont\u00e9m os dados necess\u00e1rios para identificar uma obra, no Brasil e no mundo. \u00c9 elemento obrigat\u00f3rio para trabalhos de conclus\u00e3o de curso, tese e disserta\u00e7\u00f5es, conforme determina a NBR 14724 (Informa\u00e7\u00e3o e Documenta\u00e7\u00e3o &#8211; Trabalhos Acad\u00eamicos &#8211; Apresenta\u00e7\u00e3o) da Associa\u00e7\u00e3o Brasileira de Normas T\u00e9cnicas.<\/p>\n\n\n\n<p>Para solicitar a ficha catalogr\u00e1fica dos Trabalhos de Conclus\u00e3o de Curso (TCC), disserta\u00e7\u00f5es e teses elaboradas no \u00e2mbito da UFPB, oferecemos o sistema para solicita\u00e7\u00e3o de ficha catalogr\u00e1fica.&nbsp;<strong>Para<\/strong><strong>&nbsp;utiliz\u00e1-lo \u00e9 necess\u00e1rio que o (a) aluno (a) tenha cadastrado a&nbsp;<a href=\"http:\/\/plone.ufpb.br\/bsccen\/contents\/paginas\/servicos\/cadastro-na-biblioteca\">senha da biblioteca<\/a><\/strong>, caso contr\u00e1rio n\u00e3o conseguir\u00e1 acessar o sistema de gera\u00e7\u00e3o de ficha catalogr\u00e1fica.<\/p>\n\n\n\n<p>O sistema para solicita\u00e7\u00e3o de ficha catalogr\u00e1fica est\u00e1 dispon\u00edvel a alunos (as) regularmente matriculados em cursos de gradua\u00e7\u00e3o e p\u00f3s-gradua\u00e7\u00e3o da UFPB. O acesso se d\u00e1 pelo&nbsp;<a href=\"http:\/\/sigaa.ufpb.br\/sigaa\/logon.jsf\" target=\"_blank\" rel=\"noreferrer noopener\">SIGAA<\/a>, na aba biblioteca, por meio da op\u00e7\u00e3o Ficha Catalogr\u00e1fica.<\/p>\n\n\n\n<p>A ficha catalogr\u00e1fica dever\u00e1 ser solicitada por \u00faltimo, ap\u00f3s a defesa do trabalho e com as devidas assinaturas dos membros da banca na folha de aprova\u00e7\u00e3o. \u00c9 necess\u00e1rio que o trabalho esteja&nbsp;apresentado conforme<a href=\"http:\/\/www.ccen.ufpb.br\/bsccen\/contents\/paginas\/apresentacao-e-estrutura-do-tcc\" target=\"_blank\" rel=\"noreferrer noopener\">&nbsp;estrutura dos trabalhos acad\u00eamicos<\/a>&nbsp;e&nbsp;<a href=\"http:\/\/www.ccen.ufpb.br\/bsccen\/contents\/documentos\/TemplateTCCCCEN.dotx\" target=\"_blank\" rel=\"noreferrer noopener\">modelo para TCC CCEN<\/a>&nbsp;em arquivo \u00fanico (formato pdf).<\/p>\n","protected":false},"excerpt":{"rendered":"<p>A&nbsp; ficha catalogr\u00e1fica \u00e9 o registro das informa\u00e7\u00f5es que identificam a publica\u00e7\u00e3o na situa\u00e7\u00e3o atual, [&hellip;]<\/p>\n","protected":false},"author":47,"featured_media":0,"parent":0,"menu_order":0,"comment_status":"closed","ping_status":"closed","template":"","meta":{"footnotes":""},"class_list":["post-45","page","type-page","status-publish","hentry"],"_links":{"self":[{"href":"https:\/\/www.ccen.ufpb.br\/bsccen\/wp-json\/wp\/v2\/pages\/45","targetHints":{"allow":["GET"]}}],"collection":[{"href":"https:\/\/www.ccen.ufpb.br\/bsccen\/wp-json\/wp\/v2\/pages"}],"about":[{"href":"https:\/\/www.ccen.ufpb.br\/bsccen\/wp-json\/wp\/v2\/types\/page"}],"author":[{"embeddable":true,"href":"https:\/\/www.ccen.ufpb.br\/bsccen\/wp-json\/wp\/v2\/users\/47"}],"replies":[{"embeddable":true,"href":"https:\/\/www.ccen.ufpb.br\/bsccen\/wp-json\/wp\/v2\/comments?post=45"}],"version-history":[{"count":1,"href":"https:\/\/www.ccen.ufpb.br\/bsccen\/wp-json\/wp\/v2\/pages\/45\/revisions"}],"predecessor-version":[{"id":46,"href":"https:\/\/www.ccen.ufpb.br\/bsccen\/wp-json\/wp\/v2\/pages\/45\/revisions\/46"}],"wp:attachment":[{"href":"https:\/\/www.ccen.ufpb.br\/bsccen\/wp-json\/wp\/v2\/media?parent=45"}],"curies":[{"name":"wp","href":"https:\/\/api.w.org\/{rel}","templated":true}]}}