{"id":43,"date":"2026-04-20T10:47:23","date_gmt":"2026-04-20T13:47:23","guid":{"rendered":"https:\/\/www.ccen.ufpb.br\/bsccen\/?page_id=43"},"modified":"2026-04-23T20:03:22","modified_gmt":"2026-04-23T23:03:22","slug":"treinamentos","status":"publish","type":"page","link":"https:\/\/www.ccen.ufpb.br\/bsccen\/treinamentos\/","title":{"rendered":"Treinamentos"},"content":{"rendered":"\n<h2 class=\"wp-block-heading\"><div class=\"linha-header\"><strong>Portal de Peri\u00f3dicos CAPES<\/strong><\/div><\/h2>\n\n\n\n<p class=\" \"><strong><a href=\"http:\/\/www-periodicos-capes-gov-br.ezl.periodicos.capes.gov.br\/index.php?option=com_ptreinaments&amp;\" target=\"_blank\" rel=\"noreferrer noopener\">Clique aqui e fique por dentro das datas e treinamentos dispon\u00edveis<\/a><\/strong><\/p>\n\n\n\n<p class=\" \">Os Treinamentos acontecem on-line, s\u00e3o gratuitos e abertos para qualquer interessado, al\u00e9m de serem interativos e ocorrerem em tempo real.<\/p>\n\n\n\n<p>Recomenda-se utilizar o navegador \u201cMozilla Firefox\u201d ou \u201cGoogle Chrome\u201d, Java e Flash atualizados. Para realizar a inscri\u00e7\u00e3o v\u00e1 em&nbsp;<a href=\"http:\/\/www.periodicos.capes.gov.br\/\" target=\"_blank\" rel=\"noreferrer noopener\">www.periodicos.capes.gov.br<\/a>,&nbsp;entre em meu espa\u00e7o (se n\u00e3o tiver cadastro, cadastre-se), certifique-se que est\u00e1 autenticado no sistema, que dever\u00e1 estar aparecendo seu nome e e-mail, no canto superior, \u00e0 direita. Seguidamente, \u00e0 esquerda, busque o menu Treinamentos e escolha o treinamento desejado. Clique em solicitar inscri\u00e7\u00e3o e aguarde a confirma\u00e7\u00e3o por e-mail.<\/p>\n\n\n\n<p><strong>Para ter acesso ao conte\u00fado do Portal de Peri\u00f3dicos CAPES f<\/strong><strong>ora da rede UFPB existem duas formas:<\/strong><\/p>\n\n\n\n<p class=\" \"><strong>Por meio do Proxy da UFPB<\/strong><\/p>\n\n\n\n<ol class=\"wp-block-list\">\n<li>Se voc\u00ea usa o Windows, baixar o&nbsp;<a href=\"http:\/\/www.nti.ufpb.br\/proxyufpb\/setup_FirefoxUFPB.exe\" target=\"_blank\" rel=\"noreferrer noopener\">Firefox UFPB<\/a>&nbsp;(e usar credenciais do SIGAA).<\/li>\n\n\n\n<li>Se usa&nbsp;<a href=\"http:\/\/www.ccen.ufpb.br\/bsccen\/contents\/arquivos\/alterar_config_proxy_ipad.pdf\" target=\"_blank\" rel=\"noreferrer noopener\">ipad<\/a>.<\/li>\n\n\n\n<li>Se usa&nbsp;<a href=\"http:\/\/www.ccen.ufpb.br\/bsccen\/contents\/arquivos\/alterar_config_proxy_linux.pdf\" target=\"_blank\" rel=\"noreferrer noopener\">Linux<\/a>.&nbsp;<\/li>\n\n\n\n<li>Se usa&nbsp;<a href=\"http:\/\/www.ccen.ufpb.br\/bsccen\/contents\/arquivos\/alterar_config_proxy_macos.pdf\" target=\"_blank\" rel=\"noreferrer noopener\">Mac OS<\/a>.&nbsp;<\/li>\n\n\n\n<li>Se usa&nbsp;<a href=\"http:\/\/www.ccen.ufpb.br\/bsccen\/contents\/arquivos\/alterar_config_proxy_android.pdf\" target=\"_blank\" rel=\"noreferrer noopener\">Android.&nbsp;<\/a><\/li>\n<\/ol>\n\n\n\n<p class=\" \"><strong>Por meio do&nbsp;<a href=\"http:\/\/www.ccen.ufpb.br\/bsccen\/contents\/arquivos\/orientacoes_para_o_acesso_remoto_via_cafe.pdf\" target=\"_blank\" rel=\"noreferrer noopener\">CAFe<\/a><\/strong><strong>,&nbsp;<\/strong>Escolhendo a institui\u00e7\u00e3o UFPB e inserindo seu usu\u00e1rio e senha do SIGAA.<\/p>\n\n\n\n<p>OBS:\u00a0Para acessar o\u00a0<strong>SciFinder<\/strong>\u00a0\u00e9 necess\u00e1rio cadastrar o e-mail institucional; caso\u00a0n\u00e3o possua e\u00a0seja\u00a0<strong>servidor<\/strong>\u00a0(docente ou t\u00e9cnico-administrativo)\u00a0<a href=\"http:\/\/www.sti.ufpb.br\/suporte\/\" target=\"_blank\" rel=\"noreferrer noopener\">solicite aqui<\/a>. Aos\u00a0<strong>discentes<\/strong>, \u00e9 necess\u00e1rio entrar em contato com a Se\u00e7\u00e3o de Peri\u00f3dicos da Biblioteca Central (periodicos@biblioteca.ufpb.br), e informar:\u00a0Nome completo,\u00a0CPF\u00a0e e-mail pessoal.<\/p>\n","protected":false},"excerpt":{"rendered":"<p>Portal de Peri\u00f3dicos CAPES Clique aqui e fique por dentro das datas e treinamentos dispon\u00edveis [&hellip;]<\/p>\n","protected":false},"author":47,"featured_media":0,"parent":0,"menu_order":0,"comment_status":"closed","ping_status":"closed","template":"","meta":{"footnotes":""},"class_list":["post-43","page","type-page","status-publish","hentry"],"_links":{"self":[{"href":"https:\/\/www.ccen.ufpb.br\/bsccen\/wp-json\/wp\/v2\/pages\/43","targetHints":{"allow":["GET"]}}],"collection":[{"href":"https:\/\/www.ccen.ufpb.br\/bsccen\/wp-json\/wp\/v2\/pages"}],"about":[{"href":"https:\/\/www.ccen.ufpb.br\/bsccen\/wp-json\/wp\/v2\/types\/page"}],"author":[{"embeddable":true,"href":"https:\/\/www.ccen.ufpb.br\/bsccen\/wp-json\/wp\/v2\/users\/47"}],"replies":[{"embeddable":true,"href":"https:\/\/www.ccen.ufpb.br\/bsccen\/wp-json\/wp\/v2\/comments?post=43"}],"version-history":[{"count":2,"href":"https:\/\/www.ccen.ufpb.br\/bsccen\/wp-json\/wp\/v2\/pages\/43\/revisions"}],"predecessor-version":[{"id":140,"href":"https:\/\/www.ccen.ufpb.br\/bsccen\/wp-json\/wp\/v2\/pages\/43\/revisions\/140"}],"wp:attachment":[{"href":"https:\/\/www.ccen.ufpb.br\/bsccen\/wp-json\/wp\/v2\/media?parent=43"}],"curies":[{"name":"wp","href":"https:\/\/api.w.org\/{rel}","templated":true}]}}