{"id":41,"date":"2026-04-20T10:46:59","date_gmt":"2026-04-20T13:46:59","guid":{"rendered":"https:\/\/www.ccen.ufpb.br\/bsccen\/?page_id=41"},"modified":"2026-04-25T18:10:29","modified_gmt":"2026-04-25T21:10:29","slug":"doacao-de-materiais","status":"publish","type":"page","link":"https:\/\/www.ccen.ufpb.br\/bsccen\/doacao-de-materiais\/","title":{"rendered":"Doa\u00e7\u00e3o de materiais"},"content":{"rendered":"\n<p>A Biblioteca Setorial do Centro de Ci\u00eancias Exatas e da Natureza (CCEN) da Universidade Federal da Para\u00edba (UFPB) recebe doa\u00e7\u00f5es de materiais (livros, peri\u00f3dicos, cd, dvd etc) para incorpora\u00e7\u00e3o em seu acervo, por\u00e9m, em respeito \u00e0s pol\u00edticas de desenvolvimento de cole\u00e7\u00f5es e de preserva\u00e7\u00e3o e conserva\u00e7\u00e3o, o p\u00fablico interessado em doar materiais deve obedecer aos seguintes procedimentos:<\/p>\n\n\n\n<ol class=\"wp-block-list\">\n<li>Certificar-se de que as obras estejam em bom estado (\u00edntegras e sem sinais de infesta\u00e7\u00e3o por insetos ou fungos);<\/li>\n\n\n\n<li>Ter ci\u00eancia de que n\u00e3o s\u00e3o aceitos quadrinhos, cadernos de caligrafia, apostilas de cursinho e concurso; agendas, jornais e revistas semanais;<\/li>\n\n\n\n<li>Fazer listagem das obras a serem doadas, com t\u00edtulo do livro e quantidade de exemplares, conforme modelo do&nbsp;<a href=\"http:\/\/plone.ufpb.br\/bsccen\/contents\/arquivos\/doacao-de-livros.pdf\">Termo de Doa\u00e7\u00e3o<\/a>;<\/li>\n\n\n\n<li>Preencher o&nbsp;<a href=\"http:\/\/plone.ufpb.br\/bsccen\/contents\/arquivos\/doacao-de-livros.pdf\">Termo de Doa\u00e7\u00e3o<\/a>&nbsp;e entregar \u00e0 BS\/CCEN no ato da doa\u00e7\u00e3o, no qual o doador toma ci\u00eancia de que os itens cedidos isentam a Biblioteca Setorial do CCEN de quaisquer restri\u00e7\u00f5es quanto aos seus efeitos patrimoniais e financeiros, concordando ainda que a BS\/CCEN tem plena propriedade das publica\u00e7\u00f5es doadas e, ap\u00f3s a avalia\u00e7\u00e3o t\u00e9cnica, ficar\u00e1 autorizada a incorporar ao seu acervo, utilizar e divulgar estas publica\u00e7\u00f5es para fins culturais, bem como descartar o que n\u00e3o for conveniente \u00e0 sua cole\u00e7\u00e3o, direcionando-as a outra institui\u00e7\u00e3o ou p\u00fablico interessado.<\/li>\n<\/ol>\n\n\n\n<p class=\" \">Se for enviar pelos correios, endere\u00e7ar para: Biblioteca Setorial do CCEN &#8211; Universidade Federal da Para\u00edba &#8211;&nbsp;Campus I &#8211; Cidade Universit\u00e1ria &#8211; Jo\u00e3o Pessoa &#8211; PB &#8211; Brasil.&nbsp;CEP: 58051-900.<\/p>\n","protected":false},"excerpt":{"rendered":"<p>A Biblioteca Setorial do Centro de Ci\u00eancias Exatas e da Natureza (CCEN) da Universidade Federal [&hellip;]<\/p>\n","protected":false},"author":47,"featured_media":0,"parent":0,"menu_order":0,"comment_status":"closed","ping_status":"closed","template":"","meta":{"footnotes":""},"class_list":["post-41","page","type-page","status-publish","hentry"],"_links":{"self":[{"href":"https:\/\/www.ccen.ufpb.br\/bsccen\/wp-json\/wp\/v2\/pages\/41","targetHints":{"allow":["GET"]}}],"collection":[{"href":"https:\/\/www.ccen.ufpb.br\/bsccen\/wp-json\/wp\/v2\/pages"}],"about":[{"href":"https:\/\/www.ccen.ufpb.br\/bsccen\/wp-json\/wp\/v2\/types\/page"}],"author":[{"embeddable":true,"href":"https:\/\/www.ccen.ufpb.br\/bsccen\/wp-json\/wp\/v2\/users\/47"}],"replies":[{"embeddable":true,"href":"https:\/\/www.ccen.ufpb.br\/bsccen\/wp-json\/wp\/v2\/comments?post=41"}],"version-history":[{"count":2,"href":"https:\/\/www.ccen.ufpb.br\/bsccen\/wp-json\/wp\/v2\/pages\/41\/revisions"}],"predecessor-version":[{"id":225,"href":"https:\/\/www.ccen.ufpb.br\/bsccen\/wp-json\/wp\/v2\/pages\/41\/revisions\/225"}],"wp:attachment":[{"href":"https:\/\/www.ccen.ufpb.br\/bsccen\/wp-json\/wp\/v2\/media?parent=41"}],"curies":[{"name":"wp","href":"https:\/\/api.w.org\/{rel}","templated":true}]}}