{"id":38,"date":"2026-04-20T10:43:04","date_gmt":"2026-04-20T13:43:04","guid":{"rendered":"https:\/\/www.ccen.ufpb.br\/bsccen\/?page_id=38"},"modified":"2026-04-20T10:43:40","modified_gmt":"2026-04-20T13:43:40","slug":"sugira-um-titulo-para-a-biblioteca","status":"publish","type":"page","link":"https:\/\/www.ccen.ufpb.br\/bsccen\/sugira-um-titulo-para-a-biblioteca\/","title":{"rendered":"Sugira um t\u00edtulo para a Biblioteca"},"content":{"rendered":"\n<p>Este \u00e9 o espa\u00e7o para a comunidade acad\u00eamica do CCEN\/UFPB ajudar-nos a construir um acervo rico e atual.<\/p>\n\n\n\n<p>Solicitamos que sugiram t\u00edtulos, baseados em seus estudos, realizados no \u00e2mbito do CCEN\/UFPB, de livros, peri\u00f3dicos, bases de dados, normas t\u00e9cnicas e demais documentos que possam servir, n\u00e3o s\u00f3 a si, mas a comunidade do CCEN\/UFPB.<\/p>\n\n\n\n<iframe loading=\"lazy\" src=\"https:\/\/docs.google.com\/forms\/d\/e\/1FAIpQLScKEViMgTlPz0bs-_Pl0JtSNdUhohcl9wNWBnUgaAH34O1UMQ\/viewform?embedded=true\" width=\"640\" height=\"2187\" frameborder=\"0\" style=\"\"><\/iframe>\n","protected":false},"excerpt":{"rendered":"<p>Este \u00e9 o espa\u00e7o para a comunidade acad\u00eamica do CCEN\/UFPB ajudar-nos a construir um acervo [&hellip;]<\/p>\n","protected":false},"author":47,"featured_media":0,"parent":0,"menu_order":0,"comment_status":"closed","ping_status":"closed","template":"","meta":{"footnotes":""},"class_list":["post-38","page","type-page","status-publish","hentry"],"_links":{"self":[{"href":"https:\/\/www.ccen.ufpb.br\/bsccen\/wp-json\/wp\/v2\/pages\/38","targetHints":{"allow":["GET"]}}],"collection":[{"href":"https:\/\/www.ccen.ufpb.br\/bsccen\/wp-json\/wp\/v2\/pages"}],"about":[{"href":"https:\/\/www.ccen.ufpb.br\/bsccen\/wp-json\/wp\/v2\/types\/page"}],"author":[{"embeddable":true,"href":"https:\/\/www.ccen.ufpb.br\/bsccen\/wp-json\/wp\/v2\/users\/47"}],"replies":[{"embeddable":true,"href":"https:\/\/www.ccen.ufpb.br\/bsccen\/wp-json\/wp\/v2\/comments?post=38"}],"version-history":[{"count":2,"href":"https:\/\/www.ccen.ufpb.br\/bsccen\/wp-json\/wp\/v2\/pages\/38\/revisions"}],"predecessor-version":[{"id":40,"href":"https:\/\/www.ccen.ufpb.br\/bsccen\/wp-json\/wp\/v2\/pages\/38\/revisions\/40"}],"wp:attachment":[{"href":"https:\/\/www.ccen.ufpb.br\/bsccen\/wp-json\/wp\/v2\/media?parent=38"}],"curies":[{"name":"wp","href":"https:\/\/api.w.org\/{rel}","templated":true}]}}