{"id":36,"date":"2026-04-20T10:40:45","date_gmt":"2026-04-20T13:40:45","guid":{"rendered":"https:\/\/www.ccen.ufpb.br\/bsccen\/?page_id=36"},"modified":"2026-04-25T18:59:03","modified_gmt":"2026-04-25T21:59:03","slug":"assistencia-ao-pesquisador","status":"publish","type":"page","link":"https:\/\/www.ccen.ufpb.br\/bsccen\/assistencia-ao-pesquisador\/","title":{"rendered":"Assist\u00eancia ao pesquisador"},"content":{"rendered":"\n<div style=\"font-size: 16px\">\n<div class=\"visualClear\" id=\"conteudo\" style=\"text-align: center\">\n<div class=\"visualClear\" id=\"texto\">\n<div class=\"visualClear\" id=\"texto_int\">\n<div class=\"visualClear\" style=\"text-align: center\"><!-- fim carrocel --><\/div>\n<\/div>\n<\/div>\n<\/div>\n\n<table class=\"plain\">\n<tbody>\n<tr>\n<td><strong><\/strong><\/td>\n<td><strong><\/strong><\/td>\n<td><strong>Dados:<\/strong><\/td>\n<\/tr>\n\n<tr>\n<td style=\"text-align: justify\">1.<\/td>\n<td style=\"text-align: justify\"><\/td>\n<td style=\"text-align: justify\"><a class=\"external-link\" href=\"http:\/\/plone.ufpb.br\/bsccen\/contents\/paginas\/servicos\/apoio-ao-pesquisador-1\/portais-de-pesquisa\" target=\"_self\" title=\"\">Fontes de informa\u00e7\u00f5es cient\u00edficas<\/a>;<\/div>\n<\/td>\n<\/tr>\n\n<tr>\n<td style=\"text-align: justify\">2.<\/td>\n<td style=\"text-align: justify\"><\/td>\n<td style=\"text-align: justify\"><a class=\"internal-link\" href=\"http:\/\/plone.ufpb.br\/bsccen\/contents\/paginas\/servicos\/apoio-ao-pesquisador-1\/integridade-academica-e-plagil\" target=\"_self\" title=\"\">Integridade acad\u00eamica e pl\u00e1gio<\/a>;<\/div>\n<\/td>\n<\/tr>\n\n<tr>\n<td style=\"text-align: justify\">3.<\/td>\n<td style=\"text-align: justify\"><\/td>\n<td style=\"text-align: justify\">\n<div><span><\/span><a class=\"internal-link\" href=\"http:\/\/plone.ufpb.br\/bsccen\/contents\/paginas\/servicos\/apoio-ao-pesquisador-1\/padronizacao-e-normalizacao-de-trabalhos-academicos\" target=\"_self\" title=\"\">Padroniza\u00e7\u00e3o e normaliza\u00e7\u00e3o<\/a>;<\/div>\n<\/td>\n<\/tr>\n\n<tr>\n<td style=\"text-align: justify\">4.<\/td>\n<td style=\"text-align: justify\"><\/td>\n<td style=\"text-align: justify\">\n<div><span><\/span><a class=\"internal-link\" href=\"http:\/\/plone.ufpb.br\/bsccen\/contents\/paginas\/servicos\/apoio-ao-pesquisador-1\/identificador-digital-do-pesquisador\" target=\"_self\" title=\"\">Identificador digital do\u00a0pesquisador<\/a>;<\/div>\n<\/td>\n<\/tr>\n\n<tr>\n<td style=\"text-align: justify\">5.<\/td>\n<td style=\"text-align: justify\"><\/td>\n<td style=\"text-align: justify\">\n<div><span><\/span><a class=\"internal-link\" href=\"http:\/\/plone.ufpb.br\/bsccen\/contents\/paginas\/servicos\/apoio-ao-pesquisador-1\/gerenciadores-de-referencias\" target=\"_self\" title=\"\">Gerenciadores de refer\u00eancia<\/a>;<\/div>\n<\/td>\n<\/tr>\n\n<tr>\n<td style=\"text-align: justify\">6.<\/td>\n<td style=\"text-align: justify\"><\/td>\n<td style=\"text-align: justify\">\n<div><span><\/span><a class=\"internal-link\" href=\"http:\/\/plone.ufpb.br\/bsccen\/contents\/paginas\/servicos\/apoio-ao-pesquisador-1\/indicadores-de-pesquisa\" target=\"_self\" title=\"\">Indicadores de pesquisa<\/a>;<\/div>\n<\/td>\n<\/tr>\n\n<tr>\n<td style=\"text-align: justify\">7.<\/td>\n<td style=\"text-align: justify\"><\/td>\n<td style=\"text-align: justify\">\n<div><span><\/span><a class=\"internal-link\" href=\"http:\/\/plone.ufpb.br\/bsccen\/contents\/paginas\/servicos\/apoio-ao-pesquisador-1\/isbn-e-issn\" target=\"_self\" title=\"\">ISBN e ISSN<\/a>.<\/div>\n<\/td>\n<\/tr>\n\n<\/tbody>\n<\/table>\n\n\n\n<p><\/p>\n","protected":false},"excerpt":{"rendered":"<p>Dados: 1. Fontes de informa\u00e7\u00f5es cient\u00edficas; 2. Integridade acad\u00eamica e pl\u00e1gio; 3. Padroniza\u00e7\u00e3o e normaliza\u00e7\u00e3o; [&hellip;]<\/p>\n","protected":false},"author":47,"featured_media":0,"parent":0,"menu_order":0,"comment_status":"closed","ping_status":"closed","template":"","meta":{"footnotes":""},"class_list":["post-36","page","type-page","status-publish","hentry"],"_links":{"self":[{"href":"https:\/\/www.ccen.ufpb.br\/bsccen\/wp-json\/wp\/v2\/pages\/36","targetHints":{"allow":["GET"]}}],"collection":[{"href":"https:\/\/www.ccen.ufpb.br\/bsccen\/wp-json\/wp\/v2\/pages"}],"about":[{"href":"https:\/\/www.ccen.ufpb.br\/bsccen\/wp-json\/wp\/v2\/types\/page"}],"author":[{"embeddable":true,"href":"https:\/\/www.ccen.ufpb.br\/bsccen\/wp-json\/wp\/v2\/users\/47"}],"replies":[{"embeddable":true,"href":"https:\/\/www.ccen.ufpb.br\/bsccen\/wp-json\/wp\/v2\/comments?post=36"}],"version-history":[{"count":6,"href":"https:\/\/www.ccen.ufpb.br\/bsccen\/wp-json\/wp\/v2\/pages\/36\/revisions"}],"predecessor-version":[{"id":236,"href":"https:\/\/www.ccen.ufpb.br\/bsccen\/wp-json\/wp\/v2\/pages\/36\/revisions\/236"}],"wp:attachment":[{"href":"https:\/\/www.ccen.ufpb.br\/bsccen\/wp-json\/wp\/v2\/media?parent=36"}],"curies":[{"name":"wp","href":"https:\/\/api.w.org\/{rel}","templated":true}]}}