{"id":34,"date":"2026-04-20T10:39:23","date_gmt":"2026-04-20T13:39:23","guid":{"rendered":"https:\/\/www.ccen.ufpb.br\/bsccen\/?page_id=34"},"modified":"2026-04-25T18:06:22","modified_gmt":"2026-04-25T21:06:22","slug":"acesso-wireless-rede-sem-fio","status":"publish","type":"page","link":"https:\/\/www.ccen.ufpb.br\/bsccen\/acesso-wireless-rede-sem-fio\/","title":{"rendered":"Acesso Wireless (rede sem fio)"},"content":{"rendered":"\n<p class=\" \">A Biblioteca Setorial do CCEN, oferece ambiente com acesso \u00e0 Internet por meio das redes UFPBSemFios e Eduroam. Veja como configurar seu dispositivo:<\/p>\n\n\n\n<p><strong>UFPBSemFios<\/strong><\/p>\n\n\n\n<p>Para acesso \u00e0 rede UFPBSemFios, de uso restrito \u00e0 alunos, professores e servidores t\u00e9cnico-administrativos, as orienta\u00e7\u00f5es para configura\u00e7\u00e3o dos dispositivos m\u00f3veis s\u00e3o \u00e0s seguintes:<\/p>\n\n\n\n<div style=\"font-size: 14px\">\n<div class=\"visualClear\" id=\"conteudo\" style=\"text-align: center\">\n<div class=\"visualClear\" id=\"texto\">\n<div class=\"visualClear\" id=\"texto_int\">\n<div class=\"visualClear\" style=\"text-align: center\"><!-- fim carrocel --><\/div>\n<\/div>\n<\/div>\n<\/div>\n\n<table class=\"plain\">\n<tbody>\n<tr>\n<td><strong>Sistema Operacional:<\/strong><\/td>\n<td><strong><\/strong><\/td>\n<td><strong>Configura\u00e7\u00e3o:<\/strong><\/td>\n<\/tr>\n\n<tr>\n<td style=\"text-align: justify\">Android<\/td>\n<td style=\"text-align: justify\"><\/td>\n<td style=\"text-align: justify\"><a target=\"_self\" title=\"\">Procure pela rede UfpbSemFios.\u00a0\nSelecione M\u00e9todo EAP: PEAP.\nAutentica\u00e7\u00e3o de Fase 2: MSCHAPV2\nCertificado CA: (n\u00e3o especificado).\nIdentidade: seu usu\u00e1rio do sistema SIGAA \/ SIGRH.\nIdentidade an\u00f4nima: deixe em branco.\nSenha: senha do sistema SIGAA \/ SIGRH.\nConectar!\u00a0OBS: Nos\u00a0celulares\u00a0da marca\u00a0Motorola\u00a0&#8211; A STI recomenda acessar a rede eduroam, informando o dom\u00ednio: ufpb.br. Quanto ao certificado, escolher a op\u00e7\u00e3o n\u00e3o validar.<\/a>;<\/div>\n<\/td>\n<\/tr>\n\n<td><\/td>\n\n<tr>\n<td style=\"text-align: justify\">Linux<\/td>\n<td style=\"text-align: justify\"><\/td>\n<td style=\"text-align: justify\"><a target=\"_self\" title=\"\">Procure pela rede UfpbSemFios.\nSeguran\u00e7a Wi-FI: WPA &amp; WPA2 empresas.\nAutentica\u00e7\u00e3o: TLS encapsulado.\nIdentidade an\u00f4nima: deixe em branco.\nCertificado CA: (Nenhum). Marque a op\u00e7\u00e3o \u201cNenhum certificado CA \u00e9 necess\u00e1rio.\nAutentica\u00e7\u00e3o interna: MSCHAPv2.\nNome de usu\u00e1rio: seu usu\u00e1rio do sistema SIGAA \/ SIGRH.\nSenha: senha do sistema SIGAA \/ SIGRH.\nConectar!<\/a>;<\/div>\n<\/td>\n<\/tr>\n\n<td><\/td>\n\n<tr>\n<td style=\"text-align: justify\">Windows<\/td>\n<td style=\"text-align: justify\"><\/td>\n<td style=\"text-align: justify\">\n<div><span><\/span><a target=\"_self\" title=\"\">Baixar e executar o aplicativo de configura\u00e7\u00e3o da rede UfpbSemFios dispon\u00edvel no endere\u00e7o:http:\/\/www.sti.ufpb.br\/ftp\/wifi\/ConfiguraUfpbSemFios.exeProcure pela rede UfpbSemFios.\u00a0\nNome de usu\u00e1rio: seu usu\u00e1rio do sistema SIGAA \/ SIGRH.\nSenha: senha do sistema SIGAA \/ SIGRH.\nConectar!o<\/a>;<\/div>\n<\/td>\n<\/tr>\n\n<td><\/td>\n\n<tr>\n<td style=\"text-align: justify\">iOS e macOS<\/td>\n<td style=\"text-align: justify\"><\/td>\n<td style=\"text-align: justify\">\n<div><span><\/span><a target=\"_self\" title=\"\">Procure pela rede UfpbSemFios.Nome de usu\u00e1rio: seu usu\u00e1rio do sistema SIGAA \/ SIGRH.Senha: senha do sistema SIGAA \/ SIGRH. Conectar!<\/a><\/div>\n<\/td>\n<\/tr>\n\n<\/tbody>\n<\/table>\n\n\n\n<p><\/p>\n\n\n\n<p><strong>Eduroam<\/strong><\/p>\n\n\n\n<p>A eduroam (<em>education roaming<\/em>) \u00e9 uma rede de servi\u00e7os internacional de&nbsp;<em>roaming<\/em>&nbsp;para os usu\u00e1rios em pesquisa no ensino superior e cursos subsequentes. Ela oferece \u00e0 comunidade acad\u00eamica (alunos, professores e t\u00e9cnico-administrativos) um f\u00e1cil e seguro acesso a rede ao visitar uma institui\u00e7\u00e3o diferente da sua. Com a eduroam, voc\u00ea se conecta \u00e0 rede Wi-Fi da sua institui\u00e7\u00e3o de ensino e pesquisa ou de qualquer localidade do mundo, desde que haja ponto de acesso.<\/p>\n\n\n\n<p class=\" \"><a href=\"https:\/\/monitor.eduroam.org\/map_service_loc.php\" target=\"_blank\" rel=\"noreferrer noopener\">Veja o mapa da Eduroam no mundo<\/a>.<\/p>\n\n\n\n<p>No Brasil, temos hoje mais de 2.300 pontos de acesso, al\u00e9m de outros milhares distribu\u00eddos em cerca de 90 pa\u00edses. No mundo, \u00e9 poss\u00edvel encontrar o eduroam em universidades, centros de pesquisa, pra\u00e7as p\u00fablicas, aeroportos e at\u00e9 cafeterias. Onde quer que voc\u00ea veja &#8220;eduroam&#8221; aparecer na sua lista de redes Wi-Fi, pode se conectar.<\/p>\n\n\n\n<p>Para acessar a rede Eduroam deve-se utilizar as credenciais do SIGAA. Nesse caso, o usu\u00e1rio ser\u00e1:\u00a0usuariodosigaa@ufpb.br e a senha \u00e9 a mesma do SIGAA.<\/p>\n","protected":false},"excerpt":{"rendered":"<p>A Biblioteca Setorial do CCEN, oferece ambiente com acesso \u00e0 Internet por meio das redes [&hellip;]<\/p>\n","protected":false},"author":47,"featured_media":0,"parent":0,"menu_order":0,"comment_status":"closed","ping_status":"closed","template":"","meta":{"footnotes":""},"class_list":["post-34","page","type-page","status-publish","hentry"],"_links":{"self":[{"href":"https:\/\/www.ccen.ufpb.br\/bsccen\/wp-json\/wp\/v2\/pages\/34","targetHints":{"allow":["GET"]}}],"collection":[{"href":"https:\/\/www.ccen.ufpb.br\/bsccen\/wp-json\/wp\/v2\/pages"}],"about":[{"href":"https:\/\/www.ccen.ufpb.br\/bsccen\/wp-json\/wp\/v2\/types\/page"}],"author":[{"embeddable":true,"href":"https:\/\/www.ccen.ufpb.br\/bsccen\/wp-json\/wp\/v2\/users\/47"}],"replies":[{"embeddable":true,"href":"https:\/\/www.ccen.ufpb.br\/bsccen\/wp-json\/wp\/v2\/comments?post=34"}],"version-history":[{"count":10,"href":"https:\/\/www.ccen.ufpb.br\/bsccen\/wp-json\/wp\/v2\/pages\/34\/revisions"}],"predecessor-version":[{"id":222,"href":"https:\/\/www.ccen.ufpb.br\/bsccen\/wp-json\/wp\/v2\/pages\/34\/revisions\/222"}],"wp:attachment":[{"href":"https:\/\/www.ccen.ufpb.br\/bsccen\/wp-json\/wp\/v2\/media?parent=34"}],"curies":[{"name":"wp","href":"https:\/\/api.w.org\/{rel}","templated":true}]}}