{"id":32,"date":"2026-04-20T10:38:29","date_gmt":"2026-04-20T13:38:29","guid":{"rendered":"https:\/\/www.ccen.ufpb.br\/bsccen\/?page_id=32"},"modified":"2026-04-25T18:32:59","modified_gmt":"2026-04-25T21:32:59","slug":"emprestimo-renovacao-e-devolucao-de-material-bibliografico","status":"publish","type":"page","link":"https:\/\/www.ccen.ufpb.br\/bsccen\/emprestimo-renovacao-e-devolucao-de-material-bibliografico\/","title":{"rendered":"Empr\u00e9stimo, renova\u00e7\u00e3o e devolu\u00e7\u00e3o de material bibliogr\u00e1fico"},"content":{"rendered":"\n<p class=\" \">A Biblioteca Setorial do CCEN realiza empr\u00e9stimos domiciliares de livros&nbsp;a estudantes, professores e t\u00e9cnico-administrativos da Institui\u00e7\u00e3o. Para tanto, \u00e9 preciso ter cadastro no&nbsp;<a href=\"http:\/\/www.sti.ufpb.br\/sti\/contents\/documentos\/manuais-sigaa\/manual-de-acesso-ao-sigaa.pdf\" target=\"_blank\" rel=\"noreferrer noopener\">Sistema Integrado de Gest\u00e3o de Atividades Acad\u00eamicas (SIGAA)<\/a>, e no m\u00f3dulo Biblioteca.<\/p>\n\n\n\n<p class=\" \">Para se&nbsp;<a href=\"http:\/\/plone.ufpb.br\/bsccen\/contents\/paginas\/servicos\/cadastro-na-biblioteca\">cadastrar no m\u00f3dulo Biblioteca<\/a>,&nbsp;utilize seu usu\u00e1rio e senha do&nbsp;<a href=\"http:\/\/sigaa.ufpb.br\/sigaa\/logon.jsf\" target=\"_blank\" rel=\"noreferrer noopener\">SIGAA<\/a>, acesse a&nbsp;<a href=\"https:\/\/sigaa.ufpb.br\/sigaa\/portais\/discente\/beta\/discente.jsf\" target=\"_blank\" rel=\"noreferrer noopener\">aba Biblioteca<\/a>&nbsp;e a op\u00e7\u00e3o:&nbsp;<strong>Cadastrar para utilizar os servi\u00e7os da Biblioteca<\/strong>. Escolha seu v\u00ednculo, uma senha num\u00e9rica, de 6 a 8 d\u00edgitos e confirme com a senha do sistema (SIGAA). Em seguida, estar\u00e1 apto para levar materiais em todas as bibliotecas do&nbsp;<a href=\"https:\/\/bit.ly\/2Io7edz\" target=\"_blank\" rel=\"noreferrer noopener\">Sistema de Bibliotecas da UFPB<\/a>.<\/p>\n\n\n\n<p class=\" \">Os materiais s\u00e3o emprestados, apenas, aos alunos e servidores (professores e t\u00e9cnico-administrativos) da UFPB que estejam com v\u00ednculo ativo no SIGAA e que tenha cadastrado sua senha da Biblioteca.<\/p>\n\n\n\n<p>Quantidade de obras e prazo de empr\u00e9stimo por&nbsp;usu\u00e1rio&nbsp;(v\u00ednculo com a UFPB) :<\/p>\n\n\n\n<div style=\"font-size: 16px\">\n<div class=\"visualClear\" id=\"conteudo\" style=\"text-align: center\">\n<div class=\"visualClear\" id=\"texto\">\n<div class=\"visualClear\" id=\"texto_int\">\n<div class=\"visualClear\" style=\"text-align: center\"><!-- fim carrocel --><\/div>\n<\/div>\n<\/div>\n<\/div>\n\n<table class=\"plain\">\n<tbody>\n<tr>\n<td><strong>V\u00ednculo com a UFPB:<\/strong><\/td>\n<td><strong><\/strong><\/td>\n<td><strong>Quantidade de obras:<\/strong><\/td>\n<td><strong><\/strong><\/td>\n<td><strong>Prazo de empr\u00e9stimo (dias):<\/strong><\/td>\n<td><strong><\/strong><\/td>\n<td><strong>Renova\u00e7\u00e3o de empr\u00e9stimo*(dias):<\/strong><\/td>\n<\/tr>\n\n<tr>\n<td style=\"text-align: justify\">Alunos<\/td>\n<td style=\"text-align: justify\"><\/td>\n<td style=\"text-align: justify\">6<\/td>\n<td style=\"text-align: justify\"><\/td>\n<td style=\"text-align: justify\">20<\/td>\n<td style=\"text-align: justify\"><\/td>\n<td style=\"text-align: justify\">20<\/td><\/div>\n<\/div>\n<\/td>\n<\/tr>\n\n<tr>\n<td style=\"text-align: justify\">T\u00e9cnico-administrativos<\/td>\n<td style=\"text-align: justify\"><\/td>\n<td style=\"text-align: justify\">6<\/td>\n<td style=\"text-align: justify\"><\/td>\n<td style=\"text-align: justify\">20<\/td>\n<td style=\"text-align: justify\"><\/td>\n<td style=\"text-align: justify\">20<\/td><\/div>\n<\/div>\n<\/td>\n<\/tr>\n\n<tr>\n<td style=\"text-align: justify\">Professores<\/td>\n<td style=\"text-align: justify\"><\/td>\n<td style=\"text-align: justify\">10<\/td>\n<td style=\"text-align: justify\"><\/td>\n<td style=\"text-align: justify\">20<\/td>\n<td style=\"text-align: justify\"><\/td>\n<td style=\"text-align: justify\">20<\/td><\/div>\n<\/div>\n<\/td>\n<\/tr>\n\n<\/tbody>\n<\/table>\n\n\n\n<p><strong>&nbsp;*<\/strong>&nbsp;Poder\u00e1 ser realizado uma \u00fanica vez.&nbsp;<\/p>\n\n\n\n<p class=\" \">Os materiais bibliogr\u00e1ficos retirados nas Bibliotecas dever\u00e3o ser devolvidos, exclusivamente, na mesma Biblioteca onde o material foi retirado.<\/p>\n\n\n\n<p class=\" \">Ser\u00e1&nbsp;cobrada multa de R$0,50 por dia e por livro atrasado. A Guia para pagamento, bem como todas as informa\u00e7\u00f5es sobre seus empr\u00e9stimos podem ser acessadas pelo SIGAA&gt;Biblioteca&gt;Empr\u00e9stimos.<\/p>\n\n\n\n<p><\/p>\n","protected":false},"excerpt":{"rendered":"<p>A Biblioteca Setorial do CCEN realiza empr\u00e9stimos domiciliares de livros&nbsp;a estudantes, professores e t\u00e9cnico-administrativos da [&hellip;]<\/p>\n","protected":false},"author":47,"featured_media":0,"parent":0,"menu_order":0,"comment_status":"closed","ping_status":"closed","template":"","meta":{"footnotes":""},"class_list":["post-32","page","type-page","status-publish","hentry"],"_links":{"self":[{"href":"https:\/\/www.ccen.ufpb.br\/bsccen\/wp-json\/wp\/v2\/pages\/32","targetHints":{"allow":["GET"]}}],"collection":[{"href":"https:\/\/www.ccen.ufpb.br\/bsccen\/wp-json\/wp\/v2\/pages"}],"about":[{"href":"https:\/\/www.ccen.ufpb.br\/bsccen\/wp-json\/wp\/v2\/types\/page"}],"author":[{"embeddable":true,"href":"https:\/\/www.ccen.ufpb.br\/bsccen\/wp-json\/wp\/v2\/users\/47"}],"replies":[{"embeddable":true,"href":"https:\/\/www.ccen.ufpb.br\/bsccen\/wp-json\/wp\/v2\/comments?post=32"}],"version-history":[{"count":4,"href":"https:\/\/www.ccen.ufpb.br\/bsccen\/wp-json\/wp\/v2\/pages\/32\/revisions"}],"predecessor-version":[{"id":229,"href":"https:\/\/www.ccen.ufpb.br\/bsccen\/wp-json\/wp\/v2\/pages\/32\/revisions\/229"}],"wp:attachment":[{"href":"https:\/\/www.ccen.ufpb.br\/bsccen\/wp-json\/wp\/v2\/media?parent=32"}],"curies":[{"name":"wp","href":"https:\/\/api.w.org\/{rel}","templated":true}]}}