{"id":29,"date":"2026-04-20T10:32:23","date_gmt":"2026-04-20T13:32:23","guid":{"rendered":"https:\/\/www.ccen.ufpb.br\/bsccen\/?page_id=29"},"modified":"2026-04-23T19:11:47","modified_gmt":"2026-04-23T22:11:47","slug":"cadastro-na-biblioteca","status":"publish","type":"page","link":"https:\/\/www.ccen.ufpb.br\/bsccen\/cadastro-na-biblioteca\/","title":{"rendered":"Cadastro na biblioteca"},"content":{"rendered":"\n<p>O cadastramento ocorre por meio do&nbsp;<a href=\"https:\/\/sigaa.ufpb.br\/sigaa\/public\/cadastro\/cadastro.jsf\" target=\"_blank\" rel=\"noreferrer noopener\">SIGAA<\/a>, o (a) usu\u00e1rio (a) dever\u00e1 fazer seu&nbsp;<a href=\"http:\/\/www.sti.ufpb.br\/sti\/contents\/documentos\/manuais-sigaa\/manual-de-acesso-ao-sigaa.pdf\" target=\"_blank\" rel=\"noreferrer noopener\">cadastro inicialmente no SIGAA,<\/a>&nbsp;para, em seguida, se cadastrar na biblioteca.<\/p>\n\n\n\n<p>Para isto, ap\u00f3s se cadastrar no SIGAA, dever\u00e1 escolher a op\u00e7\u00e3o Biblioteca que aparecer\u00e1 ap\u00f3s ter se autenticado (entrar no&nbsp;<a href=\"https:\/\/sigaa.ufpb.br\/sigaa\/logon.jsf\" target=\"_blank\" rel=\"noreferrer noopener\">SIGAA<\/a>&nbsp;com usu\u00e1rio e senha previamente definidos). Ao escolher a op\u00e7\u00e3o biblioteca, dever\u00e1, seguidamente, clicar na op\u00e7\u00e3o &#8220;cadastrar para utilizar os servi\u00e7os da biblioteca&#8221;, logo, aparecer\u00e1 uma tela solicitando que voc\u00ea escolha o v\u00ednculo com a UFPB, uma senha num\u00e9rica (6 a 8 d\u00edgitos) e um campo de confirma\u00e7\u00e3o de senha do sistema, onde dever\u00e1 ser inserida a senha do SIGAA. Depois, clique em cadastrar e uma mensagem na cor verde no canto esquerdo superior aparecer\u00e1, afirmando: &#8220;usu\u00e1rio cadastrado com sucesso&#8221;. Assim, estar\u00e1 apto (a) para retirar livros por empr\u00e9stimo em todas as bibliotecas do&nbsp;<a href=\"http:\/\/www.biblioteca.ufpb.br\/biblioteca\/contents\/menu\/biblioteca-1\/copy_of_sistemoteca\" target=\"_blank\" rel=\"noreferrer noopener\">Sistema de Bibliotecas da UFPB<\/a>.<\/p>\n\n\n\n<h2 class=\"wp-block-heading\"><div class=\"linha-header\">Tutorial Youtube:<\/div><\/h2>\n\n\n\n\n\n\n\n<p>Tutorial Simplificado:<br><\/p>\n\n\n\n<figure class=\"wp-block-image size-full is-resized\"><img loading=\"lazy\" decoding=\"async\" width=\"205\" height=\"513\" src=\"http:\/\/www.ccen.ufpb.br\/bsccen\/wp-content\/uploads\/sites\/115\/sites\/477\/2026\/04\/10b1119f-9026-4781-bb65-e6e868fe93a7.png\" alt=\"\" class=\"wp-image-30\" style=\"aspect-ratio:0.3996106307925002;width:324px;height:auto\" srcset=\"https:\/\/www.ccen.ufpb.br\/bsccen\/wp-content\/uploads\/sites\/115\/sites\/477\/2026\/04\/10b1119f-9026-4781-bb65-e6e868fe93a7.png 205w, https:\/\/www.ccen.ufpb.br\/bsccen\/wp-content\/uploads\/sites\/115\/sites\/477\/2026\/04\/10b1119f-9026-4781-bb65-e6e868fe93a7-120x300.png 120w\" sizes=\"auto, (max-width: 205px) 100vw, 205px\" \/><\/figure>\n\n\n\n<p class=\" \">Para quem est\u00e1 iniciando na UFPB, acesse o&nbsp;<a href=\"https:\/\/www.ufpb.br\/ufpb\/contents\/documentos\/manual-do-estudante\/manual-do-estudante-17-08.pdf\" target=\"_blank\" rel=\"noreferrer noopener\">Manual do Estudante da UFPB<\/a>&nbsp;nele voc\u00ea encontra um resumo do que \u00e9 UFPB proporciona para a comunidade acad\u00eamica.<\/p>\n","protected":false},"excerpt":{"rendered":"<p>O cadastramento ocorre por meio do&nbsp;SIGAA, o (a) usu\u00e1rio (a) dever\u00e1 fazer seu&nbsp;cadastro inicialmente no [&hellip;]<\/p>\n","protected":false},"author":47,"featured_media":0,"parent":0,"menu_order":0,"comment_status":"closed","ping_status":"closed","template":"","meta":{"footnotes":""},"class_list":["post-29","page","type-page","status-publish","hentry"],"_links":{"self":[{"href":"https:\/\/www.ccen.ufpb.br\/bsccen\/wp-json\/wp\/v2\/pages\/29","targetHints":{"allow":["GET"]}}],"collection":[{"href":"https:\/\/www.ccen.ufpb.br\/bsccen\/wp-json\/wp\/v2\/pages"}],"about":[{"href":"https:\/\/www.ccen.ufpb.br\/bsccen\/wp-json\/wp\/v2\/types\/page"}],"author":[{"embeddable":true,"href":"https:\/\/www.ccen.ufpb.br\/bsccen\/wp-json\/wp\/v2\/users\/47"}],"replies":[{"embeddable":true,"href":"https:\/\/www.ccen.ufpb.br\/bsccen\/wp-json\/wp\/v2\/comments?post=29"}],"version-history":[{"count":2,"href":"https:\/\/www.ccen.ufpb.br\/bsccen\/wp-json\/wp\/v2\/pages\/29\/revisions"}],"predecessor-version":[{"id":137,"href":"https:\/\/www.ccen.ufpb.br\/bsccen\/wp-json\/wp\/v2\/pages\/29\/revisions\/137"}],"wp:attachment":[{"href":"https:\/\/www.ccen.ufpb.br\/bsccen\/wp-json\/wp\/v2\/media?parent=29"}],"curies":[{"name":"wp","href":"https:\/\/api.w.org\/{rel}","templated":true}]}}