{"id":27,"date":"2026-04-20T10:24:03","date_gmt":"2026-04-20T13:24:03","guid":{"rendered":"https:\/\/www.ccen.ufpb.br\/bsccen\/?page_id=27"},"modified":"2026-04-20T10:24:03","modified_gmt":"2026-04-20T13:24:03","slug":"perguntas-frequentes","status":"publish","type":"page","link":"https:\/\/www.ccen.ufpb.br\/bsccen\/perguntas-frequentes\/","title":{"rendered":"Perguntas Frequentes"},"content":{"rendered":"\n<h2 class=\"wp-block-heading\"><div class=\"linha-header\"><strong>Pesquisa ao acervo<\/strong><\/div><\/h2>\n\n\n\n<p><strong>Onde acessar o cat\u00e1logo com os materiais bibliogr\u00e1ficos das bibliotecas?&nbsp;<\/strong><\/p>\n\n\n\n<p>No website da biblioteca pelo menu&nbsp;<a href=\"https:\/\/sigaa.ufpb.br\/sigaa\/public\/biblioteca\/buscaPublicaAcervo.jsf?aba=p-biblioteca\" target=\"_blank\" rel=\"noreferrer noopener\">Cat\u00e1logo SIGAA<\/a>&nbsp;ou no&nbsp;<a href=\"http:\/\/sigaa.ufpb.br\/sigaa\/logon.jsf\" target=\"_blank\" rel=\"noreferrer noopener\">SIGAA,<\/a>&nbsp;no m\u00f3dulo biblioteca, utilizando-se das op\u00e7\u00f5es \u201cPesquisar material bibliogr\u00e1fico\u201d e\/ou &#8220;Pesquisar artigo no acervo&#8221;.<\/p>\n\n\n\n<p><strong>Como localizar o material bibliogr\u00e1fico que preciso?<\/strong><\/p>\n\n\n\n<p>Por meio da busca no&nbsp;<a href=\"https:\/\/sigaa.ufpb.br\/sigaa\/public\/biblioteca\/buscaPublicaAcervo.jsf?aba=p-biblioteca\" target=\"_blank\" rel=\"noreferrer noopener\">cat\u00e1logo<\/a>, preenchendo todos ou algum dos campos de pesquisa: autor, t\u00edtulo e\/ou assunto. Importa esclarecer que o sistema n\u00e3o diferencia caracteres mai\u00fasculos e min\u00fasculos nem acentos. Por exemplo, o termo bibliogr\u00e1fico recupera registros com as palavras: bibliografico, Bibliografico, Bibliogr\u00e1fico, BIBLIOGRAFICO e BIBLIOGR\u00c1FICO.<\/p>\n\n\n\n<p><strong>Como encontrar os livros nas estantes da biblioteca do CCEN?&nbsp;<\/strong><\/p>\n\n\n\n<p>Ap\u00f3s a busca no&nbsp;<a href=\"https:\/\/sigaa.ufpb.br\/sigaa\/public\/biblioteca\/buscaPublicaAcervo.jsf?aba=p-biblioteca\" target=\"_blank\" rel=\"noreferrer noopener\">cat\u00e1logo da biblioteca<\/a>, o sistema ir\u00e1 recuperar alguns t\u00edtulos que aparecer\u00e3o abaixo da tela de busca. A partir dos resultados recuperados voc\u00ea dever\u00e1 clicar na lupa que aparece \u00e0 direita. A tela seguinte que se abrir\u00e1 ir\u00e1 trazer a Biblioteca na qual o material est\u00e1 localizado, junto a sua localiza\u00e7\u00e3o (Ex: 657.1 C146p). A localiza\u00e7\u00e3o \u00e9 o endere\u00e7o do livro nas estantes. Por isso, \u00e9 importante anotar o n\u00famero de chamada, para ent\u00e3o ir busc\u00e1-los nas estantes da biblioteca.<\/p>\n\n\n\n<h2 class=\"wp-block-heading\"><div class=\"linha-header\"><strong>Empr\u00e9stimo\/renova\u00e7\u00e3o de materiais<\/strong><\/div><\/h2>\n\n\n\n<p><strong>Quem pode utilizar o servi\u00e7o de empr\u00e9stimo de materiais bibliogr\u00e1ficos?<\/strong><\/p>\n\n\n\n<p>Discentes (alunos), pessoal docente (professores) e pessoal t\u00e9cnico-administrativo (funcion\u00e1rios) da UFPB.<\/p>\n\n\n\n<p><strong>Quantos materiais podem ser emprestados para os usu\u00e1rios? E por quanto tempo?<\/strong><\/p>\n\n\n\n<p>Pessoal docente (professores) at\u00e9 10 livros, com prazo de 20 dias para devolu\u00e7\u00e3o; discentes (alunos) e pessoal t\u00e9cnico-administrativo (funcion\u00e1rios) at\u00e9 6 livros, com 20 dias para devolu\u00e7\u00e3o.<\/p>\n\n\n\n<p><strong>Posso devolver os materiais e deixar multa pendente?<\/strong><\/p>\n\n\n\n<p>Sim.<\/p>\n\n\n\n<p><strong>Outra pessoa pode fazer a devolu\u00e7\u00e3o dos materiais que est\u00e3o em meu nome?<\/strong><\/p>\n\n\n\n<p>Sim.<\/p>\n\n\n\n<p><strong>Quando e por quanto tempo posso renovar os materiais emprestados?<\/strong><\/p>\n\n\n\n<p>A renova\u00e7\u00e3o poder\u00e1 ser feita a qualquer momento ap\u00f3s o empr\u00e9stimo, uma \u00fanica vez, pelo m\u00f3dulo biblioteca, dispon\u00edvel no SIGAA, com dura\u00e7\u00e3o de 20 dias a partir da data da renova\u00e7\u00e3o.<\/p>\n\n\n\n<p><strong>Posso fazer empr\u00e9stimos em outras bibliotecas setoriais?<\/strong><\/p>\n\n\n\n<p>Sim. Pode retirar materiais em todas as bibliotecas do&nbsp;<a href=\"https:\/\/biblioteca.ufpb.br\/biblioteca\/contents\/menu\/biblioteca-1\/copy_of_sistemoteca\" target=\"_blank\" rel=\"noreferrer noopener\">Sistema de Bibliotecas<\/a>&nbsp;da UFPB que utilizam empr\u00e9stimo pelo SIGAA.<\/p>\n\n\n\n<p><strong>Posso devolver materiais em outras bibliotecas da UFPB?<\/strong><\/p>\n\n\n\n<p>N\u00e3o. Os materiais devem ser devolvidos na mesma biblioteca que foram retirados.<\/p>\n\n\n\n<p><strong>Serei avisado do vencimento do prazo do empr\u00e9stimo?<\/strong><\/p>\n\n\n\n<p>Sim. O&nbsp;<a href=\"https:\/\/sigaa.ufpb.br\/sigaa\/logon.jsf\" target=\"_blank\" rel=\"noreferrer noopener\">SIGAA<\/a>&nbsp;envia um e-mail comunicando. Por\u00e9m, a Superintend\u00eancia de Tecnologia da Informa\u00e7\u00e3o (STI) n\u00e3o se responsabiliza pelo n\u00e3o recebimento do e-mail por motivos t\u00e9cnicos.<\/p>\n\n\n\n<p class=\" \"><strong>Qual o procedimento para pagamento de multa e regulariza\u00e7\u00e3o de d\u00e9bitos com as bibliotecas?<\/strong><\/p>\n\n\n\n<p>No&nbsp;<a href=\"http:\/\/sigaa.ufpb.br\/sigaa\/logon.jsf\" target=\"_blank\" rel=\"noreferrer noopener\">SIGAA<\/a>: Biblioteca &gt; Empr\u00e9stimos &gt; Imprimir GRU para Pagamento de Multas.<br>Voc\u00ea dever\u00e1 pagar a GRU e aguardar um per\u00edodo de, no m\u00e1ximo, 48h \u00fateis para o sistema reconhecer o pagamento.<\/p>\n\n\n\n<p class=\" \"><strong>Estou com multa pendente, posso realizar empr\u00e9stimo ou renova\u00e7\u00e3o de materiais?<\/strong><\/p>\n\n\n\n<p class=\" \">N\u00e3o.<\/p>\n\n\n\n<p class=\" \"><strong>Posso solicitar a reserva de algum material bibliogr\u00e1fico?<\/strong><\/p>\n\n\n\n<p>N\u00e3o. O Sistema de Bibliotecas da UFPB n\u00e3o tem op\u00e7\u00e3o de reserva de materiais bibliogr\u00e1ficos.<\/p>\n\n\n\n<p><strong>Usu\u00e1rios (as) sem v\u00ednculo com a UFPB podem efetuar empr\u00e9stimos?<\/strong><\/p>\n\n\n\n<p>N\u00e3o. Os empr\u00e9stimos s\u00e3o efetuados para quem tem v\u00ednculo ativo com a UFPB.<\/p>\n\n\n\n<p><strong>Quando \u00e9 encerrado o cadastro na Biblioteca?<\/strong><\/p>\n\n\n\n<p>O cadastro encerra-se ao t\u00e9rmino do curso ou quando \u00e9 realizado o encerramento do v\u00ednculo no SIGAA\/Biblioteca. Veja&nbsp;<a href=\"http:\/\/plone.ufpb.br\/bsccen\/contents\/paginas\/servicos\/encerramento-de-vinculo-com-as-bibliotecas\">como encerrar o v\u00ednculo e retirar a declara\u00e7\u00e3o de encerramento (nada consta).<\/a><\/p>\n\n\n\n<p><strong>Posso realizar renova\u00e7\u00e3o de material se estiver com alguma pend\u00eancia no cadastro?<\/strong><\/p>\n\n\n\n<p>N\u00e3o. A renova\u00e7\u00e3o s\u00f3 \u00e9 realizada se estiver sem pend\u00eancias.<\/p>\n\n\n\n<h2 class=\"wp-block-heading\"><div class=\"linha-header\"><strong>Acesso aos portais de pesquisa e bases de dados<\/strong><\/div><\/h2>\n\n\n\n<p><strong>O que s\u00e3o portais de pesquisa e bases de dados?<\/strong><\/p>\n\n\n\n<p>S\u00e3o plataformas digitais que disponibilizam livros, peri\u00f3dicos, teses, disserta\u00e7\u00f5es e trabalhos de conclus\u00e3o de curso em formato digital.<\/p>\n\n\n\n<p><strong>Como acesso o conte\u00fado digital?<\/strong><\/p>\n\n\n\n<p>O conte\u00fado digital disponibilizado para acesso \u00e0 comunidade acad\u00eamica da UFPB \u00e9 realizado de diferentes formas, conforme vemos&nbsp;<a href=\"http:\/\/plone.ufpb.br\/bsccen\/contents\/paginas\/portais-de-pesquisa-e-bases-de-dados\">aqui.<\/a>&nbsp;O conte\u00fado pode ser acessado na rede UFPB ou remotamente em qualquer lugar do mundo.&nbsp;<\/p>\n\n\n\n<p><strong>Quem pode acessar o conte\u00fado digital remotamente?<\/strong><\/p>\n\n\n\n<p>Discentes (alunos), pessoal docente (professores) e pessoal t\u00e9cnico-administrativo da UFPB.<\/p>\n\n\n\n<p><strong>Como posso acessar os portais de pesquisa e bases de dados de casa?<\/strong><\/p>\n\n\n\n<p>Para utilizar o servi\u00e7o basta fazer o&nbsp;<em>download<\/em>&nbsp;da vers\u00e3o mais recente do&nbsp;<a href=\"http:\/\/www.nti.ufpb.br\/proxyufpb\/firefox_ufpb.html\" target=\"_blank\" rel=\"noreferrer noopener\">Firefox UFPB&nbsp;<\/a>e utilizar as mesmas credenciais (usu\u00e1rio e senha) do SIGAA. No caso da Minha Biblioteca e da Biblioteca Virtual Pearson, basta entrar pelo SIGAA &gt; Pesquisar Livros e Bases Digitais.<\/p>\n\n\n\n<h2 class=\"wp-block-heading\"><div class=\"linha-header\"><strong>Ficha Catalogr\u00e1fica<\/strong><\/div><\/h2>\n\n\n\n<p class=\" \"><strong>Como fa\u00e7o para gerar a ficha catalogr\u00e1fica do meu TCC, tese ou disserta\u00e7\u00e3o?<\/strong><\/p>\n\n\n\n<p class=\" \">Atrav\u00e9s do&nbsp;<a href=\"https:\/\/sigaa.ufpb.br\/sigaa\/logon.jsf\" target=\"_blank\" rel=\"noreferrer noopener\">SIGAA<\/a>, no m\u00f3dulo biblioteca. Entre na op\u00e7\u00e3o &#8220;Ficha catalogr\u00e1fica&#8221; e preencha os campos com dados do seu trabalho e aguarde a valida\u00e7\u00e3o da ficha pelas bibliotec\u00e1rias. Veja tutorial&nbsp;<a href=\"http:\/\/plone.ufpb.br\/bsccen\/contents\/paginas\/servicos\/ficha-catalografica\">aqui<\/a>.<\/p>\n\n\n\n<h2 class=\"wp-block-heading\"><div class=\"linha-header\"><strong>Dep\u00f3sito (entrega) de TCC, Teses ou Disserta\u00e7\u00f5es<\/strong><\/div><\/h2>\n\n\n\n<p><strong>Como realizar o dep\u00f3sito (entrega) do meu TCC (Trabalho de Conclus\u00e3o de Curso) na Biblioteca Setorial do CCEN?<\/strong><\/p>\n\n\n\n<p>Seguindo as orienta\u00e7\u00f5es para dep\u00f3sito de TCC da Biblioteca Setorial do TCC, dispon\u00edveis&nbsp;<a href=\"http:\/\/plone.ufpb.br\/bsccen\/contents\/paginas\/servicos\/orientacoes-para-deposito-de-tcc\">aqui.<\/a><\/p>\n\n\n\n<p><strong>Como realizar dep\u00f3sito (entrega) de tese e\/ou disserta\u00e7\u00e3o na Biblioteca Central?<\/strong><\/p>\n\n\n\n<p>Seguindo as orienta\u00e7\u00f5es para dep\u00f3sito de teses e disserta\u00e7\u00f5es&nbsp;<a href=\"http:\/\/www.biblioteca.ufpb.br\/biblioteca\/contents\/menu\/biblioteca-1\/copy_of_servicos\/bdtd-orientacoes-para-publicacao\" target=\"_blank\" rel=\"noreferrer noopener\">aqui.<\/a><\/p>\n","protected":false},"excerpt":{"rendered":"<p>Pesquisa ao acervo Onde acessar o cat\u00e1logo com os materiais bibliogr\u00e1ficos das bibliotecas?&nbsp; No website [&hellip;]<\/p>\n","protected":false},"author":47,"featured_media":0,"parent":0,"menu_order":0,"comment_status":"closed","ping_status":"closed","template":"","meta":{"footnotes":""},"class_list":["post-27","page","type-page","status-publish","hentry"],"_links":{"self":[{"href":"https:\/\/www.ccen.ufpb.br\/bsccen\/wp-json\/wp\/v2\/pages\/27","targetHints":{"allow":["GET"]}}],"collection":[{"href":"https:\/\/www.ccen.ufpb.br\/bsccen\/wp-json\/wp\/v2\/pages"}],"about":[{"href":"https:\/\/www.ccen.ufpb.br\/bsccen\/wp-json\/wp\/v2\/types\/page"}],"author":[{"embeddable":true,"href":"https:\/\/www.ccen.ufpb.br\/bsccen\/wp-json\/wp\/v2\/users\/47"}],"replies":[{"embeddable":true,"href":"https:\/\/www.ccen.ufpb.br\/bsccen\/wp-json\/wp\/v2\/comments?post=27"}],"version-history":[{"count":1,"href":"https:\/\/www.ccen.ufpb.br\/bsccen\/wp-json\/wp\/v2\/pages\/27\/revisions"}],"predecessor-version":[{"id":28,"href":"https:\/\/www.ccen.ufpb.br\/bsccen\/wp-json\/wp\/v2\/pages\/27\/revisions\/28"}],"wp:attachment":[{"href":"https:\/\/www.ccen.ufpb.br\/bsccen\/wp-json\/wp\/v2\/media?parent=27"}],"curies":[{"name":"wp","href":"https:\/\/api.w.org\/{rel}","templated":true}]}}