{"id":25,"date":"2026-04-20T10:22:23","date_gmt":"2026-04-20T13:22:23","guid":{"rendered":"https:\/\/www.ccen.ufpb.br\/bsccen\/?page_id=25"},"modified":"2026-04-20T10:22:23","modified_gmt":"2026-04-20T13:22:23","slug":"portais-de-pesquisa","status":"publish","type":"page","link":"https:\/\/www.ccen.ufpb.br\/bsccen\/portais-de-pesquisa\/","title":{"rendered":"Portais de pesquisa"},"content":{"rendered":"\n<p><a href=\"https:\/\/sigaa.ufpb.br\/sigaa\/logon.jsf\">Minha Biblioteca<\/a><\/p>\n\n\n\n<p>Base de livros eletr\u00f4nicos, em l\u00edngua portuguesa que re\u00fane milhares de t\u00edtulos acad\u00eamicos nas diversas \u00e1reas do conhecimento.<\/p>\n\n\n\n<p><a href=\"https:\/\/www.periodicos.capes.gov.br\/\">Portal de peri\u00f3dicos Capes<\/a><\/p>\n\n\n\n<p>Biblioteca virtual que re\u00fane e disponibiliza \u00e0s institui\u00e7\u00f5es de ensino e pesquisa no Brasil a produ\u00e7\u00e3o cient\u00edfica nacional e internacional.\u00a0<\/p>\n\n\n\n<p><a href=\"https:\/\/www.gedweb.com.br\/ufpb\/\">Target GEDWeb<\/a><\/p>\n\n\n\n<p>Sistema de gest\u00e3o de normas e documentos regulat\u00f3rios, disponibiliza Normas Brasileiras (NBR) da Associa\u00e7\u00e3o Brasileira de Normas T\u00e9cnicas (ABNT). Al\u00e9m de Normas Internacionais, O Di\u00e1rio Oficial da Uni\u00e3o e documentos regulat\u00f3rios do INMETRO, MTE, ANEL, ONS, ANVISA, MAPA e CONAMA.\u00a0<\/p>\n\n\n\n<p><a href=\"https:\/\/educapes.capes.gov.br\/\">EduCAPES<\/a><\/p>\n\n\n\n<p>Portal que compila conte\u00fados educacionais abertos e disponibiliza atrav\u00e9s do reposit\u00f3rio de objetos de aprendizagem, material did\u00e1tico dos cursos do sistema da Universidade Aberta do Brasil (UAB).<\/p>\n\n\n\n<p><a href=\"https:\/\/repositorio.ufpb.br\/jspui\/\">Reposit\u00f3rio Institucional da UFPB<\/a><\/p>\n\n\n\n<p>Disponibiliza produ\u00e7\u00f5es acad\u00eamicas dos discentes da Universidade Federal da Para\u00edba (monografias, TCCs, relat\u00f3rios de Conclus\u00e3o de Curso), al\u00e9m da Biblioteca Digital Brasileira de Teses e Disserta\u00e7\u00f5es (BDTD), que integra os sistemas de informa\u00e7\u00e3o de teses e disserta\u00e7\u00f5es existentes nas institui\u00e7\u00f5es de ensino e pesquisa brasileiras.\u00a0<\/p>\n\n\n\n<p><a href=\"https:\/\/periodicos.ufpb.br\/ojs2\">Portal de Peri\u00f3dicos da UFPB<\/a><\/p>\n\n\n\n<p>Disponibiliza os peri\u00f3dicos cient\u00edficos elaborados ou gerenciados pelos pesquisadores da institui\u00e7\u00e3o para a comunidade cient\u00edfica nacional e internacional.\u00a0<\/p>\n\n\n\n<p><a href=\"https:\/\/www.gov.br\/inpe\/pt-br\/area-conhecimento\/biblioteca\/acervo-digital\/acesso-cafe\">CAFe<\/a><\/p>\n\n\n\n<p>Comunidade Acad\u00eamica Federada &#8211; servi\u00e7o de gest\u00e3o de identidade que re\u00fane institui\u00e7\u00f5es de ensino e pesquisa brasileiras atrav\u00e9s da integra\u00e7\u00e3o de suas bases de dados. Dentre os servi\u00e7os oferecidos est\u00e3o: Peri\u00f3dicos CAPES, EBSCOhost, video@rnp, videoaula@rnp, Geni, Gisela, Atlases, ESR, Filesender, ORCID, OTRS, RICeVI e vTest.\u00a0\u00a0<\/p>\n","protected":false},"excerpt":{"rendered":"<p>Minha Biblioteca Base de livros eletr\u00f4nicos, em l\u00edngua portuguesa que re\u00fane milhares de t\u00edtulos acad\u00eamicos [&hellip;]<\/p>\n","protected":false},"author":47,"featured_media":0,"parent":0,"menu_order":0,"comment_status":"closed","ping_status":"closed","template":"","meta":{"footnotes":""},"class_list":["post-25","page","type-page","status-publish","hentry"],"_links":{"self":[{"href":"https:\/\/www.ccen.ufpb.br\/bsccen\/wp-json\/wp\/v2\/pages\/25","targetHints":{"allow":["GET"]}}],"collection":[{"href":"https:\/\/www.ccen.ufpb.br\/bsccen\/wp-json\/wp\/v2\/pages"}],"about":[{"href":"https:\/\/www.ccen.ufpb.br\/bsccen\/wp-json\/wp\/v2\/types\/page"}],"author":[{"embeddable":true,"href":"https:\/\/www.ccen.ufpb.br\/bsccen\/wp-json\/wp\/v2\/users\/47"}],"replies":[{"embeddable":true,"href":"https:\/\/www.ccen.ufpb.br\/bsccen\/wp-json\/wp\/v2\/comments?post=25"}],"version-history":[{"count":1,"href":"https:\/\/www.ccen.ufpb.br\/bsccen\/wp-json\/wp\/v2\/pages\/25\/revisions"}],"predecessor-version":[{"id":26,"href":"https:\/\/www.ccen.ufpb.br\/bsccen\/wp-json\/wp\/v2\/pages\/25\/revisions\/26"}],"wp:attachment":[{"href":"https:\/\/www.ccen.ufpb.br\/bsccen\/wp-json\/wp\/v2\/media?parent=25"}],"curies":[{"name":"wp","href":"https:\/\/api.w.org\/{rel}","templated":true}]}}