{"id":977,"date":"2021-08-09T17:33:26","date_gmt":"2021-08-09T20:33:26","guid":{"rendered":"http:\/\/www.ccen.ufpb.br\/museubiologia\/?page_id=977"},"modified":"2021-09-14T11:38:04","modified_gmt":"2021-09-14T14:38:04","slug":"aracnideos-e-miriapodes","status":"publish","type":"page","link":"http:\/\/www.ccen.ufpb.br\/museubiologia\/aracnideos-e-miriapodes\/","title":{"rendered":"Aracn\u00eddeos e Miri\u00e1podes"},"content":{"rendered":"\t\t<div data-elementor-type=\"wp-page\" data-elementor-id=\"977\" class=\"elementor elementor-977\" data-elementor-settings=\"[]\">\n\t\t\t\t\t\t<div class=\"elementor-inner\">\n\t\t\t\t\t\t\t<div class=\"elementor-section-wrap\">\n\t\t\t\t\t\t\t<section class=\"elementor-section elementor-top-section elementor-element elementor-element-3afa59bc elementor-section-boxed elementor-section-height-default elementor-section-height-default\" data-id=\"3afa59bc\" data-element_type=\"section\" data-settings=\"{&quot;background_background&quot;:&quot;classic&quot;}\">\n\t\t\t\t\t\t\t<div class=\"elementor-background-overlay\"><\/div>\n\t\t\t\t\t\t\t<div class=\"elementor-container elementor-column-gap-no\">\n\t\t\t\t\t\t\t<div class=\"elementor-row\">\n\t\t\t\t\t<div class=\"elementor-column elementor-col-100 elementor-top-column elementor-element elementor-element-71224a0\" data-id=\"71224a0\" data-element_type=\"column\">\n\t\t\t<div class=\"elementor-column-wrap elementor-element-populated\">\n\t\t\t\t\t\t\t<div class=\"elementor-widget-wrap\">\n\t\t\t\t\t\t\t\t<\/div>\n\t\t\t\t\t<\/div>\n\t\t<\/div>\n\t\t\t\t\t\t\t\t<\/div>\n\t\t\t\t\t<\/div>\n\t\t<\/section>\n\t\t\t\t<section class=\"elementor-section elementor-top-section elementor-element elementor-element-209de97 elementor-hidden-desktop elementor-hidden-tablet elementor-hidden-phone elementor-section-boxed elementor-section-height-default elementor-section-height-default\" data-id=\"209de97\" data-element_type=\"section\">\n\t\t\t\t\t\t<div class=\"elementor-container elementor-column-gap-no\">\n\t\t\t\t\t\t\t<div class=\"elementor-row\">\n\t\t\t\t\t<div class=\"elementor-column elementor-col-100 elementor-top-column elementor-element elementor-element-12c81de\" data-id=\"12c81de\" data-element_type=\"column\">\n\t\t\t<div class=\"elementor-column-wrap elementor-element-populated\">\n\t\t\t\t\t\t\t<div class=\"elementor-widget-wrap\">\n\t\t\t\t\t\t<div class=\"elementor-element elementor-element-28d0563 elementor-aspect-ratio-169 elementor-widget elementor-widget-video\" data-id=\"28d0563\" data-element_type=\"widget\" data-settings=\"{&quot;aspect_ratio&quot;:&quot;169&quot;}\" data-widget_type=\"video.default\">\n\t\t\t\t<div class=\"elementor-widget-container\">\n\t\t\t\t\t<div class=\"elementor-wrapper elementor-fit-aspect-ratio elementor-open-inline\">\n\t\t\t<iframe class=\"elementor-video-iframe\" allowfullscreen title=\"Player de V\u00eddeo youtube\" src=\"https:\/\/www.youtube.com\/embed\/sVnfv3-SeuU?feature=oembed&amp;start&amp;end&amp;wmode=opaque&amp;loop=0&amp;controls=1&amp;mute=0&amp;rel=0&amp;modestbranding=0\"><\/iframe>\t\t<\/div>\n\t\t\t\t<\/div>\n\t\t\t\t<\/div>\n\t\t\t\t\t\t<\/div>\n\t\t\t\t\t<\/div>\n\t\t<\/div>\n\t\t\t\t\t\t\t\t<\/div>\n\t\t\t\t\t<\/div>\n\t\t<\/section>\n\t\t\t\t<section class=\"elementor-section elementor-top-section elementor-element elementor-element-1b805e1 elementor-section-boxed elementor-section-height-default elementor-section-height-default\" data-id=\"1b805e1\" data-element_type=\"section\">\n\t\t\t\t\t\t<div class=\"elementor-container elementor-column-gap-no\">\n\t\t\t\t\t\t\t<div class=\"elementor-row\">\n\t\t\t\t\t<div class=\"elementor-column elementor-col-50 elementor-top-column elementor-element elementor-element-1cd931d\" data-id=\"1cd931d\" data-element_type=\"column\">\n\t\t\t<div class=\"elementor-column-wrap elementor-element-populated\">\n\t\t\t\t\t\t\t<div class=\"elementor-widget-wrap\">\n\t\t\t\t\t\t<div class=\"elementor-element elementor-element-81c42b5 elementor-widget elementor-widget-heading\" data-id=\"81c42b5\" data-element_type=\"widget\" data-widget_type=\"heading.default\">\n\t\t\t\t<div class=\"elementor-widget-container\">\n\t\t\t<h2 class=\"elementor-heading-title elementor-size-default\">Nossa Cole\u00e7\u00e3o<\/h2>\t\t<\/div>\n\t\t\t\t<\/div>\n\t\t\t\t<div class=\"elementor-element elementor-element-aeee536 elementor-widget elementor-widget-text-editor\" data-id=\"aeee536\" data-element_type=\"widget\" data-widget_type=\"text-editor.default\">\n\t\t\t\t<div class=\"elementor-widget-container\">\n\t\t\t\t\t<div class=\"elementor-text-editor elementor-clearfix\">A Cole\u00e7\u00e3o de Aracn\u00eddeos e Miri\u00e1podes da UFPB cont\u00e9m mais de 3600 lotes tombados (cada lote pode conter de um a mais de 10 esp\u00e9cimes) e aproximadamente 3000 n\u00e3o tombados de aranhas, opili\u00f5es, escorpi\u00f5es, outras ordens de aracn\u00eddeos, miri\u00e1podes, ou seja, embu\u00e1s, piolhos-de-cobra, lacraias e centopeias, e onic\u00f3foros. Ela foi iniciada pela Profa. Paula Frassinete Lins Duarte nos anos 60 com as aranhas da Caatinga, mas atualmente foi ampliada para outros t\u00e1xons e \u00e1reas geogr\u00e1ficas.\r\n<br><br>\r\nEla tem bastante relev\u00e2ncia regional e, para alguns t\u00e1xons, uma relev\u00e2ncia nacional, j\u00e1 que o Nordeste brasileiro \u00e9 pouco conhecido sobre a sua biodiversidade. Os animais depositados na cole\u00e7\u00e3o tem sido usados para pesquisas cient\u00edficas em sistem\u00e1tica, biogeografia, gen\u00e9tica e ecologia, principalmente da Mata Atl\u00e2ntica. Tamb\u00e9m est\u00e3o depositados alguns tipos (esp\u00e9cimes de refer\u00eancia) de esp\u00e9cies novas. Possui grande quantidade de esp\u00e9cies end\u00eamicas e raras do nordeste brasileiro, o que aumenta a sua import\u00e2ncia, destacando-se nesse quesito os opili\u00f5es da Mata Atl\u00e2ntica, que tem sido o foco de pesquisa na cole\u00e7\u00e3o.\r\n<br><br>\r\nOs aracn\u00eddeos de import\u00e2ncia m\u00e9dica, ou seja, aranhas e escorpi\u00f5es que causam acidentes nos humanos, s\u00e3o parte importante da cole\u00e7\u00e3o, pois podemos entender melhor esse aspecto da sa\u00fade humana. Esses exemplares, como os escorpi\u00f5es-amarelos, as vi\u00favas-negras e as aranhas-marrons, e o conhecimento sobre estes animais s\u00e3o utilizados em projetos de extens\u00e3o e educa\u00e7\u00e3o.\r\n<br><br>\r\nO curador da cole\u00e7\u00e3o \u00e9 o Prof. Dr. Marcio Bernardino da Silva.<\/div>\n\t\t\t\t<\/div>\n\t\t\t\t<\/div>\n\t\t\t\t\t\t<\/div>\n\t\t\t\t\t<\/div>\n\t\t<\/div>\n\t\t\t\t<div class=\"elementor-column elementor-col-25 elementor-top-column elementor-element elementor-element-082c5c1\" data-id=\"082c5c1\" data-element_type=\"column\">\n\t\t\t<div class=\"elementor-column-wrap elementor-element-populated\">\n\t\t\t\t\t\t\t<div class=\"elementor-widget-wrap\">\n\t\t\t\t\t\t<div class=\"elementor-element elementor-element-b8d94b3 elementor-widget elementor-widget-spacer\" data-id=\"b8d94b3\" data-element_type=\"widget\" data-widget_type=\"spacer.default\">\n\t\t\t\t<div class=\"elementor-widget-container\">\n\t\t\t\t\t<div class=\"elementor-spacer\">\n\t\t\t<div class=\"elementor-spacer-inner\"><\/div>\n\t\t<\/div>\n\t\t\t\t<\/div>\n\t\t\t\t<\/div>\n\t\t\t\t\t\t<\/div>\n\t\t\t\t\t<\/div>\n\t\t<\/div>\n\t\t\t\t<div class=\"elementor-column elementor-col-25 elementor-top-column elementor-element elementor-element-47b7aaa\" data-id=\"47b7aaa\" data-element_type=\"column\">\n\t\t\t<div class=\"elementor-column-wrap elementor-element-populated\">\n\t\t\t\t\t\t\t<div class=\"elementor-widget-wrap\">\n\t\t\t\t\t\t<div class=\"elementor-element elementor-element-283de79 elementor-widget elementor-widget-text-editor\" data-id=\"283de79\" data-element_type=\"widget\" id=\"colecao-info\" data-widget_type=\"text-editor.default\">\n\t\t\t\t<div class=\"elementor-widget-container\">\n\t\t\t\t\t<div class=\"elementor-text-editor elementor-clearfix\">6600 amostras<\/div>\n\t\t\t\t<\/div>\n\t\t\t\t<\/div>\n\t\t\t\t<div class=\"elementor-element elementor-element-1714679 elementor-widget elementor-widget-text-editor\" data-id=\"1714679\" data-element_type=\"widget\" id=\"colecao-info\" data-widget_type=\"text-editor.default\">\n\t\t\t\t<div class=\"elementor-widget-container\">\n\t\t\t\t\t<div class=\"elementor-text-editor elementor-clearfix\">Os aracn\u00eddeos e miri\u00e1podes do Nordeste s\u00e3o pouco conhecidos. Entretanto, cont\u00eam uma fauna end\u00eamica da Mata Atl\u00e2ntica e Caatinga, ou seja, esp\u00e9cies que n\u00e3o ocorrem em nenhum outro lugar do mundo.<\/div>\n\t\t\t\t<\/div>\n\t\t\t\t<\/div>\n\t\t\t\t\t\t<\/div>\n\t\t\t\t\t<\/div>\n\t\t<\/div>\n\t\t\t\t\t\t\t\t<\/div>\n\t\t\t\t\t<\/div>\n\t\t<\/section>\n\t\t\t\t<section class=\"elementor-section elementor-top-section elementor-element elementor-element-c3c19fa elementor-section-boxed elementor-section-height-default elementor-section-height-default\" data-id=\"c3c19fa\" data-element_type=\"section\">\n\t\t\t\t\t\t<div class=\"elementor-container elementor-column-gap-no\">\n\t\t\t\t\t\t\t<div class=\"elementor-row\">\n\t\t\t\t\t<div class=\"elementor-column elementor-col-100 elementor-top-column elementor-element elementor-element-f2c08cd\" data-id=\"f2c08cd\" data-element_type=\"column\" data-settings=\"{&quot;background_background&quot;:&quot;classic&quot;}\">\n\t\t\t<div class=\"elementor-column-wrap elementor-element-populated\">\n\t\t\t\t\t\t\t<div class=\"elementor-widget-wrap\">\n\t\t\t\t\t\t<div class=\"elementor-element elementor-element-4fb2311 elementor-widget elementor-widget-heading\" data-id=\"4fb2311\" data-element_type=\"widget\" data-widget_type=\"heading.default\">\n\t\t\t\t<div class=\"elementor-widget-container\">\n\t\t\t<h2 class=\"elementor-heading-title elementor-size-default\">Nossos Servi\u00e7os<\/h2>\t\t<\/div>\n\t\t\t\t<\/div>\n\t\t\t\t<div class=\"elementor-element elementor-element-18c861a elementor-grid-eael-col-3 elementor-grid-tablet-eael-col-2 elementor-grid-mobile-eael-col-1 elementor-widget elementor-widget-eael-post-grid\" data-id=\"18c861a\" data-element_type=\"widget\" data-settings=\"{&quot;eael_post_grid_columns&quot;:&quot;eael-col-3&quot;,&quot;eael_post_grid_columns_tablet&quot;:&quot;eael-col-2&quot;,&quot;eael_post_grid_columns_mobile&quot;:&quot;eael-col-1&quot;}\" data-widget_type=\"eael-post-grid.default\">\n\t\t\t\t<div class=\"elementor-widget-container\">\n\t\t\t<div id=\"eael-post-grid-18c861a\" class=\"eael-post-grid-container\">\n            <div class=\"eael-post-grid eael-post-appender eael-post-appender-18c861a eael-post-grid-style-default\" data-layout-mode=\"masonry\"><article class=\"eael-grid-post eael-post-grid-column\" data-id=\"1022\">\n        <div class=\"eael-grid-post-holder\">\n            <div class=\"eael-grid-post-holder-inner\"><div class=\"eael-entry-wrapper\"><header class=\"eael-entry-header\"><h2 class=\"eael-entry-title\"><a\n                        class=\"eael-grid-post-link\"\n                        href=\"http:\/\/www.ccen.ufpb.br\/museubiologia\/servicos\/para-pesquisa\/\"\n                        title=\"Para Pesquisa\"\n                        \n                        \n                        >Para Pesquisa<\/a><\/h2><\/header><div class=\"eael-entry-content\">\n                        <div class=\"eael-grid-post-excerpt\"><p>O pesquisador interessado em estudar exemplares da cole\u00e7\u00e3o pode fazer visitas, pedir informa\u00e7\u00f5es ou emprestar esp\u00e9cimes, entrando em contato com o curador (1940@uol.com.br).<\/p><\/div>\n                    <\/div><\/div><\/div>\n        <\/div>\n    <\/article><article class=\"eael-grid-post eael-post-grid-column\" data-id=\"1023\">\n        <div class=\"eael-grid-post-holder\">\n            <div class=\"eael-grid-post-holder-inner\"><div class=\"eael-entry-wrapper\"><header class=\"eael-entry-header\"><h2 class=\"eael-entry-title\"><a\n                        class=\"eael-grid-post-link\"\n                        href=\"http:\/\/www.ccen.ufpb.br\/museubiologia\/servicos\/para-ensino-extensao-4\/\"\n                        title=\"Para Ensino &#038; Extens\u00e3o\"\n                        \n                        \n                        >Para Ensino &#038; Extens\u00e3o<\/a><\/h2><\/header><div class=\"eael-entry-content\">\n                        <div class=\"eael-grid-post-excerpt\"><p>Apoio ao ensino, visitas com turmas, material para exposi\u00e7\u00e3o, entre outros.<\/p><\/div>\n                    <\/div><\/div><\/div>\n        <\/div>\n    <\/article><article class=\"eael-grid-post eael-post-grid-column\" data-id=\"1024\">\n        <div class=\"eael-grid-post-holder\">\n            <div class=\"eael-grid-post-holder-inner\"><div class=\"eael-entry-wrapper\"><header class=\"eael-entry-header\"><h2 class=\"eael-entry-title\"><a\n                        class=\"eael-grid-post-link\"\n                        href=\"http:\/\/www.ccen.ufpb.br\/museubiologia\/servicos\/para-empresas-4\/\"\n                        title=\"Para Empresas\"\n                        \n                        \n                        >Para Empresas<\/a><\/h2><\/header><div class=\"eael-entry-content\">\n                        <div class=\"eael-grid-post-excerpt\"><p>Servi\u00e7o de identifica\u00e7\u00e3o de esp\u00e9cimes, consultoria ambiental ou emiss\u00e3o de declara\u00e7\u00f5es de aceite e dep\u00f3sito de material biol\u00f3gico, contato com o departamento (chefia@dse.ufpb.br).<\/p><\/div>\n                    <\/div><\/div><\/div>\n        <\/div>\n    <\/article><\/div>\n            <div class=\"clearfix\"><\/div>\n        <\/div>\t\t<\/div>\n\t\t\t\t<\/div>\n\t\t\t\t\t\t<\/div>\n\t\t\t\t\t<\/div>\n\t\t<\/div>\n\t\t\t\t\t\t\t\t<\/div>\n\t\t\t\t\t<\/div>\n\t\t<\/section>\n\t\t\t\t<section class=\"elementor-section elementor-top-section elementor-element elementor-element-139ca5f elementor-section-boxed elementor-section-height-default elementor-section-height-default\" data-id=\"139ca5f\" data-element_type=\"section\">\n\t\t\t\t\t\t<div class=\"elementor-container elementor-column-gap-no\">\n\t\t\t\t\t\t\t<div class=\"elementor-row\">\n\t\t\t\t\t<div class=\"elementor-column elementor-col-100 elementor-top-column elementor-element elementor-element-e906f7c\" data-id=\"e906f7c\" data-element_type=\"column\">\n\t\t\t<div class=\"elementor-column-wrap elementor-element-populated\">\n\t\t\t\t\t\t\t<div class=\"elementor-widget-wrap\">\n\t\t\t\t\t\t<div class=\"elementor-element elementor-element-ded8f84 elementor-widget elementor-widget-heading\" data-id=\"ded8f84\" data-element_type=\"widget\" data-widget_type=\"heading.default\">\n\t\t\t\t<div class=\"elementor-widget-container\">\n\t\t\t<h2 class=\"elementor-heading-title elementor-size-default\">Colaboradores<\/h2>\t\t<\/div>\n\t\t\t\t<\/div>\n\t\t\t\t<div class=\"elementor-element elementor-element-20e42ad elementor-grid-eael-col-3 elementor-grid-tablet-eael-col-2 elementor-grid-mobile-eael-col-1 elementor-widget elementor-widget-eael-post-grid\" data-id=\"20e42ad\" data-element_type=\"widget\" data-settings=\"{&quot;eael_post_grid_columns&quot;:&quot;eael-col-3&quot;,&quot;eael_post_grid_columns_tablet&quot;:&quot;eael-col-2&quot;,&quot;eael_post_grid_columns_mobile&quot;:&quot;eael-col-1&quot;}\" data-widget_type=\"eael-post-grid.default\">\n\t\t\t\t<div class=\"elementor-widget-container\">\n\t\t\t<div id=\"eael-post-grid-20e42ad\" class=\"eael-post-grid-container\">\n            <div class=\"eael-post-grid eael-post-appender eael-post-appender-20e42ad eael-post-grid-style-default\" data-layout-mode=\"masonry\"><article class=\"eael-grid-post eael-post-grid-column\" data-id=\"1060\">\n        <div class=\"eael-grid-post-holder\">\n            <div class=\"eael-grid-post-holder-inner\"><div class=\"eael-entry-wrapper\"><header class=\"eael-entry-header\"><h2 class=\"eael-entry-title\"><a\n                        class=\"eael-grid-post-link\"\n                        href=\"http:\/\/www.ccen.ufpb.br\/museubiologia\/colaboradores\/marcio-bernardino-da-silva-2\/\"\n                        title=\"Marcio Bernardino da Silva\"\n                        \n                        \n                        >Marcio Bernardino da Silva<\/a><\/h2><\/header><\/div><\/div>\n        <\/div>\n    <\/article><\/div>\n            <div class=\"clearfix\"><\/div>\n        <\/div>\t\t<\/div>\n\t\t\t\t<\/div>\n\t\t\t\t\t\t<\/div>\n\t\t\t\t\t<\/div>\n\t\t<\/div>\n\t\t\t\t\t\t\t\t<\/div>\n\t\t\t\t\t<\/div>\n\t\t<\/section>\n\t\t\t\t\t\t<\/div>\n\t\t\t\t\t\t<\/div>\n\t\t\t\t\t<\/div>\n\t\t","protected":false},"excerpt":{"rendered":"<p>Nossa Cole\u00e7\u00e3o N\u00famero de amostras da cole\u00e7\u00e3o Fato interessante sobre a cole\u00e7\u00e3o Nossos Servi\u00e7os Para Pesquisa O pesquisador interessado em estudar exemplares da cole\u00e7\u00e3o pode fazer visitas, pedir informa\u00e7\u00f5es ou emprestar esp\u00e9cimes, entrando em contato com o curador (1940@uol.com.br). Para Ensino &#038; Extens\u00e3o Apoio ao ensino, visitas com turmas, material para exposi\u00e7\u00e3o, entre outros. Para [&hellip;]<\/p>\n","protected":false},"author":1,"featured_media":0,"parent":0,"menu_order":0,"comment_status":"closed","ping_status":"closed","template":"elementor_header_footer","meta":[],"yoast_head":"<!-- This site is optimized with the Yoast SEO plugin v15.1.1 - https:\/\/yoast.com\/wordpress\/plugins\/seo\/ -->\n<title>Aracn\u00eddeos e Miri\u00e1podes - Museu de Biodiversidade<\/title>\n<meta name=\"robots\" content=\"index, follow, max-snippet:-1, max-image-preview:large, max-video-preview:-1\" \/>\n<link rel=\"canonical\" href=\"http:\/\/www.ccen.ufpb.br\/museubiologia\/aracnideos-e-miriapodes\/\" \/>\n<meta property=\"og:locale\" content=\"pt_BR\" \/>\n<meta property=\"og:type\" content=\"article\" \/>\n<meta property=\"og:title\" content=\"Aracn\u00eddeos e Miri\u00e1podes - Museu de Biodiversidade\" \/>\n<meta property=\"og:description\" content=\"Nossa Cole\u00e7\u00e3o N\u00famero de amostras da cole\u00e7\u00e3o Fato interessante sobre a cole\u00e7\u00e3o Nossos Servi\u00e7os Para Pesquisa O pesquisador interessado em estudar exemplares da cole\u00e7\u00e3o pode fazer visitas, pedir informa\u00e7\u00f5es ou emprestar esp\u00e9cimes, entrando em contato com o curador (1940@uol.com.br). Para Ensino &#038; Extens\u00e3o Apoio ao ensino, visitas com turmas, material para exposi\u00e7\u00e3o, entre outros. Para [&hellip;]\" \/>\n<meta property=\"og:url\" content=\"http:\/\/www.ccen.ufpb.br\/museubiologia\/aracnideos-e-miriapodes\/\" \/>\n<meta property=\"og:site_name\" content=\"Museu de Biodiversidade\" \/>\n<meta property=\"article:modified_time\" content=\"2021-09-14T14:38:04+00:00\" \/>\n<meta name=\"twitter:card\" content=\"summary_large_image\" \/>\n<script type=\"application\/ld+json\" class=\"yoast-schema-graph\">{\"@context\":\"https:\/\/schema.org\",\"@graph\":[{\"@type\":\"Organization\",\"@id\":\"http:\/\/www.ccen.ufpb.br\/museubiologia\/#organization\",\"name\":\"Museu de Biologia\",\"url\":\"http:\/\/www.ccen.ufpb.br\/museubiologia\/\",\"sameAs\":[],\"logo\":{\"@type\":\"ImageObject\",\"@id\":\"http:\/\/www.ccen.ufpb.br\/museubiologia\/#logo\",\"inLanguage\":\"pt-BR\",\"url\":\"http:\/\/www.ccen.ufpb.br\/museubiologia\/wp-content\/uploads\/2020\/10\/museum.png\",\"width\":189,\"height\":168,\"caption\":\"Museu de Biologia\"},\"image\":{\"@id\":\"http:\/\/www.ccen.ufpb.br\/museubiologia\/#logo\"}},{\"@type\":\"WebSite\",\"@id\":\"http:\/\/www.ccen.ufpb.br\/museubiologia\/#website\",\"url\":\"http:\/\/www.ccen.ufpb.br\/museubiologia\/\",\"name\":\"Museu de Biodiversidade\",\"description\":\"\",\"publisher\":{\"@id\":\"http:\/\/www.ccen.ufpb.br\/museubiologia\/#organization\"},\"potentialAction\":[{\"@type\":\"SearchAction\",\"target\":\"http:\/\/www.ccen.ufpb.br\/museubiologia\/?s={search_term_string}\",\"query-input\":\"required name=search_term_string\"}],\"inLanguage\":\"pt-BR\"},{\"@type\":\"WebPage\",\"@id\":\"http:\/\/www.ccen.ufpb.br\/museubiologia\/aracnideos-e-miriapodes\/#webpage\",\"url\":\"http:\/\/www.ccen.ufpb.br\/museubiologia\/aracnideos-e-miriapodes\/\",\"name\":\"Aracn\\u00eddeos e Miri\\u00e1podes - Museu de Biodiversidade\",\"isPartOf\":{\"@id\":\"http:\/\/www.ccen.ufpb.br\/museubiologia\/#website\"},\"datePublished\":\"2021-08-09T20:33:26+00:00\",\"dateModified\":\"2021-09-14T14:38:04+00:00\",\"breadcrumb\":{\"@id\":\"http:\/\/www.ccen.ufpb.br\/museubiologia\/aracnideos-e-miriapodes\/#breadcrumb\"},\"inLanguage\":\"pt-BR\",\"potentialAction\":[{\"@type\":\"ReadAction\",\"target\":[\"http:\/\/www.ccen.ufpb.br\/museubiologia\/aracnideos-e-miriapodes\/\"]}]},{\"@type\":\"BreadcrumbList\",\"@id\":\"http:\/\/www.ccen.ufpb.br\/museubiologia\/aracnideos-e-miriapodes\/#breadcrumb\",\"itemListElement\":[{\"@type\":\"ListItem\",\"position\":1,\"item\":{\"@type\":\"WebPage\",\"@id\":\"http:\/\/www.ccen.ufpb.br\/museubiologia\/\",\"url\":\"http:\/\/www.ccen.ufpb.br\/museubiologia\/\",\"name\":\"In\\u00edcio\"}},{\"@type\":\"ListItem\",\"position\":2,\"item\":{\"@type\":\"WebPage\",\"@id\":\"http:\/\/www.ccen.ufpb.br\/museubiologia\/aracnideos-e-miriapodes\/\",\"url\":\"http:\/\/www.ccen.ufpb.br\/museubiologia\/aracnideos-e-miriapodes\/\",\"name\":\"Aracn\\u00eddeos e Miri\\u00e1podes\"}}]}]}<\/script>\n<!-- \/ Yoast SEO plugin. -->","_links":{"self":[{"href":"http:\/\/www.ccen.ufpb.br\/museubiologia\/wp-json\/wp\/v2\/pages\/977"}],"collection":[{"href":"http:\/\/www.ccen.ufpb.br\/museubiologia\/wp-json\/wp\/v2\/pages"}],"about":[{"href":"http:\/\/www.ccen.ufpb.br\/museubiologia\/wp-json\/wp\/v2\/types\/page"}],"author":[{"embeddable":true,"href":"http:\/\/www.ccen.ufpb.br\/museubiologia\/wp-json\/wp\/v2\/users\/1"}],"replies":[{"embeddable":true,"href":"http:\/\/www.ccen.ufpb.br\/museubiologia\/wp-json\/wp\/v2\/comments?post=977"}],"version-history":[{"count":6,"href":"http:\/\/www.ccen.ufpb.br\/museubiologia\/wp-json\/wp\/v2\/pages\/977\/revisions"}],"predecessor-version":[{"id":1137,"href":"http:\/\/www.ccen.ufpb.br\/museubiologia\/wp-json\/wp\/v2\/pages\/977\/revisions\/1137"}],"wp:attachment":[{"href":"http:\/\/www.ccen.ufpb.br\/museubiologia\/wp-json\/wp\/v2\/media?parent=977"}],"curies":[{"name":"wp","href":"https:\/\/api.w.org\/{rel}","templated":true}]}}